{"id":111,"date":"2023-06-06T15:18:49","date_gmt":"2023-06-06T15:18:49","guid":{"rendered":"https:\/\/gkkmarketing.com\/?page_id=111"},"modified":"2023-06-16T16:29:37","modified_gmt":"2023-06-16T16:29:37","slug":"industries","status":"publish","type":"page","link":"https:\/\/gkkmarketing.com\/es\/industries\/","title":{"rendered":"Industrias"},"content":{"rendered":"<div data-elementor-type=\"wp-page\" data-elementor-id=\"111\" class=\"elementor elementor-111\" data-elementor-post-type=\"page\">\n\t\t\t\t\t\t<section class=\"elementor-section elementor-top-section elementor-element elementor-element-79a8b1c3 elementor-section-items-stretch elementor-section-height-min-height elementor-section-boxed elementor-section-height-default elementor-invisible\" data-id=\"79a8b1c3\" data-element_type=\"section\" data-settings=\"{&quot;background_background&quot;:&quot;video&quot;,&quot;animation&quot;:&quot;fadeIn&quot;,&quot;background_play_on_mobile&quot;:&quot;yes&quot;,&quot;background_video_link&quot;:&quot;https:\\\/\\\/www.youtube.com\\\/watch?v=xtAOO4LUD7M&quot;,&quot;background_video_end&quot;:28}\">\n\t\t\t\t\t\t\t\t<div class=\"elementor-background-video-container\" aria-hidden=\"true\">\n\t\t\t\t\t\t\t\t\t\t\t\t\t<div class=\"elementor-background-video-embed\"><\/div>\n\t\t\t\t\t\t\t\t\t\t\t\t<\/div>\n\t\t\t\t\t\t\t\t\t<div class=\"elementor-background-overlay\"><\/div>\n\t\t\t\t\t\t\t<div class=\"elementor-container elementor-column-gap-default\">\n\t\t\t\t\t<div class=\"elementor-column elementor-col-50 elementor-top-column elementor-element elementor-element-7051c3b5\" data-id=\"7051c3b5\" data-element_type=\"column\">\n\t\t\t<div class=\"elementor-widget-wrap elementor-element-populated\">\n\t\t\t\t\t\t<div class=\"elementor-element elementor-element-27c33de9 elementor-headline--style-highlight elementor-widget elementor-widget-animated-headline\" data-id=\"27c33de9\" data-element_type=\"widget\" data-settings=\"{&quot;highlighted_text&quot;:&quot;Giant&quot;,&quot;marker&quot;:&quot;underline&quot;,&quot;headline_style&quot;:&quot;highlight&quot;,&quot;loop&quot;:&quot;yes&quot;,&quot;highlight_animation_duration&quot;:1200,&quot;highlight_iteration_delay&quot;:8000}\" data-widget_type=\"animated-headline.default\">\n\t\t\t\t<div class=\"elementor-widget-container\">\n\t\t\t\t\t\t\t<h2 class=\"elementor-headline\">\n\t\t\t\t\t<span class=\"elementor-headline-plain-text elementor-headline-text-wrapper\">No pensamos a lo grande, pensamos <\/span>\n\t\t\t\t<span class=\"elementor-headline-dynamic-wrapper elementor-headline-text-wrapper\">\n\t\t\t\t\t<span class=\"elementor-headline-dynamic-text elementor-headline-text-active\">en Gigante<\/span>\n\t\t\t\t<\/span>\n\t\t\t\t<\/h2>\n\t\t\t\t\t\t<\/div>\n\t\t\t\t<\/div>\n\t\t\t\t\t<\/div>\n\t\t<\/div>\n\t\t\t\t<div class=\"elementor-column elementor-col-50 elementor-top-column elementor-element elementor-element-eb963e4\" data-id=\"eb963e4\" data-element_type=\"column\">\n\t\t\t<div class=\"elementor-widget-wrap\">\n\t\t\t\t\t\t\t<\/div>\n\t\t<\/div>\n\t\t\t\t\t<\/div>\n\t\t<\/section>\n\t\t\t\t<section class=\"elementor-section elementor-top-section elementor-element elementor-element-5e09d05c elementor-hidden-phone elementor-section-boxed elementor-section-height-default elementor-section-height-default elementor-invisible\" data-id=\"5e09d05c\" data-element_type=\"section\" data-settings=\"{&quot;animation&quot;:&quot;fadeIn&quot;,&quot;animation_delay&quot;:300}\">\n\t\t\t\t\t\t<div class=\"elementor-container elementor-column-gap-default\">\n\t\t\t\t\t<div class=\"elementor-column elementor-col-100 elementor-top-column elementor-element elementor-element-38a1eeb4\" data-id=\"38a1eeb4\" data-element_type=\"column\">\n\t\t\t<div class=\"elementor-widget-wrap elementor-element-populated\">\n\t\t\t\t\t\t<section class=\"elementor-section elementor-inner-section elementor-element elementor-element-3cc07474 elementor-section-boxed elementor-section-height-default elementor-section-height-default\" data-id=\"3cc07474\" data-element_type=\"section\">\n\t\t\t\t\t\t<div class=\"elementor-container elementor-column-gap-default\">\n\t\t\t\t\t<div class=\"elementor-column elementor-col-100 elementor-inner-column elementor-element elementor-element-42d3cf1d\" data-id=\"42d3cf1d\" data-element_type=\"column\">\n\t\t\t<div class=\"elementor-widget-wrap elementor-element-populated\">\n\t\t\t\t\t\t<div class=\"elementor-element elementor-element-59f4846f elementor-invisible elementor-widget elementor-widget-heading\" data-id=\"59f4846f\" data-element_type=\"widget\" data-settings=\"{&quot;_animation&quot;:&quot;fadeIn&quot;,&quot;_animation_delay&quot;:150}\" data-widget_type=\"heading.default\">\n\t\t\t\t<div class=\"elementor-widget-container\">\n\t\t\t\t\t<h2 class=\"elementor-heading-title elementor-size-default\">INDUSTRIAS<\/h2>\t\t\t\t<\/div>\n\t\t\t\t<\/div>\n\t\t\t\t<div class=\"elementor-element elementor-element-5075bb35 elementor-invisible elementor-widget elementor-widget-text-editor\" data-id=\"5075bb35\" data-element_type=\"widget\" data-settings=\"{&quot;_animation&quot;:&quot;fadeIn&quot;,&quot;_animation_delay&quot;:250}\" data-widget_type=\"text-editor.default\">\n\t\t\t\t<div class=\"elementor-widget-container\">\n\t\t\t\t\t\t\t\t\t<p>Tenemos una gran presencia en el mercado, ya que atendemos a una amplia variedad de industrias y negocios en los que operamos, con muchas actividades de servicios de marketing llevadas a cabo internacionalmente para mejorar empresas, proyectos y tendencias.<\/p><p>Entendemos que obtener toda la informaci\u00f3n t\u00e9cnica para su negocio puede ser dif\u00edcil debido a la necesidad de gestionar m\u00faltiples horarios, zonas horarias, y el hecho de que algunas cosas est\u00e1n fuera de su control, es por eso que proporcionamos todas las herramientas, informaci\u00f3n y servicios de marketing, proporcion\u00e1ndole una soluci\u00f3n a cualquier problema que pueda surgir.<\/p>\t\t\t\t\t\t\t\t<\/div>\n\t\t\t\t<\/div>\n\t\t\t\t\t<\/div>\n\t\t<\/div>\n\t\t\t\t\t<\/div>\n\t\t<\/section>\n\t\t\t\t<div class=\"elementor-element elementor-element-212440b9 elementor-widget elementor-widget-spacer\" data-id=\"212440b9\" data-element_type=\"widget\" data-widget_type=\"spacer.default\">\n\t\t\t\t<div class=\"elementor-widget-container\">\n\t\t\t\t\t\t\t<div class=\"elementor-spacer\">\n\t\t\t<div class=\"elementor-spacer-inner\"><\/div>\n\t\t<\/div>\n\t\t\t\t\t\t<\/div>\n\t\t\t\t<\/div>\n\t\t\t\t<div class=\"elementor-element elementor-element-31c33cfa elementor-widget-divider--view-line elementor-widget elementor-widget-divider\" data-id=\"31c33cfa\" data-element_type=\"widget\" data-widget_type=\"divider.default\">\n\t\t\t\t<div class=\"elementor-widget-container\">\n\t\t\t\t\t\t\t<div class=\"elementor-divider\">\n\t\t\t<span class=\"elementor-divider-separator\">\n\t\t\t\t\t\t<\/span>\n\t\t<\/div>\n\t\t\t\t\t\t<\/div>\n\t\t\t\t<\/div>\n\t\t\t\t<div class=\"elementor-element elementor-element-6bc55f42 elementor-widget-divider--view-line elementor-widget elementor-widget-divider\" data-id=\"6bc55f42\" data-element_type=\"widget\" data-widget_type=\"divider.default\">\n\t\t\t\t<div class=\"elementor-widget-container\">\n\t\t\t\t\t\t\t<div class=\"elementor-divider\">\n\t\t\t<span class=\"elementor-divider-separator\">\n\t\t\t\t\t\t<\/span>\n\t\t<\/div>\n\t\t\t\t\t\t<\/div>\n\t\t\t\t<\/div>\n\t\t\t\t<section class=\"elementor-section elementor-inner-section elementor-element elementor-element-602cc9c elementor-section-boxed elementor-section-height-default elementor-section-height-default\" data-id=\"602cc9c\" data-element_type=\"section\">\n\t\t\t\t\t\t<div class=\"elementor-container elementor-column-gap-default\">\n\t\t\t\t\t<div class=\"elementor-column elementor-col-100 elementor-inner-column elementor-element elementor-element-87ecf51\" data-id=\"87ecf51\" data-element_type=\"column\">\n\t\t\t<div class=\"elementor-widget-wrap elementor-element-populated\">\n\t\t\t\t\t\t<div class=\"elementor-element elementor-element-637275a elementor-invisible elementor-widget elementor-widget-heading\" data-id=\"637275a\" data-element_type=\"widget\" data-settings=\"{&quot;_animation&quot;:&quot;fadeIn&quot;,&quot;_animation_delay&quot;:150}\" data-widget_type=\"heading.default\">\n\t\t\t\t<div class=\"elementor-widget-container\">\n\t\t\t\t\t<h3 class=\"elementor-heading-title elementor-size-default\">Industrias a las que servimos a nivel local<\/h3>\t\t\t\t<\/div>\n\t\t\t\t<\/div>\n\t\t\t\t<div class=\"elementor-element elementor-element-60362ba elementor-widget elementor-widget-text-editor\" data-id=\"60362ba\" data-element_type=\"widget\" data-widget_type=\"text-editor.default\">\n\t\t\t\t<div class=\"elementor-widget-container\">\n\t\t\t\t\t\t\t\t\t<ul><li>Contratistas<\/li><li>El\u00e9ctrico<\/li><li>Protecci\u00f3n contra incendios<\/li><li>Tarimas<\/li><li>Franquicias<\/li><li>Solar<\/li><li>Puerta de garaje<\/li><li>Constructores de viviendas<\/li><li>Calefacci\u00f3n, ventilaci\u00f3n y aire acondicionado<\/li><li>Paisajismo<\/li><li>En movimiento<\/li><li>Almacenamiento<\/li><li>Pintura<\/li><li>Control de plagas<\/li><li>Fontaner\u00eda<\/li><li>Remodelaci\u00f3n<\/li><li>Tejados<\/li><li>Ventanas y puertas<\/li><\/ul>\t\t\t\t\t\t\t\t<\/div>\n\t\t\t\t<\/div>\n\t\t\t\t\t<\/div>\n\t\t<\/div>\n\t\t\t\t\t<\/div>\n\t\t<\/section>\n\t\t\t\t<section class=\"elementor-section elementor-inner-section elementor-element elementor-element-a3d42fc elementor-section-boxed elementor-section-height-default elementor-section-height-default\" data-id=\"a3d42fc\" data-element_type=\"section\">\n\t\t\t\t\t\t<div class=\"elementor-container elementor-column-gap-default\">\n\t\t\t\t\t<div class=\"elementor-column elementor-col-100 elementor-inner-column elementor-element elementor-element-42fd258\" data-id=\"42fd258\" data-element_type=\"column\">\n\t\t\t<div class=\"elementor-widget-wrap elementor-element-populated\">\n\t\t\t\t\t\t<div class=\"elementor-element elementor-element-111681e elementor-invisible elementor-widget elementor-widget-heading\" data-id=\"111681e\" data-element_type=\"widget\" data-settings=\"{&quot;_animation&quot;:&quot;fadeIn&quot;,&quot;_animation_delay&quot;:150}\" data-widget_type=\"heading.default\">\n\t\t\t\t<div class=\"elementor-widget-container\">\n\t\t\t\t\t<h3 class=\"elementor-heading-title elementor-size-default\">Industrias a las que servimos en todo el mundo<\/h3>\t\t\t\t<\/div>\n\t\t\t\t<\/div>\n\t\t\t\t\t<\/div>\n\t\t<\/div>\n\t\t\t\t\t<\/div>\n\t\t<\/section>\n\t\t\t\t<section class=\"elementor-section elementor-inner-section elementor-element elementor-element-e2278bb elementor-section-boxed elementor-section-height-default elementor-section-height-default\" data-id=\"e2278bb\" data-element_type=\"section\">\n\t\t\t\t\t\t<div class=\"elementor-container elementor-column-gap-default\">\n\t\t\t\t\t<div class=\"elementor-column elementor-col-100 elementor-inner-column elementor-element elementor-element-1f45bef\" data-id=\"1f45bef\" data-element_type=\"column\">\n\t\t\t<div class=\"elementor-widget-wrap elementor-element-populated\">\n\t\t\t\t\t\t<div class=\"elementor-element elementor-element-debadd4 elementor-invisible elementor-widget elementor-widget-heading\" data-id=\"debadd4\" data-element_type=\"widget\" data-settings=\"{&quot;_animation&quot;:&quot;fadeIn&quot;,&quot;_animation_delay&quot;:150}\" data-widget_type=\"heading.default\">\n\t\t\t\t<div class=\"elementor-widget-container\">\n\t\t\t\t\t<h4 class=\"elementor-heading-title elementor-size-default\">Educaci\u00f3n y Finanzas<\/h4>\t\t\t\t<\/div>\n\t\t\t\t<\/div>\n\t\t\t\t<div class=\"elementor-element elementor-element-7302a49 elementor-widget elementor-widget-text-editor\" data-id=\"7302a49\" data-element_type=\"widget\" data-widget_type=\"text-editor.default\">\n\t\t\t\t<div class=\"elementor-widget-container\">\n\t\t\t\t\t\t\t\t\t<ul><li>Banco comunitario<\/li><li>Despacho de abogados<\/li><li>Cooperativa de cr\u00e9dito<\/li><li>Certificaciones en l\u00ednea<\/li><li>Aprendizaje online<\/li><\/ul>\t\t\t\t\t\t\t\t<\/div>\n\t\t\t\t<\/div>\n\t\t\t\t<div class=\"elementor-element elementor-element-5e0f2d6 elementor-widget-divider--view-line elementor-widget elementor-widget-divider\" data-id=\"5e0f2d6\" data-element_type=\"widget\" data-widget_type=\"divider.default\">\n\t\t\t\t<div class=\"elementor-widget-container\">\n\t\t\t\t\t\t\t<div class=\"elementor-divider\">\n\t\t\t<span class=\"elementor-divider-separator\">\n\t\t\t\t\t\t<\/span>\n\t\t<\/div>\n\t\t\t\t\t\t<\/div>\n\t\t\t\t<\/div>\n\t\t\t\t<div class=\"elementor-element elementor-element-d944a6e elementor-invisible elementor-widget elementor-widget-heading\" data-id=\"d944a6e\" data-element_type=\"widget\" data-settings=\"{&quot;_animation&quot;:&quot;fadeIn&quot;,&quot;_animation_delay&quot;:150}\" data-widget_type=\"heading.default\">\n\t\t\t\t<div class=\"elementor-widget-container\">\n\t\t\t\t\t<h4 class=\"elementor-heading-title elementor-size-default\">Salud\/Medicina<\/h4>\t\t\t\t<\/div>\n\t\t\t\t<\/div>\n\t\t\t\t<div class=\"elementor-element elementor-element-a415650 elementor-widget elementor-widget-text-editor\" data-id=\"a415650\" data-element_type=\"widget\" data-widget_type=\"text-editor.default\">\n\t\t\t\t<div class=\"elementor-widget-container\">\n\t\t\t\t\t\t\t\t\t<ul><li>Quiropr\u00e1ctico<\/li><li>Spa m\u00e9dico<\/li><li>Consejera y terapeuta<\/li><li>Residencias de ancianos<\/li><li>Dentista<\/li><li>Ortodoncista<\/li><li>M\u00e9dico a la carta<\/li><li>Ortopedia<\/li><li>Funeraria<\/li><li>Equipos de protecci\u00f3n individual<\/li><li>Gimnasio<\/li><li>Cirug\u00eda pl\u00e1stica<\/li><li>Sanidad<\/li><li>Atenci\u00f3n urgente\/Sala de emergencias<\/li><li>Hospital<\/li><li>Veterinario<\/li><\/ul>\t\t\t\t\t\t\t\t<\/div>\n\t\t\t\t<\/div>\n\t\t\t\t<div class=\"elementor-element elementor-element-7943652 elementor-widget-divider--view-line elementor-widget elementor-widget-divider\" data-id=\"7943652\" data-element_type=\"widget\" data-widget_type=\"divider.default\">\n\t\t\t\t<div class=\"elementor-widget-container\">\n\t\t\t\t\t\t\t<div class=\"elementor-divider\">\n\t\t\t<span class=\"elementor-divider-separator\">\n\t\t\t\t\t\t<\/span>\n\t\t<\/div>\n\t\t\t\t\t\t<\/div>\n\t\t\t\t<\/div>\n\t\t\t\t<div class=\"elementor-element elementor-element-7a7bbf1 elementor-invisible elementor-widget elementor-widget-heading\" data-id=\"7a7bbf1\" data-element_type=\"widget\" data-settings=\"{&quot;_animation&quot;:&quot;fadeIn&quot;,&quot;_animation_delay&quot;:150}\" data-widget_type=\"heading.default\">\n\t\t\t\t<div class=\"elementor-widget-container\">\n\t\t\t\t\t<h4 class=\"elementor-heading-title elementor-size-default\">Servicios a domicilio<\/h4>\t\t\t\t<\/div>\n\t\t\t\t<\/div>\n\t\t\t\t<div class=\"elementor-element elementor-element-63d5201 elementor-widget elementor-widget-text-editor\" data-id=\"63d5201\" data-element_type=\"widget\" data-widget_type=\"text-editor.default\">\n\t\t\t\t<div class=\"elementor-widget-container\">\n\t\t\t\t\t\t\t\t\t<ul><li>Reparaci\u00f3n de autom\u00f3viles<\/li><li>Empresa de limpieza<\/li><li>Reparaci\u00f3n de tel\u00e9fonos m\u00f3viles<\/li><li>Taller de reparaci\u00f3n de ordenadores<\/li><li>Empresa constructora<\/li><li>Empresa de mudanzas<\/li><li>Servicios de limpieza a fondo<\/li><li>Control de plagas<\/li><li>Electricista<\/li><li>Fontanero<\/li><li>Servicio de entrega de alimentos<\/li><li>Inmobiliario<\/li><li>Reparaci\u00f3n de puertas de garaje<\/li><li>Servicios de limpieza de restaurantes<\/li><li>Servicio de entrega de comestibles<\/li><li>Restauraci\u00f3n<\/li><li>HVAC<\/li><li>Tejados<\/li><li>Seguros<\/li><li>Peluquer\u00eda y est\u00e9tica<\/li><li>Empresa de jardiner\u00eda<\/li><li>Almacenamiento<\/li><li>Cerrajero<\/li><li>Arboricultura<\/li><\/ul>\t\t\t\t\t\t\t\t<\/div>\n\t\t\t\t<\/div>\n\t\t\t\t<div class=\"elementor-element elementor-element-0001481 elementor-widget-divider--view-line elementor-widget elementor-widget-divider\" data-id=\"0001481\" data-element_type=\"widget\" data-widget_type=\"divider.default\">\n\t\t\t\t<div class=\"elementor-widget-container\">\n\t\t\t\t\t\t\t<div class=\"elementor-divider\">\n\t\t\t<span class=\"elementor-divider-separator\">\n\t\t\t\t\t\t<\/span>\n\t\t<\/div>\n\t\t\t\t\t\t<\/div>\n\t\t\t\t<\/div>\n\t\t\t\t<div class=\"elementor-element elementor-element-da10e43 elementor-invisible elementor-widget elementor-widget-heading\" data-id=\"da10e43\" data-element_type=\"widget\" data-settings=\"{&quot;_animation&quot;:&quot;fadeIn&quot;,&quot;_animation_delay&quot;:150}\" data-widget_type=\"heading.default\">\n\t\t\t\t<div class=\"elementor-widget-container\">\n\t\t\t\t\t<h4 class=\"elementor-heading-title elementor-size-default\">Servicios a domicilio<\/h4>\t\t\t\t<\/div>\n\t\t\t\t<\/div>\n\t\t\t\t<div class=\"elementor-element elementor-element-5885f7b elementor-widget elementor-widget-text-editor\" data-id=\"5885f7b\" data-element_type=\"widget\" data-widget_type=\"text-editor.default\">\n\t\t\t\t<div class=\"elementor-widget-container\">\n\t\t\t\t\t\t\t\t\t<ul><li>Mensajer\u00eda<\/li><li>Suministros m\u00e9dicos<\/li><li>Entregas<\/li><li>Farmac\u00e9utica<\/li><li>Aparatos de ejercicio<\/li><li>Fabricantes de paneles solares<\/li><li>Fabricaci\u00f3n<\/li><\/ul>\t\t\t\t\t\t\t\t<\/div>\n\t\t\t\t<\/div>\n\t\t\t\t\t<\/div>\n\t\t<\/div>\n\t\t\t\t\t<\/div>\n\t\t<\/section>\n\t\t\t\t<div class=\"elementor-element elementor-element-5ed3cfd elementor-widget-divider--view-line elementor-widget elementor-widget-divider\" data-id=\"5ed3cfd\" data-element_type=\"widget\" data-widget_type=\"divider.default\">\n\t\t\t\t<div class=\"elementor-widget-container\">\n\t\t\t\t\t\t\t<div class=\"elementor-divider\">\n\t\t\t<span class=\"elementor-divider-separator\">\n\t\t\t\t\t\t<\/span>\n\t\t<\/div>\n\t\t\t\t\t\t<\/div>\n\t\t\t\t<\/div>\n\t\t\t\t\t<\/div>\n\t\t<\/div>\n\t\t\t\t\t<\/div>\n\t\t<\/section>\n\t\t\t\t<section class=\"elementor-section elementor-top-section elementor-element elementor-element-0a43344 elementor-section-boxed elementor-section-height-default elementor-section-height-default\" data-id=\"0a43344\" data-element_type=\"section\">\n\t\t\t\t\t\t<div class=\"elementor-container elementor-column-gap-default\">\n\t\t\t\t\t<div class=\"elementor-column elementor-col-100 elementor-top-column elementor-element elementor-element-43de41e\" data-id=\"43de41e\" data-element_type=\"column\">\n\t\t\t<div class=\"elementor-widget-wrap elementor-element-populated\">\n\t\t\t\t\t\t<div class=\"elementor-element elementor-element-3edcc6c elementor-widget elementor-widget-heading\" data-id=\"3edcc6c\" data-element_type=\"widget\" data-widget_type=\"heading.default\">\n\t\t\t\t<div class=\"elementor-widget-container\">\n\t\t\t\t\t<h2 class=\"elementor-heading-title elementor-size-default\">Si su sector no est\u00e1 incluido, p\u00f3ngase en contacto con nosotros para que podamos proporcionarle la evaluaci\u00f3n adecuada.<\/h2>\t\t\t\t<\/div>\n\t\t\t\t<\/div>\n\t\t\t\t<div class=\"elementor-element elementor-element-52827f4 elementor-widget elementor-widget-button\" data-id=\"52827f4\" data-element_type=\"widget\" data-widget_type=\"button.default\">\n\t\t\t\t<div class=\"elementor-widget-container\">\n\t\t\t\t\t\t\t\t\t<div class=\"elementor-button-wrapper\">\n\t\t\t\t\t<a class=\"elementor-button elementor-button-link elementor-size-md elementor-animation-grow\" href=\"https:\/\/gkkmarketing.com\/es\/contact-us\/\">\n\t\t\t\t\t\t<span class=\"elementor-button-content-wrapper\">\n\t\t\t\t\t\t<span class=\"elementor-button-icon\">\n\t\t\t\t<i aria-hidden=\"true\" class=\"far fa-comments\"><\/i>\t\t\t<\/span>\n\t\t\t\t\t\t\t\t\t<span class=\"elementor-button-text\">Cont\u00e1ctenos<\/span>\n\t\t\t\t\t<\/span>\n\t\t\t\t\t<\/a>\n\t\t\t\t<\/div>\n\t\t\t\t\t\t\t\t<\/div>\n\t\t\t\t<\/div>\n\t\t\t\t\t<\/div>\n\t\t<\/div>\n\t\t\t\t\t<\/div>\n\t\t<\/section>\n\t\t\t\t<\/div>","protected":false},"excerpt":{"rendered":"<p>We don\u2019t think Big, We Think Giant INDUSTRIES We have a big market presence since we serve a wide variety of industries and businesses in which we operate, with many marketing services activities carried out internationally to improve firms, projects, and trends. We understand that obtaining all the technical information for your business can be [&hellip;]<\/p>","protected":false},"author":4,"featured_media":0,"parent":0,"menu_order":0,"comment_status":"closed","ping_status":"closed","template":"elementor_header_footer","meta":{"footnotes":""},"class_list":["post-111","page","type-page","status-publish","hentry"],"_links":{"self":[{"href":"https:\/\/gkkmarketing.com\/es\/wp-json\/wp\/v2\/pages\/111","targetHints":{"allow":["GET"]}}],"collection":[{"href":"https:\/\/gkkmarketing.com\/es\/wp-json\/wp\/v2\/pages"}],"about":[{"href":"https:\/\/gkkmarketing.com\/es\/wp-json\/wp\/v2\/types\/page"}],"author":[{"embeddable":true,"href":"https:\/\/gkkmarketing.com\/es\/wp-json\/wp\/v2\/users\/4"}],"replies":[{"embeddable":true,"href":"https:\/\/gkkmarketing.com\/es\/wp-json\/wp\/v2\/comments?post=111"}],"version-history":[{"count":16,"href":"https:\/\/gkkmarketing.com\/es\/wp-json\/wp\/v2\/pages\/111\/revisions"}],"predecessor-version":[{"id":417,"href":"https:\/\/gkkmarketing.com\/es\/wp-json\/wp\/v2\/pages\/111\/revisions\/417"}],"wp:attachment":[{"href":"https:\/\/gkkmarketing.com\/es\/wp-json\/wp\/v2\/media?parent=111"}],"curies":[{"name":"wp","href":"https:\/\/api.w.org\/{rel}","templated":true}]}}