{"id":117,"date":"2023-06-06T15:21:14","date_gmt":"2023-06-06T15:21:14","guid":{"rendered":"https:\/\/gkkmarketing.com\/?page_id=117"},"modified":"2023-06-15T20:41:03","modified_gmt":"2023-06-15T20:41:03","slug":"company","status":"publish","type":"page","link":"https:\/\/gkkmarketing.com\/es\/company\/","title":{"rendered":"Empresa"},"content":{"rendered":"<div data-elementor-type=\"wp-page\" data-elementor-id=\"117\" class=\"elementor elementor-117\" data-elementor-post-type=\"page\">\n\t\t\t\t\t\t<section class=\"elementor-section elementor-top-section elementor-element elementor-element-63aa0a93 elementor-section-items-bottom elementor-section-content-bottom elementor-section-height-min-height elementor-section-boxed elementor-section-height-default elementor-invisible\" data-id=\"63aa0a93\" data-element_type=\"section\" data-settings=\"{&quot;background_background&quot;:&quot;video&quot;,&quot;animation&quot;:&quot;fadeIn&quot;,&quot;background_play_on_mobile&quot;:&quot;yes&quot;,&quot;background_video_link&quot;:&quot;https:\\\/\\\/puzzlerbox.com\\\/templatekits-pro\\\/search-marketing-agency\\\/wp-content\\\/uploads\\\/sites\\\/5\\\/2021\\\/04\\\/expert-giving-lecture-for-creative-agency-staff-WVDX73P.mp4&quot;}\">\n\t\t\t\t\t\t\t\t<div class=\"elementor-background-video-container\" aria-hidden=\"true\">\n\t\t\t\t\t\t\t\t\t\t\t\t\t<video class=\"elementor-background-video-hosted\" autoplay muted playsinline loop><\/video>\n\t\t\t\t\t\t\t\t\t\t\t<\/div>\n\t\t\t\t\t\t\t\t\t<div class=\"elementor-background-overlay\"><\/div>\n\t\t\t\t\t\t\t<div class=\"elementor-container elementor-column-gap-default\">\n\t\t\t\t\t<div class=\"elementor-column elementor-col-50 elementor-top-column elementor-element elementor-element-2262abf4\" data-id=\"2262abf4\" data-element_type=\"column\">\n\t\t\t<div class=\"elementor-widget-wrap elementor-element-populated\">\n\t\t\t\t\t\t<div class=\"elementor-element elementor-element-5e499f51 elementor-widget elementor-widget-heading\" data-id=\"5e499f51\" data-element_type=\"widget\" data-widget_type=\"heading.default\">\n\t\t\t\t<div class=\"elementor-widget-container\">\n\t\t\t\t\t<span class=\"elementor-heading-title elementor-size-default\">Qui\u00e9nes Somos<\/span>\t\t\t\t<\/div>\n\t\t\t\t<\/div>\n\t\t\t\t<div class=\"elementor-element elementor-element-a29f2cb elementor-headline--style-highlight elementor-widget elementor-widget-animated-headline\" data-id=\"a29f2cb\" data-element_type=\"widget\" data-settings=\"{&quot;marker&quot;:&quot;underline_zigzag&quot;,&quot;highlighted_text&quot;:&quot;suppliers of&quot;,&quot;headline_style&quot;:&quot;highlight&quot;,&quot;loop&quot;:&quot;yes&quot;,&quot;highlight_animation_duration&quot;:1200,&quot;highlight_iteration_delay&quot;:8000}\" data-widget_type=\"animated-headline.default\">\n\t\t\t\t<div class=\"elementor-widget-container\">\n\t\t\t\t\t\t\t<h2 class=\"elementor-headline\">\n\t\t\t\t\t<span class=\"elementor-headline-plain-text elementor-headline-text-wrapper\">Somos<\/span>\n\t\t\t\t<span class=\"elementor-headline-dynamic-wrapper elementor-headline-text-wrapper\">\n\t\t\t\t\t<span class=\"elementor-headline-dynamic-text elementor-headline-text-active\">proveedores de<\/span>\n\t\t\t\t<\/span>\n\t\t\t\t\t<span class=\"elementor-headline-plain-text elementor-headline-text-wrapper\"> soluciones de marketing digital<\/span>\n\t\t\t\t\t<\/h2>\n\t\t\t\t\t\t<\/div>\n\t\t\t\t<\/div>\n\t\t\t\t\t<\/div>\n\t\t<\/div>\n\t\t\t\t<div class=\"elementor-column elementor-col-50 elementor-top-column elementor-element elementor-element-eb0ac2e\" data-id=\"eb0ac2e\" data-element_type=\"column\">\n\t\t\t<div class=\"elementor-widget-wrap\">\n\t\t\t\t\t\t\t<\/div>\n\t\t<\/div>\n\t\t\t\t\t<\/div>\n\t\t<\/section>\n\t\t\t\t<section class=\"elementor-section elementor-top-section elementor-element elementor-element-5db78f0d elementor-section-boxed elementor-section-height-default elementor-section-height-default elementor-invisible\" data-id=\"5db78f0d\" data-element_type=\"section\" data-settings=\"{&quot;animation&quot;:&quot;fadeIn&quot;,&quot;animation_delay&quot;:300}\">\n\t\t\t\t\t\t<div class=\"elementor-container elementor-column-gap-default\">\n\t\t\t\t\t<div class=\"elementor-column elementor-col-50 elementor-top-column elementor-element elementor-element-529be864\" data-id=\"529be864\" data-element_type=\"column\">\n\t\t\t<div class=\"elementor-widget-wrap elementor-element-populated\">\n\t\t\t\t\t\t<div class=\"elementor-element elementor-element-6f84512f elementor-widget elementor-widget-text-editor\" data-id=\"6f84512f\" data-element_type=\"widget\" data-widget_type=\"text-editor.default\">\n\t\t\t\t<div class=\"elementor-widget-container\">\n\t\t\t\t\t\t\t\t\t<h3>Sobre Nosotros<\/h3><p>HK GKK es un proveedor de soluciones de marketing digital basadas en la tecnolog\u00eda, y desarrollamos planes a medida para cada uno de nuestros clientes en funci\u00f3n de sus necesidades y objetivos espec\u00edficos. Tambi\u00e9n hemos descubierto que, aunque cada canal tiene sus propias ventajas, todos funcionan mejor cuando se combinan adecuadamente con otros canales. En consecuencia, ofrecemos soluciones integrales a cada uno de nuestros clientes y empleamos diversos canales digitales para aumentar la exposici\u00f3n, las conversiones y los ingresos.<\/p>\t\t\t\t\t\t\t\t<\/div>\n\t\t\t\t<\/div>\n\t\t\t\t<div class=\"elementor-element elementor-element-a2d42e1 elementor-widget elementor-widget-button\" data-id=\"a2d42e1\" data-element_type=\"widget\" data-widget_type=\"button.default\">\n\t\t\t\t<div class=\"elementor-widget-container\">\n\t\t\t\t\t\t\t\t\t<div class=\"elementor-button-wrapper\">\n\t\t\t\t\t<a class=\"elementor-button elementor-button-link elementor-size-sm elementor-animation-grow\" href=\"https:\/\/gkkmarketing.com\/es\/about-us\/\">\n\t\t\t\t\t\t<span class=\"elementor-button-content-wrapper\">\n\t\t\t\t\t\t\t\t\t<span class=\"elementor-button-text\">M\u00e1s informaci\u00f3n<\/span>\n\t\t\t\t\t<\/span>\n\t\t\t\t\t<\/a>\n\t\t\t\t<\/div>\n\t\t\t\t\t\t\t\t<\/div>\n\t\t\t\t<\/div>\n\t\t\t\t\t<\/div>\n\t\t<\/div>\n\t\t\t\t<div class=\"elementor-column elementor-col-50 elementor-top-column elementor-element elementor-element-7c0bba13\" data-id=\"7c0bba13\" data-element_type=\"column\">\n\t\t\t<div class=\"elementor-widget-wrap elementor-element-populated\">\n\t\t\t\t\t\t<div class=\"elementor-element elementor-element-197d5d7d elementor-widget elementor-widget-image\" data-id=\"197d5d7d\" data-element_type=\"widget\" data-widget_type=\"image.default\">\n\t\t\t\t<div class=\"elementor-widget-container\">\n\t\t\t\t\t\t\t\t\t\t\t\t\t\t\t<img fetchpriority=\"high\" decoding=\"async\" width=\"707\" height=\"1024\" src=\"https:\/\/gkkmarketing.com\/wp-content\/uploads\/2023\/06\/portrait-of-a-young-asian-businesswoman-sitting-at-a-desk-in-an-office-recording-data-on-a-laptop-f-707x1024.jpg\" class=\"attachment-large size-large wp-image-349\" alt=\"Portrait of a young Asian businesswoman sitting at a desk in an office recording data on a laptop. f\" srcset=\"https:\/\/gkkmarketing.com\/wp-content\/uploads\/2023\/06\/portrait-of-a-young-asian-businesswoman-sitting-at-a-desk-in-an-office-recording-data-on-a-laptop-f-707x1024.jpg 707w, https:\/\/gkkmarketing.com\/wp-content\/uploads\/2023\/06\/portrait-of-a-young-asian-businesswoman-sitting-at-a-desk-in-an-office-recording-data-on-a-laptop-f-207x300.jpg 207w, https:\/\/gkkmarketing.com\/wp-content\/uploads\/2023\/06\/portrait-of-a-young-asian-businesswoman-sitting-at-a-desk-in-an-office-recording-data-on-a-laptop-f-768x1112.jpg 768w, https:\/\/gkkmarketing.com\/wp-content\/uploads\/2023\/06\/portrait-of-a-young-asian-businesswoman-sitting-at-a-desk-in-an-office-recording-data-on-a-laptop-f-1061x1536.jpg 1061w, https:\/\/gkkmarketing.com\/wp-content\/uploads\/2023\/06\/portrait-of-a-young-asian-businesswoman-sitting-at-a-desk-in-an-office-recording-data-on-a-laptop-f-8x12.jpg 8w, https:\/\/gkkmarketing.com\/wp-content\/uploads\/2023\/06\/portrait-of-a-young-asian-businesswoman-sitting-at-a-desk-in-an-office-recording-data-on-a-laptop-f.jpg 1381w\" sizes=\"(max-width: 707px) 100vw, 707px\" \/>\t\t\t\t\t\t\t\t\t\t\t\t\t\t\t<\/div>\n\t\t\t\t<\/div>\n\t\t\t\t\t<\/div>\n\t\t<\/div>\n\t\t\t\t\t<\/div>\n\t\t<\/section>\n\t\t\t\t<section class=\"elementor-section elementor-top-section elementor-element elementor-element-47fa6ec7 elementor-reverse-mobile elementor-section-boxed elementor-section-height-default elementor-section-height-default elementor-invisible\" data-id=\"47fa6ec7\" data-element_type=\"section\" data-settings=\"{&quot;animation&quot;:&quot;fadeIn&quot;,&quot;animation_delay&quot;:300}\">\n\t\t\t\t\t\t<div class=\"elementor-container elementor-column-gap-default\">\n\t\t\t\t\t<div class=\"elementor-column elementor-col-50 elementor-top-column elementor-element elementor-element-7c81ee82\" data-id=\"7c81ee82\" data-element_type=\"column\">\n\t\t\t<div class=\"elementor-widget-wrap elementor-element-populated\">\n\t\t\t\t\t\t<div class=\"elementor-element elementor-element-7e04f36e elementor-widget elementor-widget-image\" data-id=\"7e04f36e\" data-element_type=\"widget\" data-widget_type=\"image.default\">\n\t\t\t\t<div class=\"elementor-widget-container\">\n\t\t\t\t\t\t\t\t\t\t\t\t\t\t\t<img decoding=\"async\" width=\"682\" height=\"1024\" src=\"https:\/\/gkkmarketing.com\/wp-content\/uploads\/2023\/06\/close-up-of-3d-digital-artists-reviewing-sketch-scene-plan-and-simulated-render-times-682x1024.jpg\" class=\"attachment-large size-large wp-image-350\" alt=\"Close up of 3D digital artists reviewing sketch scene plan and simulated render times\" srcset=\"https:\/\/gkkmarketing.com\/wp-content\/uploads\/2023\/06\/close-up-of-3d-digital-artists-reviewing-sketch-scene-plan-and-simulated-render-times-682x1024.jpg 682w, https:\/\/gkkmarketing.com\/wp-content\/uploads\/2023\/06\/close-up-of-3d-digital-artists-reviewing-sketch-scene-plan-and-simulated-render-times-200x300.jpg 200w, https:\/\/gkkmarketing.com\/wp-content\/uploads\/2023\/06\/close-up-of-3d-digital-artists-reviewing-sketch-scene-plan-and-simulated-render-times-768x1152.jpg 768w, https:\/\/gkkmarketing.com\/wp-content\/uploads\/2023\/06\/close-up-of-3d-digital-artists-reviewing-sketch-scene-plan-and-simulated-render-times-1024x1536.jpg 1024w, https:\/\/gkkmarketing.com\/wp-content\/uploads\/2023\/06\/close-up-of-3d-digital-artists-reviewing-sketch-scene-plan-and-simulated-render-times-8x12.jpg 8w, https:\/\/gkkmarketing.com\/wp-content\/uploads\/2023\/06\/close-up-of-3d-digital-artists-reviewing-sketch-scene-plan-and-simulated-render-times.jpg 1333w\" sizes=\"(max-width: 682px) 100vw, 682px\" \/>\t\t\t\t\t\t\t\t\t\t\t\t\t\t\t<\/div>\n\t\t\t\t<\/div>\n\t\t\t\t\t<\/div>\n\t\t<\/div>\n\t\t\t\t<div class=\"elementor-column elementor-col-50 elementor-top-column elementor-element elementor-element-4161c443\" data-id=\"4161c443\" data-element_type=\"column\">\n\t\t\t<div class=\"elementor-widget-wrap elementor-element-populated\">\n\t\t\t\t\t\t<div class=\"elementor-element elementor-element-ac8106d elementor-widget elementor-widget-text-editor\" data-id=\"ac8106d\" data-element_type=\"widget\" data-widget_type=\"text-editor.default\">\n\t\t\t\t<div class=\"elementor-widget-container\">\n\t\t\t\t\t\t\t\t\t<h3>\u00bfPor qu\u00e9 elegir HG GKK?<\/h3><p>La empresa de marketing digital HK GKK ofrece una amplia gama de servicios. Adem\u00e1s de tratar con varios sectores al mismo tiempo, s\u00f3lo ofrecemos servicios personalizados y bien pensados que ayudar\u00e1n a su organizaci\u00f3n. Somos eficaces en poco tiempo y contamos con conocimientos y habilidades del sector que garantizar\u00e1n los resultados.<\/p><p>Conseguimos un \u00e9xito notable en el mercado asi\u00e1tico trabajando con diligencia y ofreciendo un servicio de atenci\u00f3n al cliente digno de confianza. Tambi\u00e9n notamos un aumento de la demanda de nuestros servicios fuera de China, a medida que incorpor\u00e1bamos clientes de Asia, Europa y otras partes del mundo.<\/p>\t\t\t\t\t\t\t\t<\/div>\n\t\t\t\t<\/div>\n\t\t\t\t<div class=\"elementor-element elementor-element-45f5399 elementor-widget elementor-widget-button\" data-id=\"45f5399\" data-element_type=\"widget\" data-widget_type=\"button.default\">\n\t\t\t\t<div class=\"elementor-widget-container\">\n\t\t\t\t\t\t\t\t\t<div class=\"elementor-button-wrapper\">\n\t\t\t\t\t<a class=\"elementor-button elementor-button-link elementor-size-sm elementor-animation-grow\" href=\"https:\/\/gkkmarketing.com\/es\/why-us\/\">\n\t\t\t\t\t\t<span class=\"elementor-button-content-wrapper\">\n\t\t\t\t\t\t\t\t\t<span class=\"elementor-button-text\">M\u00e1s informaci\u00f3n<\/span>\n\t\t\t\t\t<\/span>\n\t\t\t\t\t<\/a>\n\t\t\t\t<\/div>\n\t\t\t\t\t\t\t\t<\/div>\n\t\t\t\t<\/div>\n\t\t\t\t\t<\/div>\n\t\t<\/div>\n\t\t\t\t\t<\/div>\n\t\t<\/section>\n\t\t\t\t<section class=\"elementor-section elementor-top-section elementor-element elementor-element-04f63a6 elementor-reverse-mobile elementor-section-boxed elementor-section-height-default elementor-section-height-default elementor-invisible\" data-id=\"04f63a6\" data-element_type=\"section\" data-settings=\"{&quot;animation&quot;:&quot;fadeIn&quot;,&quot;animation_delay&quot;:300}\">\n\t\t\t\t\t\t<div class=\"elementor-container elementor-column-gap-default\">\n\t\t\t\t\t<div class=\"elementor-column elementor-col-50 elementor-top-column elementor-element elementor-element-a83eefd\" data-id=\"a83eefd\" data-element_type=\"column\">\n\t\t\t<div class=\"elementor-widget-wrap elementor-element-populated\">\n\t\t\t\t\t\t<div class=\"elementor-element elementor-element-8be5422 elementor-widget elementor-widget-text-editor\" data-id=\"8be5422\" data-element_type=\"widget\" data-widget_type=\"text-editor.default\">\n\t\t\t\t<div class=\"elementor-widget-container\">\n\t\t\t\t\t\t\t\t\t<h3>Nuestro prop\u00f3sito<\/h3><p>En HK GKK, nuestro prop\u00f3sito es sencillo: ayudar a empresarios y expertos en marketing a utilizar la tecnolog\u00eda e Internet para mejorar enormemente la eficacia de su marketing y el retorno de la inversi\u00f3n. En otras palabras, nos gusta ayudar a los clientes a contar historias incre\u00edbles y asistir a los creativos para que les compense dedicarse a lo que les apasiona.<\/p>\t\t\t\t\t\t\t\t<\/div>\n\t\t\t\t<\/div>\n\t\t\t\t<div class=\"elementor-element elementor-element-58cc90f elementor-widget elementor-widget-button\" data-id=\"58cc90f\" data-element_type=\"widget\" data-widget_type=\"button.default\">\n\t\t\t\t<div class=\"elementor-widget-container\">\n\t\t\t\t\t\t\t\t\t<div class=\"elementor-button-wrapper\">\n\t\t\t\t\t<a class=\"elementor-button elementor-button-link elementor-size-sm elementor-animation-grow\" href=\"https:\/\/gkkmarketing.com\/es\/our-purpose\/\">\n\t\t\t\t\t\t<span class=\"elementor-button-content-wrapper\">\n\t\t\t\t\t\t\t\t\t<span class=\"elementor-button-text\">M\u00e1s informaci\u00f3n<\/span>\n\t\t\t\t\t<\/span>\n\t\t\t\t\t<\/a>\n\t\t\t\t<\/div>\n\t\t\t\t\t\t\t\t<\/div>\n\t\t\t\t<\/div>\n\t\t\t\t\t<\/div>\n\t\t<\/div>\n\t\t\t\t<div class=\"elementor-column elementor-col-50 elementor-top-column elementor-element elementor-element-71e2e4a\" data-id=\"71e2e4a\" data-element_type=\"column\">\n\t\t\t<div class=\"elementor-widget-wrap elementor-element-populated\">\n\t\t\t\t\t\t<div class=\"elementor-element elementor-element-3372c68 elementor-widget elementor-widget-image\" data-id=\"3372c68\" data-element_type=\"widget\" data-widget_type=\"image.default\">\n\t\t\t\t<div class=\"elementor-widget-container\">\n\t\t\t\t\t\t\t\t\t\t\t\t\t\t\t<img decoding=\"async\" width=\"682\" height=\"1024\" src=\"https:\/\/gkkmarketing.com\/wp-content\/uploads\/2023\/06\/asian-young-business-man-and-woman-in-the-office--682x1024.jpg\" class=\"attachment-large size-large wp-image-351\" alt=\"Asian young business man and woman in the office.\" srcset=\"https:\/\/gkkmarketing.com\/wp-content\/uploads\/2023\/06\/asian-young-business-man-and-woman-in-the-office--682x1024.jpg 682w, https:\/\/gkkmarketing.com\/wp-content\/uploads\/2023\/06\/asian-young-business-man-and-woman-in-the-office--200x300.jpg 200w, https:\/\/gkkmarketing.com\/wp-content\/uploads\/2023\/06\/asian-young-business-man-and-woman-in-the-office--768x1152.jpg 768w, https:\/\/gkkmarketing.com\/wp-content\/uploads\/2023\/06\/asian-young-business-man-and-woman-in-the-office--1024x1536.jpg 1024w, https:\/\/gkkmarketing.com\/wp-content\/uploads\/2023\/06\/asian-young-business-man-and-woman-in-the-office--8x12.jpg 8w, https:\/\/gkkmarketing.com\/wp-content\/uploads\/2023\/06\/asian-young-business-man-and-woman-in-the-office-.jpg 1333w\" sizes=\"(max-width: 682px) 100vw, 682px\" \/>\t\t\t\t\t\t\t\t\t\t\t\t\t\t\t<\/div>\n\t\t\t\t<\/div>\n\t\t\t\t\t<\/div>\n\t\t<\/div>\n\t\t\t\t\t<\/div>\n\t\t<\/section>\n\t\t\t\t<section class=\"elementor-section elementor-top-section elementor-element elementor-element-925cdb2 elementor-reverse-mobile elementor-section-boxed elementor-section-height-default elementor-section-height-default elementor-invisible\" data-id=\"925cdb2\" data-element_type=\"section\" data-settings=\"{&quot;animation&quot;:&quot;fadeIn&quot;,&quot;animation_delay&quot;:300}\">\n\t\t\t\t\t\t<div class=\"elementor-container elementor-column-gap-default\">\n\t\t\t\t\t<div class=\"elementor-column elementor-col-50 elementor-top-column elementor-element elementor-element-4034624\" data-id=\"4034624\" data-element_type=\"column\">\n\t\t\t<div class=\"elementor-widget-wrap elementor-element-populated\">\n\t\t\t\t\t\t<div class=\"elementor-element elementor-element-1452578 elementor-widget elementor-widget-image\" data-id=\"1452578\" data-element_type=\"widget\" data-widget_type=\"image.default\">\n\t\t\t\t<div class=\"elementor-widget-container\">\n\t\t\t\t\t\t\t\t\t\t\t\t\t\t\t<img loading=\"lazy\" decoding=\"async\" width=\"682\" height=\"1024\" src=\"https:\/\/gkkmarketing.com\/wp-content\/uploads\/2023\/06\/businessmen-shaking-hands-682x1024.jpg\" class=\"attachment-large size-large wp-image-352\" alt=\"Businessmen shaking hands\" srcset=\"https:\/\/gkkmarketing.com\/wp-content\/uploads\/2023\/06\/businessmen-shaking-hands-682x1024.jpg 682w, https:\/\/gkkmarketing.com\/wp-content\/uploads\/2023\/06\/businessmen-shaking-hands-200x300.jpg 200w, https:\/\/gkkmarketing.com\/wp-content\/uploads\/2023\/06\/businessmen-shaking-hands-768x1152.jpg 768w, https:\/\/gkkmarketing.com\/wp-content\/uploads\/2023\/06\/businessmen-shaking-hands-1024x1536.jpg 1024w, https:\/\/gkkmarketing.com\/wp-content\/uploads\/2023\/06\/businessmen-shaking-hands-8x12.jpg 8w, https:\/\/gkkmarketing.com\/wp-content\/uploads\/2023\/06\/businessmen-shaking-hands.jpg 1333w\" sizes=\"(max-width: 682px) 100vw, 682px\" \/>\t\t\t\t\t\t\t\t\t\t\t\t\t\t\t<\/div>\n\t\t\t\t<\/div>\n\t\t\t\t\t<\/div>\n\t\t<\/div>\n\t\t\t\t<div class=\"elementor-column elementor-col-50 elementor-top-column elementor-element elementor-element-92b4158\" data-id=\"92b4158\" data-element_type=\"column\">\n\t\t\t<div class=\"elementor-widget-wrap elementor-element-populated\">\n\t\t\t\t\t\t<div class=\"elementor-element elementor-element-641b5bc elementor-widget elementor-widget-text-editor\" data-id=\"641b5bc\" data-element_type=\"widget\" data-widget_type=\"text-editor.default\">\n\t\t\t\t<div class=\"elementor-widget-container\">\n\t\t\t\t\t\t\t\t\t<h3>Nuestros valores<\/h3><p>A lo largo de los a\u00f1os, nos hemos mantenido fieles a los principios de los padres fundadores que han guiado nuestro \u00e9xito:<\/p><p><strong>Construir relaciones<\/strong><\/p><p><strong>Liderar con integridad<\/strong><\/p><p><strong>Practicar un estilo de vida de aprendizaje<\/strong><\/p>\t\t\t\t\t\t\t\t<\/div>\n\t\t\t\t<\/div>\n\t\t\t\t<div class=\"elementor-element elementor-element-60c54f2 elementor-widget elementor-widget-button\" data-id=\"60c54f2\" data-element_type=\"widget\" data-widget_type=\"button.default\">\n\t\t\t\t<div class=\"elementor-widget-container\">\n\t\t\t\t\t\t\t\t\t<div class=\"elementor-button-wrapper\">\n\t\t\t\t\t<a class=\"elementor-button elementor-button-link elementor-size-sm elementor-animation-grow\" href=\"https:\/\/gkkmarketing.com\/es\/why-us\/\">\n\t\t\t\t\t\t<span class=\"elementor-button-content-wrapper\">\n\t\t\t\t\t\t\t\t\t<span class=\"elementor-button-text\">M\u00e1s informaci\u00f3n<\/span>\n\t\t\t\t\t<\/span>\n\t\t\t\t\t<\/a>\n\t\t\t\t<\/div>\n\t\t\t\t\t\t\t\t<\/div>\n\t\t\t\t<\/div>\n\t\t\t\t\t<\/div>\n\t\t<\/div>\n\t\t\t\t\t<\/div>\n\t\t<\/section>\n\t\t\t\t<section class=\"elementor-section elementor-top-section elementor-element elementor-element-42e4a81 elementor-reverse-mobile elementor-section-boxed elementor-section-height-default elementor-section-height-default elementor-invisible\" data-id=\"42e4a81\" data-element_type=\"section\" data-settings=\"{&quot;animation&quot;:&quot;fadeIn&quot;,&quot;animation_delay&quot;:300}\">\n\t\t\t\t\t\t<div class=\"elementor-container elementor-column-gap-default\">\n\t\t\t\t\t<div class=\"elementor-column elementor-col-50 elementor-top-column elementor-element elementor-element-c082a2c\" data-id=\"c082a2c\" data-element_type=\"column\">\n\t\t\t<div class=\"elementor-widget-wrap elementor-element-populated\">\n\t\t\t\t\t\t<div class=\"elementor-element elementor-element-701535e elementor-widget elementor-widget-text-editor\" data-id=\"701535e\" data-element_type=\"widget\" data-widget_type=\"text-editor.default\">\n\t\t\t\t<div class=\"elementor-widget-container\">\n\t\t\t\t\t\t\t\t\t<h3>Nuestros socios<\/h3><p>Creemos firmemente que nuestros empleados son nuestro recurso m\u00e1s valioso, por eso somos un equipo de profesionales altamente cualificados y comprometidos a compartir las mejores pr\u00e1cticas a trav\u00e9s de la investigaci\u00f3n y el desarrollo.<\/p>\t\t\t\t\t\t\t\t<\/div>\n\t\t\t\t<\/div>\n\t\t\t\t<div class=\"elementor-element elementor-element-0b09297 elementor-widget elementor-widget-button\" data-id=\"0b09297\" data-element_type=\"widget\" data-widget_type=\"button.default\">\n\t\t\t\t<div class=\"elementor-widget-container\">\n\t\t\t\t\t\t\t\t\t<div class=\"elementor-button-wrapper\">\n\t\t\t\t\t<a class=\"elementor-button elementor-button-link elementor-size-sm elementor-animation-grow\" href=\"https:\/\/gkkmarketing.com\/es\/our-purpose\/\">\n\t\t\t\t\t\t<span class=\"elementor-button-content-wrapper\">\n\t\t\t\t\t\t\t\t\t<span class=\"elementor-button-text\">M\u00e1s informaci\u00f3n<\/span>\n\t\t\t\t\t<\/span>\n\t\t\t\t\t<\/a>\n\t\t\t\t<\/div>\n\t\t\t\t\t\t\t\t<\/div>\n\t\t\t\t<\/div>\n\t\t\t\t\t<\/div>\n\t\t<\/div>\n\t\t\t\t<div class=\"elementor-column elementor-col-50 elementor-top-column elementor-element elementor-element-9e711bc\" data-id=\"9e711bc\" data-element_type=\"column\">\n\t\t\t<div class=\"elementor-widget-wrap elementor-element-populated\">\n\t\t\t\t\t\t<div class=\"elementor-element elementor-element-9acdce1 elementor-widget elementor-widget-image\" data-id=\"9acdce1\" data-element_type=\"widget\" data-widget_type=\"image.default\">\n\t\t\t\t<div class=\"elementor-widget-container\">\n\t\t\t\t\t\t\t\t\t\t\t\t\t\t\t<img loading=\"lazy\" decoding=\"async\" width=\"682\" height=\"1024\" src=\"https:\/\/gkkmarketing.com\/wp-content\/uploads\/2023\/06\/group-of-asian-and-multiethnic-business-people-with-formal-suit-working-and-brainstorming-682x1024.jpg\" class=\"attachment-large size-large wp-image-353\" alt=\"Group Of Asian and Multiethnic Business people with formal suit working and brainstorming\" srcset=\"https:\/\/gkkmarketing.com\/wp-content\/uploads\/2023\/06\/group-of-asian-and-multiethnic-business-people-with-formal-suit-working-and-brainstorming-682x1024.jpg 682w, https:\/\/gkkmarketing.com\/wp-content\/uploads\/2023\/06\/group-of-asian-and-multiethnic-business-people-with-formal-suit-working-and-brainstorming-200x300.jpg 200w, https:\/\/gkkmarketing.com\/wp-content\/uploads\/2023\/06\/group-of-asian-and-multiethnic-business-people-with-formal-suit-working-and-brainstorming-768x1152.jpg 768w, https:\/\/gkkmarketing.com\/wp-content\/uploads\/2023\/06\/group-of-asian-and-multiethnic-business-people-with-formal-suit-working-and-brainstorming-1024x1536.jpg 1024w, https:\/\/gkkmarketing.com\/wp-content\/uploads\/2023\/06\/group-of-asian-and-multiethnic-business-people-with-formal-suit-working-and-brainstorming-8x12.jpg 8w, https:\/\/gkkmarketing.com\/wp-content\/uploads\/2023\/06\/group-of-asian-and-multiethnic-business-people-with-formal-suit-working-and-brainstorming.jpg 1333w\" sizes=\"(max-width: 682px) 100vw, 682px\" \/>\t\t\t\t\t\t\t\t\t\t\t\t\t\t\t<\/div>\n\t\t\t\t<\/div>\n\t\t\t\t\t<\/div>\n\t\t<\/div>\n\t\t\t\t\t<\/div>\n\t\t<\/section>\n\t\t\t\t<\/div>","protected":false},"excerpt":{"rendered":"<p>Who We Are We&#8217;re suppliers of digital marketing solutions About Us HK GKK is a supplier of tech-enabled digital marketing solutions, and we develop tailored plans for each of our customers based on their specific needs and objectives. We&#8217;ve also found that, while each channel has its own set of benefits, they all operate best [&hellip;]<\/p>","protected":false},"author":4,"featured_media":0,"parent":0,"menu_order":0,"comment_status":"closed","ping_status":"closed","template":"elementor_header_footer","meta":{"footnotes":""},"class_list":["post-117","page","type-page","status-publish","hentry"],"_links":{"self":[{"href":"https:\/\/gkkmarketing.com\/es\/wp-json\/wp\/v2\/pages\/117","targetHints":{"allow":["GET"]}}],"collection":[{"href":"https:\/\/gkkmarketing.com\/es\/wp-json\/wp\/v2\/pages"}],"about":[{"href":"https:\/\/gkkmarketing.com\/es\/wp-json\/wp\/v2\/types\/page"}],"author":[{"embeddable":true,"href":"https:\/\/gkkmarketing.com\/es\/wp-json\/wp\/v2\/users\/4"}],"replies":[{"embeddable":true,"href":"https:\/\/gkkmarketing.com\/es\/wp-json\/wp\/v2\/comments?post=117"}],"version-history":[{"count":7,"href":"https:\/\/gkkmarketing.com\/es\/wp-json\/wp\/v2\/pages\/117\/revisions"}],"predecessor-version":[{"id":356,"href":"https:\/\/gkkmarketing.com\/es\/wp-json\/wp\/v2\/pages\/117\/revisions\/356"}],"wp:attachment":[{"href":"https:\/\/gkkmarketing.com\/es\/wp-json\/wp\/v2\/media?parent=117"}],"curies":[{"name":"wp","href":"https:\/\/api.w.org\/{rel}","templated":true}]}}