{"id":129,"date":"2023-06-07T14:56:42","date_gmt":"2023-06-07T14:56:42","guid":{"rendered":"https:\/\/gkkmarketing.com\/?page_id=129"},"modified":"2023-11-02T14:17:51","modified_gmt":"2023-11-02T14:17:51","slug":"privacy-policy","status":"publish","type":"page","link":"https:\/\/gkkmarketing.com\/es\/privacy-policy\/","title":{"rendered":"Pol\u00edtica de privacidad"},"content":{"rendered":"<div data-elementor-type=\"wp-page\" data-elementor-id=\"129\" class=\"elementor elementor-129\" data-elementor-post-type=\"page\">\n\t\t\t\t\t\t<section class=\"elementor-section elementor-top-section elementor-element elementor-element-78c4dbb8 elementor-section-height-min-height elementor-section-items-bottom elementor-section-content-bottom elementor-section-boxed elementor-section-height-default elementor-invisible\" data-id=\"78c4dbb8\" data-element_type=\"section\" data-settings=\"{&quot;background_background&quot;:&quot;classic&quot;,&quot;animation&quot;:&quot;fadeIn&quot;}\">\n\t\t\t\t\t\t\t<div class=\"elementor-background-overlay\"><\/div>\n\t\t\t\t\t\t\t<div class=\"elementor-container elementor-column-gap-default\">\n\t\t\t\t\t<div class=\"elementor-column elementor-col-100 elementor-top-column elementor-element elementor-element-ce1375\" data-id=\"ce1375\" data-element_type=\"column\">\n\t\t\t<div class=\"elementor-widget-wrap elementor-element-populated\">\n\t\t\t\t\t\t<div class=\"elementor-element elementor-element-3d673f8d elementor-widget__width-initial elementor-absolute animated-fast elementor-invisible elementor-widget elementor-widget-heading\" data-id=\"3d673f8d\" data-element_type=\"widget\" data-settings=\"{&quot;motion_fx_motion_fx_scrolling&quot;:&quot;yes&quot;,&quot;motion_fx_rotateZ_effect&quot;:&quot;yes&quot;,&quot;motion_fx_rotateZ_speed&quot;:{&quot;unit&quot;:&quot;px&quot;,&quot;size&quot;:5.4000000000000003552713678800500929355621337890625,&quot;sizes&quot;:[]},&quot;motion_fx_rotateZ_affectedRange&quot;:{&quot;unit&quot;:&quot;%&quot;,&quot;size&quot;:&quot;&quot;,&quot;sizes&quot;:{&quot;start&quot;:0,&quot;end&quot;:0}},&quot;_position&quot;:&quot;absolute&quot;,&quot;_animation&quot;:&quot;slideInUp&quot;,&quot;_animation_delay&quot;:300,&quot;motion_fx_devices&quot;:[&quot;desktop&quot;,&quot;tablet&quot;]}\" data-widget_type=\"heading.default\">\n\t\t\t\t<div class=\"elementor-widget-container\">\n\t\t\t\t\t<h1 class=\"elementor-heading-title elementor-size-default\">Pol\u00edtica de<br>Privacidad<\/h1>\t\t\t\t<\/div>\n\t\t\t\t<\/div>\n\t\t\t\t\t<\/div>\n\t\t<\/div>\n\t\t\t\t\t<\/div>\n\t\t<\/section>\n\t\t\t\t<section class=\"elementor-section elementor-top-section elementor-element elementor-element-4bef0da1 elementor-section-boxed elementor-section-height-default elementor-section-height-default\" data-id=\"4bef0da1\" data-element_type=\"section\">\n\t\t\t\t\t\t<div class=\"elementor-container elementor-column-gap-default\">\n\t\t\t\t\t<div class=\"elementor-column elementor-col-100 elementor-top-column elementor-element elementor-element-35ee4dcf\" data-id=\"35ee4dcf\" data-element_type=\"column\">\n\t\t\t<div class=\"elementor-widget-wrap elementor-element-populated\">\n\t\t\t\t\t\t<div class=\"elementor-element elementor-element-1b9fe4db elementor-invisible elementor-widget elementor-widget-heading\" data-id=\"1b9fe4db\" data-element_type=\"widget\" data-settings=\"{&quot;_animation&quot;:&quot;fadeIn&quot;,&quot;_animation_delay&quot;:150}\" data-widget_type=\"heading.default\">\n\t\t\t\t<div class=\"elementor-widget-container\">\n\t\t\t\t\t<h2 class=\"elementor-heading-title elementor-size-default\">Pol\u00edtica de privacidad<\/h2>\t\t\t\t<\/div>\n\t\t\t\t<\/div>\n\t\t\t\t<section class=\"elementor-section elementor-inner-section elementor-element elementor-element-4c2fb4b7 elementor-section-boxed elementor-section-height-default elementor-section-height-default\" data-id=\"4c2fb4b7\" data-element_type=\"section\">\n\t\t\t\t\t\t<div class=\"elementor-container elementor-column-gap-default\">\n\t\t\t\t\t<div class=\"elementor-column elementor-col-100 elementor-inner-column elementor-element elementor-element-26cbd7cc elementor-invisible\" data-id=\"26cbd7cc\" data-element_type=\"column\" data-settings=\"{&quot;animation&quot;:&quot;fadeInUp&quot;,&quot;animation_delay&quot;:300}\">\n\t\t\t<div class=\"elementor-widget-wrap elementor-element-populated\">\n\t\t\t\t\t\t<div class=\"elementor-element elementor-element-3ada6ea1 elementor-widget__width-auto elementor-widget elementor-widget-heading\" data-id=\"3ada6ea1\" data-element_type=\"widget\" data-widget_type=\"heading.default\">\n\t\t\t\t<div class=\"elementor-widget-container\">\n\t\t\t\t\t<span class=\"elementor-heading-title elementor-size-default\">Sitio actualizado por \u00faltima vez el 26 de mayo de 2023.<\/span>\t\t\t\t<\/div>\n\t\t\t\t<\/div>\n\t\t\t\t\t<\/div>\n\t\t<\/div>\n\t\t\t\t\t<\/div>\n\t\t<\/section>\n\t\t\t\t\t<\/div>\n\t\t<\/div>\n\t\t\t\t\t<\/div>\n\t\t<\/section>\n\t\t\t\t<section class=\"elementor-section elementor-top-section elementor-element elementor-element-587e9ce1 elementor-section-boxed elementor-section-height-default elementor-section-height-default elementor-invisible\" data-id=\"587e9ce1\" data-element_type=\"section\" data-settings=\"{&quot;animation&quot;:&quot;fadeIn&quot;,&quot;animation_delay&quot;:300}\">\n\t\t\t\t\t\t<div class=\"elementor-container elementor-column-gap-default\">\n\t\t\t\t\t<div class=\"elementor-column elementor-col-100 elementor-top-column elementor-element elementor-element-3950dabb\" data-id=\"3950dabb\" data-element_type=\"column\" data-settings=\"{&quot;background_background&quot;:&quot;classic&quot;,&quot;animation&quot;:&quot;none&quot;}\">\n\t\t\t<div class=\"elementor-widget-wrap elementor-element-populated\">\n\t\t\t\t\t\t<div class=\"elementor-element elementor-element-acdcf3f elementor-widget elementor-widget-spacer\" data-id=\"acdcf3f\" data-element_type=\"widget\" data-widget_type=\"spacer.default\">\n\t\t\t\t<div class=\"elementor-widget-container\">\n\t\t\t\t\t\t\t<div class=\"elementor-spacer\">\n\t\t\t<div class=\"elementor-spacer-inner\"><\/div>\n\t\t<\/div>\n\t\t\t\t\t\t<\/div>\n\t\t\t\t<\/div>\n\t\t\t\t<div class=\"elementor-element elementor-element-d0193d7 elementor-widget elementor-widget-text-editor\" data-id=\"d0193d7\" data-element_type=\"widget\" data-widget_type=\"text-editor.default\">\n\t\t\t\t<div class=\"elementor-widget-container\">\n\t\t\t\t\t\t\t\t\t<p>HK GKK (\"nosotros\", \"nos\", \"nos\", \"nuestro\" y \"nosotros mismos\"), que opera como HK GKK, posee y gestiona este sitio web; el responsable del tratamiento de los datos es HK GKK.<\/p><p>Esta declaraci\u00f3n de privacidad y las condiciones de servicio se han creado para atender mejor a las personas preocupadas por el uso que se hace en l\u00ednea de sus datos personales. Los datos personales est\u00e1n especificados por la legislaci\u00f3n, aunque com\u00fanmente se describen como informaci\u00f3n que puede utilizarse sola o junto con otra informaci\u00f3n para identificar, contactar o localizar a una sola persona, o para identificar a un individuo en su contexto. Por favor, lea atentamente nuestra pol\u00edtica de privacidad para tener una comprensi\u00f3n completa de c\u00f3mo recopilamos, utilizamos, salvaguardamos y gestionamos sus datos personales en l\u00ednea con nuestro sitio web.\u00a0 HK GKK, LLC es el responsable del tratamiento de los datos a efectos de la legislaci\u00f3n sobre protecci\u00f3n de datos y puede ser contactado por correo electr\u00f3nico o carta escrita en las siguientes direcciones:<\/p><p>contact@gkkmarketing.com<\/p><p>\u00a0<\/p><p>\u00bfQu\u00e9 informaci\u00f3n personal recopilamos?<\/p><p>Cuando compre o se registre en nuestro sitio o aplicaci\u00f3n, se ponga en contacto con nosotros o nos llame, es posible que se le pida que introduzca su nombre, direcci\u00f3n de correo electr\u00f3nico, informaci\u00f3n de pago u otros datos para ayudarle con su experiencia o para realizar una transacci\u00f3n con nosotros.<\/p><p>\u00a0<\/p><p>\u00bfCu\u00e1nto tiempo conservamos los datos personales?<\/p><p>S\u00f3lo conservaremos su informaci\u00f3n personal durante el tiempo necesario para completar los motivos por los que se obtuvo, incluida cualquier obligaci\u00f3n legal, contable o de informaci\u00f3n.<\/p><p>A la hora de determinar el periodo de conservaci\u00f3n adecuado de los datos personales, tenemos en cuenta la cantidad, la naturaleza y la sensibilidad de los datos personales, el riesgo potencial de da\u00f1o derivado del uso o la divulgaci\u00f3n no autorizados de sus datos personales, los fines para los que procesamos sus datos personales y si podemos alcanzar dichos fines por otros medios, as\u00ed como los requisitos legales aplicables.<\/p><p>No obstante, puede ponerse en contacto con nosotros en cualquier momento y solicitar que borremos todos sus datos personales.<\/p><p>\u00a0<\/p><p>\u00bfTiene que facilitarnos datos personales?<\/p><p>Si la ley o las condiciones de un contrato que tengamos con usted nos obligan a recabar datos personales y usted no nos los facilita cuando se le solicitan, es posible que no podamos ejecutar el contrato que tenemos o intentamos celebrar con usted (por ejemplo, para suministrarle productos o servicios). En este caso, es posible que nos veamos obligados a cancelar un producto o servicio que tenga con nosotros; no obstante, le advertiremos si \u00e9ste es el caso.<\/p><p>\u00a0<\/p><p>\u00bfCu\u00e1ndo y c\u00f3mo recopilamos los datos?<\/p><p>\u00a0<\/p><p>Cuando rellena un formulario en nuestro sitio o aplicaci\u00f3n, introduce informaci\u00f3n en nuestro sitio, nos llama, se pone en contacto con nosotros o realiza cualquier otra transacci\u00f3n con nosotros, recopilamos informaci\u00f3n (incluidos datos personales) sobre usted.<\/p><p>\u00a0<\/p><p>\u00bfC\u00f3mo utilizamos su informaci\u00f3n personal?<\/p><p>Podemos utilizar la informaci\u00f3n personal que nos proporciona cuando se registra, realiza una compra, se suscribe a nuestro bolet\u00edn de noticias, responde a una encuesta o a un correo electr\u00f3nico de marketing, navega por el sitio web o utiliza otras funciones del sitio de las siguientes maneras:<\/p><ul><li>Prestarle nuestros servicios y satisfacer sus demandas.<\/li><li>Para terminar las transacciones que nos pidi\u00f3 que termin\u00e1ramos.<\/li><li>Para enviarle peri\u00f3dicamente correos electr\u00f3nicos sobre su pedido u otros productos y servicios.<\/li><li>Si lo ha solicitado, le enviaremos nuestro bolet\u00edn.<\/li><li>Para mostrar anuncios.<\/li><\/ul><p>\u00bfCu\u00e1l es nuestra justificaci\u00f3n legal para el tratamiento?<\/p><p>S\u00f3lo utilizaremos su informaci\u00f3n personal cuando lo permita la ley. Lo m\u00e1s habitual es que utilicemos su informaci\u00f3n personal en las siguientes situaciones:<\/p><ul><li>Cuando nos haya dado permiso para utilizar sus datos personales.<\/li><li>Cuando lo necesitemos para llevar a cabo el trato que pretendemos establecer o que ya hemos establecido con usted.<\/li><li>Cuando sea esencial para nuestros intereses leg\u00edtimos (o los intereses leg\u00edtimos de un tercero) y sus intereses y derechos fundamentales no prevalezcan sobre dichos intereses.<\/li><li>Cuando debamos cumplir un requisito legal o reglamentario.<\/li><\/ul><p>\u00bfC\u00f3mo puede gestionar el uso que hacemos de su informaci\u00f3n personal?<\/p><p>Puede negarse a facilitarnos sus datos personales y\/o negarse a hacer negocios con nosotros.\u00a0 Tambi\u00e9n puede ponerse en contacto con nosotros en cualquier momento para solicitar lo siguiente: acceso a sus datos personales, correcci\u00f3n de sus datos personales, eliminaci\u00f3n de sus datos personales o exclusi\u00f3n voluntaria de futuras comunicaciones por nuestra parte. Puede ponerse en contacto con nosotros por correo electr\u00f3nico o carta en las siguientes direcciones:<\/p><p>contact@gkkmarketing.com<\/p><p>Adem\u00e1s, tiene derecho a presentar una reclamaci\u00f3n ante los organismos supervisores de la protecci\u00f3n de datos, cuya identidad puede variar en funci\u00f3n de su lugar de residencia.<\/p><p>\u00a0<\/p><p>\u00bfC\u00f3mo protegemos y almacenamos la informaci\u00f3n personal?<\/p><p>Nuestro sitio web se analiza peri\u00f3dicamente en busca de fallos de seguridad y vulnerabilidades conocidas para que su visita sea lo m\u00e1s segura posible.<\/p><p>\u00a0<\/p><p>Utilizamos el escaneado de malware de forma regular.<\/p><p>Sus datos personales se mantienen detr\u00e1s de redes protegidas y s\u00f3lo son accesibles por unas pocas personas con privilegios de acceso particulares a dichos sistemas y que est\u00e1n obligadas a mantener en secreto los datos personales. Adem\u00e1s, cualquier informaci\u00f3n sensible\/de cr\u00e9dito que facilite est\u00e1 protegida mediante la tecnolog\u00eda Secure Socket Layer (SSL).<\/p><p>Cuando un usuario introduce, carga o accede a sus datos personales, empleamos una serie de procedimientos de seguridad para garantizar la protecci\u00f3n de sus datos personales.<\/p><p>Todas las transacciones son gestionadas por un proveedor externo y no se guardan ni procesan en nuestros sistemas.<\/p><p>\u00a0<\/p><p>\u00bfUtilizamos \"cookies\"?<\/p><p>Puede dar instrucciones a su ordenador para que le notifique cada vez que se transmita una cookie, o puede desactivar todas las cookies. Esto se hace a trav\u00e9s de la configuraci\u00f3n de su navegador (como Internet Explorer). Dado que cada navegador es un poco diferente, consulte el men\u00fa Ayuda de su navegador para descubrir c\u00f3mo cambiar las cookies correctamente.<\/p><p>Si desactiva las cookies, se eliminar\u00e1n varios aspectos que hacen que su experiencia en el sitio sea m\u00e1s eficiente, y algunos de nuestros servicios no funcionar\u00e1n correctamente.<\/p><p>No obstante, puede seguir enviando pedidos.<\/p><p>Las cookies y otras tecnolog\u00edas similares se utilizan para diferenciarle de otros usuarios de nuestros sitios web y aplicaciones (incluso cuando visita sitios web de terceros). Esto nos permite ofrecerle una mejor experiencia cuando utiliza nuestros servicios (por ejemplo, recordando su informaci\u00f3n de inicio de sesi\u00f3n y mejorando nuestros servicios). Tambi\u00e9n utilizamos cookies y tecnolog\u00edas similares para ofrecerle publicidad m\u00e1s espec\u00edfica, incluidos anuncios sobre nosotros en otros sitios web. Puede configurar su navegador para que rechace las cookies, pero es posible que algunos de nuestros servicios no funcionen correctamente.<\/p><p>\u00a0<\/p><p>Divulgaci\u00f3n de informaci\u00f3n a terceros<\/p><p>Podemos compartir su informaci\u00f3n personal con terceros en las siguientes circunstancias:<\/p><ul><li>Podemos revelar su informaci\u00f3n personal a nuestros socios comerciales, proveedores y subcontratistas que nos ofrecen servicios o que son necesarios para ejecutar un servicio que usted ha solicitado (por ejemplo, para procesar la informaci\u00f3n de pago que usted nos env\u00eda).<\/li><li>Podemos compartir informaci\u00f3n sobre su visita con proveedores de an\u00e1lisis y motores de b\u00fasqueda para mejorar y optimizar nuestros servicios. Solo compartimos esta informaci\u00f3n de forma que no le identifique directamente.<\/li><li>Si necesitamos la ayuda de expertos, podemos revelar su informaci\u00f3n personal a nuestros asesores profesionales (como abogados, contables y asesores financieros).<\/li><li>Si as\u00ed lo exige la ley, podemos revelar su informaci\u00f3n personal a las fuerzas del orden o a organismos reguladores.<\/li><\/ul><p>Hiperv\u00ednculos de terceros<\/p><p>Nuestro sitio web no contiene ni ofrece art\u00edculos o servicios de terceros.<\/p><p>\u00a0<\/p><p>Sitios web de terceros<\/p><p>https:\/\/gkkmarketing.com puede incluir enlaces a y desde sitios web mantenidos por terceros (\"Sitios web de terceros\"). No tenemos ning\u00fan control sobre los sitios web de terceros. No nos hacemos responsables del contenido de ning\u00fan sitio web de terceros ni de ning\u00fan enlace incluido en un sitio web de terceros. No evaluamos, autorizamos, supervisamos, recomendamos, garantizamos ni hacemos ninguna declaraci\u00f3n sobre los sitios web de terceros. Usted accede a cualquier Sitio Web de Terceros por su cuenta y riesgo, y reconoce y acepta que los Sitios Web de Terceros conectados pueden tener condiciones y pol\u00edticas de privacidad diferentes a las nuestras. Dichas disposiciones no son responsabilidad nuestra, y renunciamos expresamente a toda obligaci\u00f3n al respecto.<\/p><p>\u00a0<\/p><p>\u00bfC\u00f3mo gestiona nuestro sitio web las se\u00f1ales no-follow?<\/p><p>Cuando est\u00e1 activada la funci\u00f3n del navegador I Do Not Track (DNT), no rastreamos, no plantamos cookies ni utilizamos publicidad y no rastreamos, no plantamos cookies ni utilizamos publicidad. No las respetamos porque<\/p><ul><li>No rastreamos.<\/li><\/ul><p>\u00bfPermite nuestro sitio web el seguimiento del comportamiento por parte de terceros?<\/p><p>Tambi\u00e9n es crucial saber que no permitimos el rastreo del comportamiento por parte de terceros.<\/p><p>\u00a0<\/p><p>Ley de Protecci\u00f3n de Datos Personales de China (PIPL)<\/p><p>La Ley de Protecci\u00f3n de la Informaci\u00f3n Personal de China (PIPL) otorga a los padres autoridad sobre la recogida de informaci\u00f3n personal de menores de 13 a\u00f1os. La Comisi\u00f3n Federal de Comercio, organismo de protecci\u00f3n del consumidor del pa\u00eds, vela por el cumplimiento de la norma PIPL, que establece las obligaciones de los operadores de sitios web y servicios en l\u00ednea para salvaguardar la seguridad y privacidad de los ni\u00f1os en l\u00ednea.<\/p><p>Los menores de 13 a\u00f1os no constituyen expl\u00edcitamente un mercado objetivo para nosotros.<\/p><p>\u00a0<\/p><p>Pr\u00e1cticas de informaci\u00f3n justas<\/p><p>\u00a0<\/p><p>Los Principios de Pr\u00e1cticas Leales en materia de Informaci\u00f3n son la base de la legislaci\u00f3n sobre privacidad en Estados Unidos, y los principios que engloban han tenido un impacto considerable en el desarrollo de las leyes de protecci\u00f3n de datos en todo el mundo. Es vital comprender los Principios de Pr\u00e1cticas Leales de Informaci\u00f3n y c\u00f3mo deben aplicarse para cumplir las numerosas normativas sobre privacidad que salvaguardan la informaci\u00f3n personal.<\/p><p>\u00a0<\/p><p>Con el fin de cumplir con las Pr\u00e1cticas Leales de Informaci\u00f3n, adoptaremos las siguientes medidas correctivas en caso de violaci\u00f3n de datos:<\/p><p>Se lo notificaremos a los usuarios por correo electr\u00f3nico.<\/p><ul><li>En un d\u00eda laborable<\/li><\/ul><p>Tambi\u00e9n suscribimos el principio de reparaci\u00f3n individual, que establece que las personas deben tener la capacidad de reclamar derechos legalmente exigibles contra los recopiladores y procesadores de datos que infrinjan la ley. Este concepto exige que las personas no s\u00f3lo tengan derechos exigibles frente a los usuarios de datos, sino tambi\u00e9n que tengan acceso a los tribunales o a las autoridades gubernamentales para investigar y\/o sancionar el incumplimiento de los procesadores de datos.<\/p><p>\u00a0<\/p><p>Contacto<\/p><p>Si tiene alguna pregunta sobre esta pol\u00edtica de privacidad, puede ponerse en contacto con nosotros utilizando la informaci\u00f3n que figura a continuaci\u00f3n:<\/p><p>contact@gkkmarketing.com<\/p>\t\t\t\t\t\t\t\t<\/div>\n\t\t\t\t<\/div>\n\t\t\t\t<div class=\"elementor-element elementor-element-439c6dd1 elementor-widget elementor-widget-spacer\" data-id=\"439c6dd1\" data-element_type=\"widget\" data-widget_type=\"spacer.default\">\n\t\t\t\t<div class=\"elementor-widget-container\">\n\t\t\t\t\t\t\t<div class=\"elementor-spacer\">\n\t\t\t<div class=\"elementor-spacer-inner\"><\/div>\n\t\t<\/div>\n\t\t\t\t\t\t<\/div>\n\t\t\t\t<\/div>\n\t\t\t\t\t<\/div>\n\t\t<\/div>\n\t\t\t\t\t<\/div>\n\t\t<\/section>\n\t\t\t\t<\/div>","protected":false},"excerpt":{"rendered":"<p>PrivacyPolicy Privacy Policy Site last updated on May 26, 2023. HK GKK (&#8220;we&#8221;, &#8220;us&#8221;, &#8220;us&#8221;, &#8220;our&#8221;, and &#8220;ourselves&#8221;) business as HK GKK owns and operates this website; the data controller is HK GKK. This privacy statement and terms of service have been created to better accommodate people who are concerned about how their personal information [&hellip;]<\/p>","protected":false},"author":4,"featured_media":0,"parent":0,"menu_order":0,"comment_status":"closed","ping_status":"closed","template":"elementor_header_footer","meta":{"footnotes":""},"class_list":["post-129","page","type-page","status-publish","hentry"],"_links":{"self":[{"href":"https:\/\/gkkmarketing.com\/es\/wp-json\/wp\/v2\/pages\/129","targetHints":{"allow":["GET"]}}],"collection":[{"href":"https:\/\/gkkmarketing.com\/es\/wp-json\/wp\/v2\/pages"}],"about":[{"href":"https:\/\/gkkmarketing.com\/es\/wp-json\/wp\/v2\/types\/page"}],"author":[{"embeddable":true,"href":"https:\/\/gkkmarketing.com\/es\/wp-json\/wp\/v2\/users\/4"}],"replies":[{"embeddable":true,"href":"https:\/\/gkkmarketing.com\/es\/wp-json\/wp\/v2\/comments?post=129"}],"version-history":[{"count":19,"href":"https:\/\/gkkmarketing.com\/es\/wp-json\/wp\/v2\/pages\/129\/revisions"}],"predecessor-version":[{"id":483,"href":"https:\/\/gkkmarketing.com\/es\/wp-json\/wp\/v2\/pages\/129\/revisions\/483"}],"wp:attachment":[{"href":"https:\/\/gkkmarketing.com\/es\/wp-json\/wp\/v2\/media?parent=129"}],"curies":[{"name":"wp","href":"https:\/\/api.w.org\/{rel}","templated":true}]}}