{"id":151,"date":"2023-06-13T18:01:48","date_gmt":"2023-06-13T18:01:48","guid":{"rendered":"https:\/\/gkkmarketing.com\/?page_id=151"},"modified":"2023-06-15T00:51:26","modified_gmt":"2023-06-15T00:51:26","slug":"content-marketing","status":"publish","type":"page","link":"https:\/\/gkkmarketing.com\/es\/content-marketing\/","title":{"rendered":"Marketing de contenidos"},"content":{"rendered":"<div data-elementor-type=\"wp-page\" data-elementor-id=\"151\" class=\"elementor elementor-151\" data-elementor-post-type=\"page\">\n\t\t\t\t\t\t<section class=\"elementor-section elementor-top-section elementor-element elementor-element-3928dc4b elementor-section-height-min-height elementor-section-items-bottom elementor-section-content-bottom elementor-section-boxed elementor-section-height-default elementor-invisible\" data-id=\"3928dc4b\" data-element_type=\"section\" data-settings=\"{&quot;background_background&quot;:&quot;classic&quot;,&quot;animation&quot;:&quot;fadeIn&quot;}\">\n\t\t\t\t\t\t\t<div class=\"elementor-background-overlay\"><\/div>\n\t\t\t\t\t\t\t<div class=\"elementor-container elementor-column-gap-default\">\n\t\t\t\t\t<div class=\"elementor-column elementor-col-100 elementor-top-column elementor-element elementor-element-54648e9\" data-id=\"54648e9\" data-element_type=\"column\">\n\t\t\t<div class=\"elementor-widget-wrap elementor-element-populated\">\n\t\t\t\t\t\t<div class=\"elementor-element elementor-element-23849a29 elementor-widget__width-initial elementor-absolute animated-fast elementor-invisible elementor-widget elementor-widget-heading\" data-id=\"23849a29\" data-element_type=\"widget\" data-settings=\"{&quot;motion_fx_motion_fx_scrolling&quot;:&quot;yes&quot;,&quot;motion_fx_rotateZ_effect&quot;:&quot;yes&quot;,&quot;motion_fx_rotateZ_speed&quot;:{&quot;unit&quot;:&quot;px&quot;,&quot;size&quot;:5.4000000000000003552713678800500929355621337890625,&quot;sizes&quot;:[]},&quot;motion_fx_rotateZ_affectedRange&quot;:{&quot;unit&quot;:&quot;%&quot;,&quot;size&quot;:&quot;&quot;,&quot;sizes&quot;:{&quot;start&quot;:0,&quot;end&quot;:0}},&quot;_position&quot;:&quot;absolute&quot;,&quot;_animation&quot;:&quot;slideInUp&quot;,&quot;_animation_delay&quot;:300,&quot;motion_fx_devices&quot;:[&quot;desktop&quot;,&quot;tablet&quot;]}\" data-widget_type=\"heading.default\">\n\t\t\t\t<div class=\"elementor-widget-container\">\n\t\t\t\t\t<h1 class=\"elementor-heading-title elementor-size-default\">Marketing de contenidos<\/h1>\t\t\t\t<\/div>\n\t\t\t\t<\/div>\n\t\t\t\t\t<\/div>\n\t\t<\/div>\n\t\t\t\t\t<\/div>\n\t\t<\/section>\n\t\t\t\t<section class=\"elementor-section elementor-top-section elementor-element elementor-element-59a9d68b elementor-section-boxed elementor-section-height-default elementor-section-height-default\" data-id=\"59a9d68b\" data-element_type=\"section\">\n\t\t\t\t\t\t<div class=\"elementor-container elementor-column-gap-default\">\n\t\t\t\t\t<div class=\"elementor-column elementor-col-50 elementor-top-column elementor-element elementor-element-e581046\" data-id=\"e581046\" data-element_type=\"column\">\n\t\t\t<div class=\"elementor-widget-wrap elementor-element-populated\">\n\t\t\t\t\t\t<div class=\"elementor-element elementor-element-37fb441 elementor-invisible elementor-widget elementor-widget-heading\" data-id=\"37fb441\" data-element_type=\"widget\" data-settings=\"{&quot;_animation&quot;:&quot;fadeIn&quot;,&quot;_animation_delay&quot;:150}\" data-widget_type=\"heading.default\">\n\t\t\t\t<div class=\"elementor-widget-container\">\n\t\t\t\t\t<h2 class=\"elementor-heading-title elementor-size-default\">Marketing de contenidos<\/h2>\t\t\t\t<\/div>\n\t\t\t\t<\/div>\n\t\t\t\t<section class=\"elementor-section elementor-inner-section elementor-element elementor-element-6d1a03e4 elementor-section-boxed elementor-section-height-default elementor-section-height-default\" data-id=\"6d1a03e4\" data-element_type=\"section\">\n\t\t\t\t\t\t<div class=\"elementor-container elementor-column-gap-default\">\n\t\t\t\t\t<div class=\"elementor-column elementor-col-50 elementor-inner-column elementor-element elementor-element-2b143902 elementor-invisible\" data-id=\"2b143902\" data-element_type=\"column\" data-settings=\"{&quot;animation&quot;:&quot;fadeInUp&quot;,&quot;animation_delay&quot;:300}\">\n\t\t\t<div class=\"elementor-widget-wrap elementor-element-populated\">\n\t\t\t\t\t\t<div class=\"elementor-element elementor-element-23ae80b elementor-widget__width-auto elementor-widget elementor-widget-heading\" data-id=\"23ae80b\" data-element_type=\"widget\" data-widget_type=\"heading.default\">\n\t\t\t\t<div class=\"elementor-widget-container\">\n\t\t\t\t\t<span class=\"elementor-heading-title elementor-size-default\">Consigue tu objetivo<\/span>\t\t\t\t<\/div>\n\t\t\t\t<\/div>\n\t\t\t\t\t<\/div>\n\t\t<\/div>\n\t\t\t\t<div class=\"elementor-column elementor-col-50 elementor-inner-column elementor-element elementor-element-37a31ab6\" data-id=\"37a31ab6\" data-element_type=\"column\">\n\t\t\t<div class=\"elementor-widget-wrap\">\n\t\t\t\t\t\t\t<\/div>\n\t\t<\/div>\n\t\t\t\t\t<\/div>\n\t\t<\/section>\n\t\t\t\t\t<\/div>\n\t\t<\/div>\n\t\t\t\t<div class=\"elementor-column elementor-col-50 elementor-top-column elementor-element elementor-element-8dcf505\" data-id=\"8dcf505\" data-element_type=\"column\">\n\t\t\t<div class=\"elementor-widget-wrap elementor-element-populated\">\n\t\t\t\t\t\t<div class=\"elementor-element elementor-element-1657d27 elementor-invisible elementor-widget elementor-widget-text-editor\" data-id=\"1657d27\" data-element_type=\"widget\" data-settings=\"{&quot;_animation&quot;:&quot;fadeIn&quot;,&quot;_animation_delay&quot;:300}\" data-widget_type=\"text-editor.default\">\n\t\t\t\t<div class=\"elementor-widget-container\">\n\t\t\t\t\t\t\t\t\t<p>Para generar reacciones lucrativas basadas en los contenidos, el marketing de contenidos se centra en producir y difundir informaci\u00f3n \u00fatil y educativa en diversos formatos.<\/p><p>Para lograr su objetivo de llegar a clientes potenciales, el marketing de contenidos implica asegurarse de que la informaci\u00f3n que est\u00e1 produciendo y difundiendo est\u00e1 claramente definida y es coherente. As\u00ed que ten en cuenta que cuando escuches la frase \"el contenido es el rey\", se refiere al hecho de que todas las t\u00e1cticas de marketing digital comienzan con contenido de alta calidad.<\/p>\t\t\t\t\t\t\t\t<\/div>\n\t\t\t\t<\/div>\n\t\t\t\t\t<\/div>\n\t\t<\/div>\n\t\t\t\t\t<\/div>\n\t\t<\/section>\n\t\t\t\t<section class=\"elementor-section elementor-top-section elementor-element elementor-element-bb39895 elementor-section-boxed elementor-section-height-default elementor-section-height-default elementor-invisible\" data-id=\"bb39895\" data-element_type=\"section\" data-settings=\"{&quot;animation&quot;:&quot;fadeIn&quot;,&quot;animation_delay&quot;:300}\">\n\t\t\t\t\t\t<div class=\"elementor-container elementor-column-gap-default\">\n\t\t\t\t\t<div class=\"elementor-column elementor-col-100 elementor-top-column elementor-element elementor-element-da9913b\" data-id=\"da9913b\" data-element_type=\"column\" data-settings=\"{&quot;background_background&quot;:&quot;classic&quot;,&quot;animation&quot;:&quot;none&quot;}\">\n\t\t\t<div class=\"elementor-widget-wrap elementor-element-populated\">\n\t\t\t\t\t\t<div class=\"elementor-element elementor-element-36c6c4a elementor-widget elementor-widget-spacer\" data-id=\"36c6c4a\" data-element_type=\"widget\" data-widget_type=\"spacer.default\">\n\t\t\t\t<div class=\"elementor-widget-container\">\n\t\t\t\t\t\t\t<div class=\"elementor-spacer\">\n\t\t\t<div class=\"elementor-spacer-inner\"><\/div>\n\t\t<\/div>\n\t\t\t\t\t\t<\/div>\n\t\t\t\t<\/div>\n\t\t\t\t<div class=\"elementor-element elementor-element-a78a190 elementor-widget elementor-widget-heading\" data-id=\"a78a190\" data-element_type=\"widget\" data-widget_type=\"heading.default\">\n\t\t\t\t<div class=\"elementor-widget-container\">\n\t\t\t\t\t<h3 class=\"elementor-heading-title elementor-size-default\">Estrategia de contenidos<\/h3>\t\t\t\t<\/div>\n\t\t\t\t<\/div>\n\t\t\t\t<div class=\"elementor-element elementor-element-e5c1908 elementor-widget elementor-widget-text-editor\" data-id=\"e5c1908\" data-element_type=\"widget\" data-widget_type=\"text-editor.default\">\n\t\t\t\t<div class=\"elementor-widget-container\">\n\t\t\t\t\t\t\t\t\t<p>Nuestro equipo de marketing de contenidos colaborar\u00e1 en primer lugar con su empresa para comprender completamente su organizaci\u00f3n, objetivos y sector. A continuaci\u00f3n, trabajaremos con usted para crear un plan de marketing de contenidos \u00fanico que aumente la visibilidad del contenido de su sitio web en los resultados de los motores de b\u00fasqueda e incremente la conversi\u00f3n de los consumidores.<\/p><p>El componente fundamental de nuestra estrategia de contenidos es la investigaci\u00f3n de palabras clave. Nuestro equipo puede crear contenidos \u00fanicos, valiosos y perennes que atraigan tr\u00e1fico espec\u00edfico y de alta calidad a su sitio web mediante el estudio de las palabras clave que son importantes para su audiencia.<\/p><p>Al realizar la investigaci\u00f3n de palabras clave como su proveedor de servicios de marketing de contenidos, tenemos en cuenta una serie de aspectos, como:<\/p><p><strong>Volumen de b\u00fasqueda:<\/strong> Es fundamental proporcionar contenido para palabras clave que reciban un nivel respetable de b\u00fasquedas mensuales. Tambi\u00e9n tenemos en cuenta los t\u00e9rminos con un menor volumen de b\u00fasquedas ya que, aunque un mayor volumen de b\u00fasquedas es fant\u00e1stico, no siempre equivale a alcanzar tus objetivos.<\/p><p><strong>Competici\u00f3n:<\/strong> Dependiendo de las condiciones de SEO de su sitio web, el posicionamiento en palabras clave altamente competitivas puede resultar dif\u00edcil. Por ello, nuestros servicios de SEO org\u00e1nico son el complemento ideal para nuestras ofertas de marketing de contenidos.<\/p><p><strong>Coste por clic (CPC):<\/strong> El CPC es otro elemento que debe tenerse en cuenta al realizar la investigaci\u00f3n de palabras clave. Nuestros expertos pueden estimar el valor potencial de la palabra clave tanto para su empresa como para sus rivales utilizando esta cifra.<\/p><p><strong>Intenci\u00f3n del usuario:<\/strong> Durante la b\u00fasqueda de palabras clave, uno de los factores m\u00e1s importantes es la intenci\u00f3n del usuario. Su contenido no funcionar\u00e1 bien si no responde a la intenci\u00f3n del usuario que subyace al t\u00e9rmino. Por eso, nuestro personal examina cuidadosamente la intenci\u00f3n del usuario de cada t\u00e9rmino.<\/p><p>Una vez finalizada nuestra investigaci\u00f3n de palabras clave, creamos una estrategia de contenidos para usted.<\/p>\t\t\t\t\t\t\t\t<\/div>\n\t\t\t\t<\/div>\n\t\t\t\t<div class=\"elementor-element elementor-element-ab2bbfd elementor-widget elementor-widget-spacer\" data-id=\"ab2bbfd\" data-element_type=\"widget\" data-widget_type=\"spacer.default\">\n\t\t\t\t<div class=\"elementor-widget-container\">\n\t\t\t\t\t\t\t<div class=\"elementor-spacer\">\n\t\t\t<div class=\"elementor-spacer-inner\"><\/div>\n\t\t<\/div>\n\t\t\t\t\t\t<\/div>\n\t\t\t\t<\/div>\n\t\t\t\t\t<\/div>\n\t\t<\/div>\n\t\t\t\t\t<\/div>\n\t\t<\/section>\n\t\t\t\t<section class=\"elementor-section elementor-top-section elementor-element elementor-element-7ada8ac0 elementor-section-boxed elementor-section-height-default elementor-section-height-default elementor-invisible\" data-id=\"7ada8ac0\" data-element_type=\"section\" data-settings=\"{&quot;animation&quot;:&quot;fadeIn&quot;,&quot;animation_delay&quot;:300}\">\n\t\t\t\t\t\t<div class=\"elementor-container elementor-column-gap-default\">\n\t\t\t\t\t<div class=\"elementor-column elementor-col-100 elementor-top-column elementor-element elementor-element-752e21f\" data-id=\"752e21f\" data-element_type=\"column\">\n\t\t\t<div class=\"elementor-widget-wrap elementor-element-populated\">\n\t\t\t\t\t\t<div class=\"elementor-element elementor-element-3373dc9f elementor-widget elementor-widget-heading\" data-id=\"3373dc9f\" data-element_type=\"widget\" data-widget_type=\"heading.default\">\n\t\t\t\t<div class=\"elementor-widget-container\">\n\t\t\t\t\t<h3 class=\"elementor-heading-title elementor-size-default\">Desarrollo de contenidos<\/h3>\t\t\t\t<\/div>\n\t\t\t\t<\/div>\n\t\t\t\t<div class=\"elementor-element elementor-element-50542a73 elementor-widget elementor-widget-text-editor\" data-id=\"50542a73\" data-element_type=\"widget\" data-widget_type=\"text-editor.default\">\n\t\t\t\t<div class=\"elementor-widget-container\">\n\t\t\t\t\t\t\t\t\t<p>Nuestros servicios se centran en la elaboraci\u00f3n de un calendario de gesti\u00f3n de contenidos. En esta fase creamos un calendario de contenidos para su plan. Tambi\u00e9n decidimos cu\u00e1ndo debe redactarse el material y enviarlo a su equipo para que lo eval\u00fae.<\/p><p>Su paquete de servicios de marketing de contenidos determina la cantidad de material que creamos. Tenga en cuenta que siempre puede solicitar a nuestro equipo de planificaci\u00f3n un paquete personalizado si desea que sus servicios de gesti\u00f3n de marketing de contenidos contengan m\u00e1s de 10 piezas de contenido cada mes.<\/p><p>Su gestor de cuenta personal le guiar\u00e1 a trav\u00e9s de nuestra plataforma de gesti\u00f3n de proyectos recomendada tambi\u00e9n en este momento. Puedes hacerles cualquier pregunta y estar\u00e1n encantados de responderte y ayudarte a resolver cualquier problema.<\/p><p><strong>Creaci\u00f3n de contenidos:<\/strong> Es un componente clave de nuestros servicios de marketing de contenidos.<\/p><p>Proporcionamos una gran variedad de tipos de contenido, incluidos contenidos de formato largo, entradas de blog, infograf\u00edas, tutoriales en l\u00ednea, material optimizado para voz, libros blancos y mucho m\u00e1s para la estrategia de su empresa con la ayuda de nuestros gestores de proyectos, autores y dise\u00f1adores gr\u00e1ficos profesionales.<\/p><p>Cada t\u00e9cnica var\u00eda tambi\u00e9n en funci\u00f3n de sus exigencias particulares. Despu\u00e9s, nuestro equipo de editores examina cada pieza de contenido para asegurarse de que cumple las directrices de su marca. Su dedicado gestor de cuentas remitir\u00e1 los entregables a su equipo para que los revise y haga los comentarios oportunos una vez revisados.<\/p><p>Nuestro personal se encargar\u00e1 r\u00e1pidamente de realizar los ajustes necesarios.<\/p><p><strong>Optimizaci\u00f3n de contenidos: <\/strong>Adem\u00e1s de nuestros redactores, su gestor de cuenta especializado optimizar\u00e1 sus contenidos para las b\u00fasquedas. Por ejemplo, desarrollar\u00e1 una etiqueta de t\u00edtulo y una meta descripci\u00f3n atractivas si publica un contenido largo en su sitio web.<\/p><p>Como consecuencia, la informaci\u00f3n se optimiza tanto para los consumidores como para los motores de b\u00fasqueda. Proporcionamos a su material las mejores posibilidades de \u00e9xito optimiz\u00e1ndolo para ambos p\u00fablicos. Como consecuencia, no s\u00f3lo conectar\u00e1 con su p\u00fablico objetivo, sino que tambi\u00e9n tendr\u00e1 un buen rendimiento en los resultados de los motores de b\u00fasqueda.<\/p><p><strong>Promoci\u00f3n de contenidos:<\/strong><\/p><p>Los servicios de nuestra agencia de marketing de contenidos tambi\u00e9n abarcan la promoci\u00f3n de contenidos, adem\u00e1s de su desarrollo. Su material ser\u00e1 compartido en los sitios web y redes sociales m\u00e1s importantes para su empresa por nuestra experta red de personas influyentes del sector.<\/p><p>Puede aumentar el reconocimiento de su marca y difundir su mensaje a m\u00e1s personas promocionando sus contenidos. El tr\u00e1fico de su sitio web, las conversiones y los ingresos aumentar\u00e1n a medida que m\u00e1s personas interact\u00faen con su contenido en l\u00ednea.<\/p><p>Tambi\u00e9n podemos publicitar sus medios propios en l\u00ednea mediante t\u00e9cnicas de pago como el pago por clic. Por ejemplo, la publicidad en redes sociales es una gran t\u00e9cnica de campa\u00f1a de marketing de contenidos para promocionar contenidos.<\/p><p><strong>Informes de contenido: <\/strong>Despu\u00e9s de producir y publicitar sus contenidos, seguimos trabajando. Los informes personalizados son una caracter\u00edstica de nuestras soluciones de marketing de contenidos que le permiten realizar un seguimiento del retorno de la inversi\u00f3n (ROI) y obtener los mejores resultados de sus esfuerzos de marketing.<\/p><p>Obtendr\u00e1 un informe mensual del plan de marketing de contenidos como parte de nuestros agresivos paquetes de servicios de marketing de contenidos l\u00edderes en el sector. Este informe fue creado por su gestor de cuentas comprometido y contiene una gran cantidad de datos \u00fatiles que puede proporcionar a los responsables de la toma de decisiones en su empresa.<\/p><p>Tendr\u00e1 acceso a datos inteligentes independientemente del nivel de nuestros servicios de gesti\u00f3n de marketing de contenidos que elija.<\/p>\t\t\t\t\t\t\t\t<\/div>\n\t\t\t\t<\/div>\n\t\t\t\t<div class=\"elementor-element elementor-element-bf21b3f elementor-widget elementor-widget-heading\" data-id=\"bf21b3f\" data-element_type=\"widget\" data-widget_type=\"heading.default\">\n\t\t\t\t<div class=\"elementor-widget-container\">\n\t\t\t\t\t<h3 class=\"elementor-heading-title elementor-size-default\">Obtenga ahora servicios de marketing de contenidos<\/h3>\t\t\t\t<\/div>\n\t\t\t\t<\/div>\n\t\t\t\t<div class=\"elementor-element elementor-element-5a06beb elementor-widget elementor-widget-button\" data-id=\"5a06beb\" data-element_type=\"widget\" data-widget_type=\"button.default\">\n\t\t\t\t<div class=\"elementor-widget-container\">\n\t\t\t\t\t\t\t\t\t<div class=\"elementor-button-wrapper\">\n\t\t\t\t\t<a class=\"elementor-button elementor-button-link elementor-size-md elementor-animation-grow\" href=\"https:\/\/gkkmarketing.com\/es\/contact-us\/\">\n\t\t\t\t\t\t<span class=\"elementor-button-content-wrapper\">\n\t\t\t\t\t\t<span class=\"elementor-button-icon\">\n\t\t\t\t<i aria-hidden=\"true\" class=\"far fa-comments\"><\/i>\t\t\t<\/span>\n\t\t\t\t\t\t\t\t\t<span class=\"elementor-button-text\">Cont\u00e1ctenos<\/span>\n\t\t\t\t\t<\/span>\n\t\t\t\t\t<\/a>\n\t\t\t\t<\/div>\n\t\t\t\t\t\t\t\t<\/div>\n\t\t\t\t<\/div>\n\t\t\t\t\t<\/div>\n\t\t<\/div>\n\t\t\t\t\t<\/div>\n\t\t<\/section>\n\t\t\t\t<\/div>","protected":false},"excerpt":{"rendered":"<p>Content Marketing Content Marketing Achieve your goal In order to generate lucrative reactions based on the content, content marketing focuses on producing and disseminating useful and educational information in a variety of formats. In order to achieve your goal of reaching potential clients, content marketing entails making sure that the information you&#8217;re producing and disseminating [&hellip;]<\/p>","protected":false},"author":4,"featured_media":0,"parent":0,"menu_order":0,"comment_status":"closed","ping_status":"closed","template":"elementor_header_footer","meta":{"footnotes":""},"class_list":["post-151","page","type-page","status-publish","hentry"],"_links":{"self":[{"href":"https:\/\/gkkmarketing.com\/es\/wp-json\/wp\/v2\/pages\/151","targetHints":{"allow":["GET"]}}],"collection":[{"href":"https:\/\/gkkmarketing.com\/es\/wp-json\/wp\/v2\/pages"}],"about":[{"href":"https:\/\/gkkmarketing.com\/es\/wp-json\/wp\/v2\/types\/page"}],"author":[{"embeddable":true,"href":"https:\/\/gkkmarketing.com\/es\/wp-json\/wp\/v2\/users\/4"}],"replies":[{"embeddable":true,"href":"https:\/\/gkkmarketing.com\/es\/wp-json\/wp\/v2\/comments?post=151"}],"version-history":[{"count":10,"href":"https:\/\/gkkmarketing.com\/es\/wp-json\/wp\/v2\/pages\/151\/revisions"}],"predecessor-version":[{"id":279,"href":"https:\/\/gkkmarketing.com\/es\/wp-json\/wp\/v2\/pages\/151\/revisions\/279"}],"wp:attachment":[{"href":"https:\/\/gkkmarketing.com\/es\/wp-json\/wp\/v2\/media?parent=151"}],"curies":[{"name":"wp","href":"https:\/\/api.w.org\/{rel}","templated":true}]}}