{"id":160,"date":"2023-06-13T18:08:32","date_gmt":"2023-06-13T18:08:32","guid":{"rendered":"https:\/\/gkkmarketing.com\/?page_id=160"},"modified":"2023-06-20T15:00:35","modified_gmt":"2023-06-20T15:00:35","slug":"digital-marketing-strategy","status":"publish","type":"page","link":"https:\/\/gkkmarketing.com\/es\/digital-marketing-strategy\/","title":{"rendered":"Estrategia de marketing digital"},"content":{"rendered":"<div data-elementor-type=\"wp-page\" data-elementor-id=\"160\" class=\"elementor elementor-160\" data-elementor-post-type=\"page\">\n\t\t\t\t\t\t<section class=\"elementor-section elementor-top-section elementor-element elementor-element-3928dc4b elementor-section-height-min-height elementor-section-items-bottom elementor-section-content-bottom elementor-section-boxed elementor-section-height-default elementor-invisible\" data-id=\"3928dc4b\" data-element_type=\"section\" data-settings=\"{&quot;background_background&quot;:&quot;classic&quot;,&quot;animation&quot;:&quot;fadeIn&quot;}\">\n\t\t\t\t\t\t\t<div class=\"elementor-background-overlay\"><\/div>\n\t\t\t\t\t\t\t<div class=\"elementor-container elementor-column-gap-default\">\n\t\t\t\t\t<div class=\"elementor-column elementor-col-100 elementor-top-column elementor-element elementor-element-54648e9\" data-id=\"54648e9\" data-element_type=\"column\">\n\t\t\t<div class=\"elementor-widget-wrap elementor-element-populated\">\n\t\t\t\t\t\t<div class=\"elementor-element elementor-element-23849a29 elementor-widget__width-initial elementor-absolute animated-fast elementor-invisible elementor-widget elementor-widget-heading\" data-id=\"23849a29\" data-element_type=\"widget\" data-settings=\"{&quot;motion_fx_motion_fx_scrolling&quot;:&quot;yes&quot;,&quot;motion_fx_rotateZ_effect&quot;:&quot;yes&quot;,&quot;motion_fx_rotateZ_speed&quot;:{&quot;unit&quot;:&quot;px&quot;,&quot;size&quot;:5.4000000000000003552713678800500929355621337890625,&quot;sizes&quot;:[]},&quot;motion_fx_rotateZ_affectedRange&quot;:{&quot;unit&quot;:&quot;%&quot;,&quot;size&quot;:&quot;&quot;,&quot;sizes&quot;:{&quot;start&quot;:0,&quot;end&quot;:0}},&quot;_position&quot;:&quot;absolute&quot;,&quot;_animation&quot;:&quot;slideInUp&quot;,&quot;_animation_delay&quot;:300,&quot;motion_fx_devices&quot;:[&quot;desktop&quot;,&quot;tablet&quot;]}\" data-widget_type=\"heading.default\">\n\t\t\t\t<div class=\"elementor-widget-container\">\n\t\t\t\t\t<h1 class=\"elementor-heading-title elementor-size-default\">Estrategia de marketing digital<\/h1>\t\t\t\t<\/div>\n\t\t\t\t<\/div>\n\t\t\t\t\t<\/div>\n\t\t<\/div>\n\t\t\t\t\t<\/div>\n\t\t<\/section>\n\t\t\t\t<section class=\"elementor-section elementor-top-section elementor-element elementor-element-59a9d68b elementor-section-boxed elementor-section-height-default elementor-section-height-default\" data-id=\"59a9d68b\" data-element_type=\"section\">\n\t\t\t\t\t\t<div class=\"elementor-container elementor-column-gap-default\">\n\t\t\t\t\t<div class=\"elementor-column elementor-col-50 elementor-top-column elementor-element elementor-element-e581046\" data-id=\"e581046\" data-element_type=\"column\">\n\t\t\t<div class=\"elementor-widget-wrap elementor-element-populated\">\n\t\t\t\t\t\t<div class=\"elementor-element elementor-element-37fb441 elementor-invisible elementor-widget elementor-widget-heading\" data-id=\"37fb441\" data-element_type=\"widget\" data-settings=\"{&quot;_animation&quot;:&quot;fadeIn&quot;,&quot;_animation_delay&quot;:150}\" data-widget_type=\"heading.default\">\n\t\t\t\t<div class=\"elementor-widget-container\">\n\t\t\t\t\t<h2 class=\"elementor-heading-title elementor-size-default\">Estrategia de marketing digital<\/h2>\t\t\t\t<\/div>\n\t\t\t\t<\/div>\n\t\t\t\t<section class=\"elementor-section elementor-inner-section elementor-element elementor-element-6d1a03e4 elementor-section-boxed elementor-section-height-default elementor-section-height-default\" data-id=\"6d1a03e4\" data-element_type=\"section\">\n\t\t\t\t\t\t<div class=\"elementor-container elementor-column-gap-default\">\n\t\t\t\t\t<div class=\"elementor-column elementor-col-50 elementor-inner-column elementor-element elementor-element-2b143902 elementor-invisible\" data-id=\"2b143902\" data-element_type=\"column\" data-settings=\"{&quot;animation&quot;:&quot;fadeInUp&quot;,&quot;animation_delay&quot;:300}\">\n\t\t\t<div class=\"elementor-widget-wrap elementor-element-populated\">\n\t\t\t\t\t\t<div class=\"elementor-element elementor-element-23ae80b elementor-widget__width-auto elementor-widget elementor-widget-heading\" data-id=\"23ae80b\" data-element_type=\"widget\" data-widget_type=\"heading.default\">\n\t\t\t\t<div class=\"elementor-widget-container\">\n\t\t\t\t\t<span class=\"elementor-heading-title elementor-size-default\">M\u00e1s ventas<\/span>\t\t\t\t<\/div>\n\t\t\t\t<\/div>\n\t\t\t\t\t<\/div>\n\t\t<\/div>\n\t\t\t\t<div class=\"elementor-column elementor-col-50 elementor-inner-column elementor-element elementor-element-37a31ab6\" data-id=\"37a31ab6\" data-element_type=\"column\">\n\t\t\t<div class=\"elementor-widget-wrap\">\n\t\t\t\t\t\t\t<\/div>\n\t\t<\/div>\n\t\t\t\t\t<\/div>\n\t\t<\/section>\n\t\t\t\t\t<\/div>\n\t\t<\/div>\n\t\t\t\t<div class=\"elementor-column elementor-col-50 elementor-top-column elementor-element elementor-element-8dcf505\" data-id=\"8dcf505\" data-element_type=\"column\">\n\t\t\t<div class=\"elementor-widget-wrap elementor-element-populated\">\n\t\t\t\t\t\t<div class=\"elementor-element elementor-element-1657d27 elementor-invisible elementor-widget elementor-widget-text-editor\" data-id=\"1657d27\" data-element_type=\"widget\" data-settings=\"{&quot;_animation&quot;:&quot;fadeIn&quot;,&quot;_animation_delay&quot;:300}\" data-widget_type=\"text-editor.default\">\n\t\t\t\t<div class=\"elementor-widget-container\">\n\t\t\t\t\t\t\t\t\t<p>Los vendedores y proveedores de servicios instan constantemente a los propietarios de peque\u00f1as empresas a gastar dinero en cosas como ese nuevo material promocional excepcional o esa oportunidad publicitaria \u00fanica en la vida. Puede resultar muy intimidante y, lo que es m\u00e1s importante, un despilfarro de un dinero ganado con mucho esfuerzo. Hay innumerables formas de publicitar su empresa, y muchas de ellas se traducir\u00e1n en m\u00e1s ventas, pero eso no es lo \u00fanico que importa. Utilizar y controlar los canales de marketing que producen el mayor valor y efecto por cada d\u00f3lar invertido es el verdadero marketing.<\/p>\t\t\t\t\t\t\t\t<\/div>\n\t\t\t\t<\/div>\n\t\t\t\t\t<\/div>\n\t\t<\/div>\n\t\t\t\t\t<\/div>\n\t\t<\/section>\n\t\t\t\t<section class=\"elementor-section elementor-top-section elementor-element elementor-element-4551eefc elementor-section-boxed elementor-section-height-default elementor-section-height-default elementor-invisible\" data-id=\"4551eefc\" data-element_type=\"section\" data-settings=\"{&quot;animation&quot;:&quot;fadeIn&quot;,&quot;animation_delay&quot;:300}\">\n\t\t\t\t\t\t<div class=\"elementor-container elementor-column-gap-default\">\n\t\t\t\t\t<div class=\"elementor-column elementor-col-100 elementor-top-column elementor-element elementor-element-3ae35865\" data-id=\"3ae35865\" data-element_type=\"column\" data-settings=\"{&quot;background_background&quot;:&quot;classic&quot;,&quot;animation&quot;:&quot;none&quot;}\">\n\t\t\t<div class=\"elementor-widget-wrap elementor-element-populated\">\n\t\t\t\t\t\t<div class=\"elementor-element elementor-element-5fa5b3fc elementor-widget elementor-widget-spacer\" data-id=\"5fa5b3fc\" data-element_type=\"widget\" data-widget_type=\"spacer.default\">\n\t\t\t\t<div class=\"elementor-widget-container\">\n\t\t\t\t\t\t\t<div class=\"elementor-spacer\">\n\t\t\t<div class=\"elementor-spacer-inner\"><\/div>\n\t\t<\/div>\n\t\t\t\t\t\t<\/div>\n\t\t\t\t<\/div>\n\t\t\t\t<div class=\"elementor-element elementor-element-ccd490d elementor-widget elementor-widget-text-editor\" data-id=\"ccd490d\" data-element_type=\"widget\" data-widget_type=\"text-editor.default\">\n\t\t\t\t<div class=\"elementor-widget-container\">\n\t\t\t\t\t\t\t\t\t<p>A primera vista, desarrollar un plan de marketing puede parecer algo aterrador. No cabe duda de que usted es una autoridad en su campo, pero el marketing es un elemento crucial para atraer a m\u00e1s clientes. Combinando su experiencia en el negocio con nuestro historial de resultados con herramientas de marketing, podemos reducir significativamente la carga asociada al desarrollo y la aplicaci\u00f3n de un plan de marketing.<\/p><p>Nuestra empresa ofrece a las peque\u00f1as empresas servicios de desarrollo de estrategias de marketing en los que les ayudamos a establecer objetivos de marketing, investigar los comportamientos y oportunidades de su mercado objetivo, identificar los canales de marketing m\u00e1s prometedores, crear y supervisar un plan de ejecuci\u00f3n y controlar los resultados resultantes.<\/p>\t\t\t\t\t\t\t\t<\/div>\n\t\t\t\t<\/div>\n\t\t\t\t<div class=\"elementor-element elementor-element-cff4a43 elementor-widget elementor-widget-heading\" data-id=\"cff4a43\" data-element_type=\"widget\" data-widget_type=\"heading.default\">\n\t\t\t\t<div class=\"elementor-widget-container\">\n\t\t\t\t\t<h3 class=\"elementor-heading-title elementor-size-default\">Nuestras estrategias<\/h3>\t\t\t\t<\/div>\n\t\t\t\t<\/div>\n\t\t\t\t<div class=\"elementor-element elementor-element-98e1922 elementor-widget elementor-widget-text-editor\" data-id=\"98e1922\" data-element_type=\"widget\" data-widget_type=\"text-editor.default\">\n\t\t\t\t<div class=\"elementor-widget-container\">\n\t\t\t\t\t\t\t\t\t<p><strong>Palabras clave An\u00e1lisis: <\/strong>Analizar las palabras clave a las que desea dirigirse, as\u00ed como las palabras clave a las que se dirigen sus competidores, es el primer paso de nuestra metodolog\u00eda. Los expertos en SEO de HK GKK recopilar\u00e1n estos datos y utilizar\u00e1n sofisticados m\u00e9todos de optimizaci\u00f3n de b\u00fasquedas para proporcionar m\u00e1s ideas de palabras clave. Como consecuencia, se elaborar\u00e1 una lista de posibles segmentos de palabras clave, entre los que podr\u00e1 elegir.<\/p><p><strong>Asignaci\u00f3n de palabras clave: <\/strong>Un an\u00e1lisis de palabras clave nos ha proporcionado los conocimientos necesarios para tomar decisiones. El experto en SEO de nuestra empresa proporcionar\u00e1 a las p\u00e1ginas de su sitio web una designaci\u00f3n de palabras clave. Puesto que actuar\u00e1 como hoja de ruta de la campa\u00f1a, esta parte de la estrategia es esencial.<\/p><p>Ahora que conocemos las palabras clave para las que queremos que se posicione cada p\u00e1gina, podemos empezar el SEO in situ. HK GKK trabaja duro para terminar el proceso de SEO en el sitio r\u00e1pidamente con el fin de ver los beneficios de inmediato. S\u00ed, el SEO lleva su tiempo.<\/p><p><strong>Optimizaci\u00f3n del c\u00f3digo para la optimizaci\u00f3n de motores de b\u00fasqueda in situ: <\/strong>Encontrar una empresa de optimizaci\u00f3n de motores de b\u00fasqueda que ofrezca el mismo grado de optimizaci\u00f3n de c\u00f3digo que HK GKK es todo un reto. Puede confiar en que su sitio est\u00e1 en buenas manos porque una de nuestras especialidades clave es la optimizaci\u00f3n de sitios web. La reparaci\u00f3n de cualquier c\u00f3digo defectuoso ser\u00e1 el primer paso en la optimizaci\u00f3n de su c\u00f3digo. A continuaci\u00f3n, se optimizar\u00e1n los t\u00edtulos de las p\u00e1ginas, las meta descripciones y las palabras clave.<\/p><p>Adem\u00e1s, nos aseguraremos de que los motores de b\u00fasqueda puedan rastrear su contenido, de que ninguna p\u00e1gina est\u00e9 bloqueada, de que todos los enlaces est\u00e9n activos y de que el backend est\u00e9 completamente optimizado para la indexaci\u00f3n por parte de los motores de b\u00fasqueda.<\/p><p><strong>Optimizaci\u00f3n de contenidos en buscadores: <\/strong>En HK GKK, hemos realizado cambios sustanciales en nuestro plan de marketing de contenidos SEO. Ahora proporcionamos marketing de contenidos entrantes de primera calidad, que aumenta el tr\u00e1fico del sitio web, las comparticiones en redes sociales y los enlaces. Nuestro equipo editorial genera contenidos de alta calidad, lo que diferencia nuestras estrategias de contenidos de las de otras empresas de SEO. Empleamos a muchos autores, as\u00ed como a un gestor de contenidos que garantiza el m\u00e1ximo nivel de calidad del material.<\/p><p>La optimizaci\u00f3n para la b\u00fasqueda de contenidos es un paso crucial del procedimiento. El proceso es sencillo; todo lo que hay que hacer es a\u00f1adir las palabras clave que figuran en la asignaci\u00f3n de palabras clave de la p\u00e1gina a su contenido.<\/p><p><strong>Optimizaci\u00f3n de enlaces internos in situ: <\/strong>Puede resultar complicado crear una estructura de enlaces internos para sitios web realmente grandes con millones de p\u00e1ginas, sobre todo si su estrategia est\u00e1 fragmentada. Los profesionales de HK GKK tienen experiencia en el tratamiento de sitios web que contienen cientos de millones de p\u00e1ginas, por lo que pueden garantizar que su estructura de enlaces internos sea s\u00f3lida. Del mismo modo, podemos ayudarle a sacar el m\u00e1ximo partido de las p\u00e1ginas de su sitio m\u00e1s peque\u00f1o y a desarrollar un esquema de enlaces internos.<\/p><p>Asegurarse de que cada enlace apunta a una p\u00e1gina con la palabra clave adecuada en el texto anunciador es un componente vital de la vinculaci\u00f3n interna. Adem\u00e1s, en esta fase utilizamos algunas estrategias expertas que solo revelamos a los clientes, lo que nos convierte en una de las mejores empresas de SEO para SEO in situ.<\/p><p><strong>Enlaces externos y optimizaci\u00f3n avanzada de motores de b\u00fasqueda: <\/strong>Tras confirmar que se han solucionado estas cuestiones cruciales, hablaremos de estrategias avanzadas de optimizaci\u00f3n de motores de b\u00fasqueda. En esta fase, realizaremos un \u00faltimo estudio del marco t\u00e9cnico de su sitio web y formularemos nuevas recomendaciones para el desarrollo del tr\u00e1fico de b\u00fasqueda. El inicio de una importante fase de construcci\u00f3n de conexiones externas tambi\u00e9n se produce en este momento.<\/p><p>Dependiendo de los objetivos de la campa\u00f1a de marketing y de la estrategia de creaci\u00f3n de enlaces creada por el experto de HK GKK, el desarrollo de enlaces externos puede tener lugar en distintos momentos. Nuestra empresa cuenta con m\u00e9todos de eficacia probada en estos \u00e1mbitos. Recientemente, pudimos mejorar la clasificaci\u00f3n de un cliente en cerca de un 300% s\u00f3lo examinando los backlinks rivales.<\/p>\t\t\t\t\t\t\t\t<\/div>\n\t\t\t\t<\/div>\n\t\t\t\t\t<\/div>\n\t\t<\/div>\n\t\t\t\t\t<\/div>\n\t\t<\/section>\n\t\t\t\t<section class=\"elementor-section elementor-top-section elementor-element elementor-element-7ada8ac0 elementor-section-boxed elementor-section-height-default elementor-section-height-default elementor-invisible\" data-id=\"7ada8ac0\" data-element_type=\"section\" data-settings=\"{&quot;animation&quot;:&quot;fadeIn&quot;,&quot;animation_delay&quot;:300}\">\n\t\t\t\t\t\t<div class=\"elementor-container elementor-column-gap-default\">\n\t\t\t\t\t<div class=\"elementor-column elementor-col-100 elementor-top-column elementor-element elementor-element-752e21f\" data-id=\"752e21f\" data-element_type=\"column\">\n\t\t\t<div class=\"elementor-widget-wrap elementor-element-populated\">\n\t\t\t\t\t\t<div class=\"elementor-element elementor-element-3373dc9f elementor-widget elementor-widget-heading\" data-id=\"3373dc9f\" data-element_type=\"widget\" data-widget_type=\"heading.default\">\n\t\t\t\t<div class=\"elementor-widget-container\">\n\t\t\t\t\t<h3 class=\"elementor-heading-title elementor-size-default\">Obtenga ahora servicios de estrategia de marketing digital<\/h3>\t\t\t\t<\/div>\n\t\t\t\t<\/div>\n\t\t\t\t<div class=\"elementor-element elementor-element-b982b07 elementor-widget elementor-widget-button\" data-id=\"b982b07\" data-element_type=\"widget\" data-widget_type=\"button.default\">\n\t\t\t\t<div class=\"elementor-widget-container\">\n\t\t\t\t\t\t\t\t\t<div class=\"elementor-button-wrapper\">\n\t\t\t\t\t<a class=\"elementor-button elementor-button-link elementor-size-md elementor-animation-grow\" href=\"https:\/\/gkkmarketing.com\/es\/contact-us\/\">\n\t\t\t\t\t\t<span class=\"elementor-button-content-wrapper\">\n\t\t\t\t\t\t<span class=\"elementor-button-icon\">\n\t\t\t\t<i aria-hidden=\"true\" class=\"far fa-comments\"><\/i>\t\t\t<\/span>\n\t\t\t\t\t\t\t\t\t<span class=\"elementor-button-text\">Cont\u00e1ctenos<\/span>\n\t\t\t\t\t<\/span>\n\t\t\t\t\t<\/a>\n\t\t\t\t<\/div>\n\t\t\t\t\t\t\t\t<\/div>\n\t\t\t\t<\/div>\n\t\t\t\t\t<\/div>\n\t\t<\/div>\n\t\t\t\t\t<\/div>\n\t\t<\/section>\n\t\t\t\t<\/div>","protected":false},"excerpt":{"rendered":"<p>Digital Marketing Strategy Digital Marketing Strategy More sales Small company owners are constantly being urged to spend money by marketers and service providers on things like this outstanding new promotional material or that once-in-a-lifetime advertising opportunity. It may be extremely intimidating and, more importantly, a waste of hard-earned money. There are countless ways to advertise [&hellip;]<\/p>","protected":false},"author":4,"featured_media":0,"parent":0,"menu_order":0,"comment_status":"closed","ping_status":"closed","template":"elementor_header_footer","meta":{"footnotes":""},"class_list":["post-160","page","type-page","status-publish","hentry"],"_links":{"self":[{"href":"https:\/\/gkkmarketing.com\/es\/wp-json\/wp\/v2\/pages\/160","targetHints":{"allow":["GET"]}}],"collection":[{"href":"https:\/\/gkkmarketing.com\/es\/wp-json\/wp\/v2\/pages"}],"about":[{"href":"https:\/\/gkkmarketing.com\/es\/wp-json\/wp\/v2\/types\/page"}],"author":[{"embeddable":true,"href":"https:\/\/gkkmarketing.com\/es\/wp-json\/wp\/v2\/users\/4"}],"replies":[{"embeddable":true,"href":"https:\/\/gkkmarketing.com\/es\/wp-json\/wp\/v2\/comments?post=160"}],"version-history":[{"count":12,"href":"https:\/\/gkkmarketing.com\/es\/wp-json\/wp\/v2\/pages\/160\/revisions"}],"predecessor-version":[{"id":441,"href":"https:\/\/gkkmarketing.com\/es\/wp-json\/wp\/v2\/pages\/160\/revisions\/441"}],"wp:attachment":[{"href":"https:\/\/gkkmarketing.com\/es\/wp-json\/wp\/v2\/media?parent=160"}],"curies":[{"name":"wp","href":"https:\/\/api.w.org\/{rel}","templated":true}]}}