{"id":166,"date":"2023-06-14T18:51:59","date_gmt":"2023-06-14T18:51:59","guid":{"rendered":"https:\/\/gkkmarketing.com\/?page_id=166"},"modified":"2023-06-20T15:01:32","modified_gmt":"2023-06-20T15:01:32","slug":"email-marketing","status":"publish","type":"page","link":"https:\/\/gkkmarketing.com\/es\/email-marketing\/","title":{"rendered":"Marketing por correo electr\u00f3nico"},"content":{"rendered":"<div data-elementor-type=\"wp-page\" data-elementor-id=\"166\" class=\"elementor elementor-166\" data-elementor-post-type=\"page\">\n\t\t\t\t\t\t<section class=\"elementor-section elementor-top-section elementor-element elementor-element-3928dc4b elementor-section-height-min-height elementor-section-items-bottom elementor-section-content-bottom elementor-section-boxed elementor-section-height-default elementor-invisible\" data-id=\"3928dc4b\" data-element_type=\"section\" data-settings=\"{&quot;background_background&quot;:&quot;classic&quot;,&quot;animation&quot;:&quot;fadeIn&quot;}\">\n\t\t\t\t\t\t\t<div class=\"elementor-background-overlay\"><\/div>\n\t\t\t\t\t\t\t<div class=\"elementor-container elementor-column-gap-default\">\n\t\t\t\t\t<div class=\"elementor-column elementor-col-100 elementor-top-column elementor-element elementor-element-54648e9\" data-id=\"54648e9\" data-element_type=\"column\">\n\t\t\t<div class=\"elementor-widget-wrap elementor-element-populated\">\n\t\t\t\t\t\t<div class=\"elementor-element elementor-element-23849a29 elementor-widget__width-initial elementor-absolute animated-fast elementor-invisible elementor-widget elementor-widget-heading\" data-id=\"23849a29\" data-element_type=\"widget\" data-settings=\"{&quot;motion_fx_motion_fx_scrolling&quot;:&quot;yes&quot;,&quot;motion_fx_rotateZ_effect&quot;:&quot;yes&quot;,&quot;motion_fx_rotateZ_speed&quot;:{&quot;unit&quot;:&quot;px&quot;,&quot;size&quot;:5.4000000000000003552713678800500929355621337890625,&quot;sizes&quot;:[]},&quot;motion_fx_rotateZ_affectedRange&quot;:{&quot;unit&quot;:&quot;%&quot;,&quot;size&quot;:&quot;&quot;,&quot;sizes&quot;:{&quot;start&quot;:0,&quot;end&quot;:0}},&quot;_position&quot;:&quot;absolute&quot;,&quot;_animation&quot;:&quot;slideInUp&quot;,&quot;_animation_delay&quot;:300,&quot;motion_fx_devices&quot;:[&quot;desktop&quot;,&quot;tablet&quot;]}\" data-widget_type=\"heading.default\">\n\t\t\t\t<div class=\"elementor-widget-container\">\n\t\t\t\t\t<h1 class=\"elementor-heading-title elementor-size-default\">Correo electr\u00f3nico<br>Correo Electr\u00f3nico<\/h1>\t\t\t\t<\/div>\n\t\t\t\t<\/div>\n\t\t\t\t\t<\/div>\n\t\t<\/div>\n\t\t\t\t\t<\/div>\n\t\t<\/section>\n\t\t\t\t<section class=\"elementor-section elementor-top-section elementor-element elementor-element-59a9d68b elementor-section-boxed elementor-section-height-default elementor-section-height-default\" data-id=\"59a9d68b\" data-element_type=\"section\">\n\t\t\t\t\t\t<div class=\"elementor-container elementor-column-gap-default\">\n\t\t\t\t\t<div class=\"elementor-column elementor-col-50 elementor-top-column elementor-element elementor-element-e581046\" data-id=\"e581046\" data-element_type=\"column\">\n\t\t\t<div class=\"elementor-widget-wrap elementor-element-populated\">\n\t\t\t\t\t\t<div class=\"elementor-element elementor-element-37fb441 elementor-invisible elementor-widget elementor-widget-heading\" data-id=\"37fb441\" data-element_type=\"widget\" data-settings=\"{&quot;_animation&quot;:&quot;fadeIn&quot;,&quot;_animation_delay&quot;:150}\" data-widget_type=\"heading.default\">\n\t\t\t\t<div class=\"elementor-widget-container\">\n\t\t\t\t\t<h2 class=\"elementor-heading-title elementor-size-default\">Marketing por correo electr\u00f3nico<\/h2>\t\t\t\t<\/div>\n\t\t\t\t<\/div>\n\t\t\t\t<section class=\"elementor-section elementor-inner-section elementor-element elementor-element-6d1a03e4 elementor-section-boxed elementor-section-height-default elementor-section-height-default\" data-id=\"6d1a03e4\" data-element_type=\"section\">\n\t\t\t\t\t\t<div class=\"elementor-container elementor-column-gap-default\">\n\t\t\t\t\t<div class=\"elementor-column elementor-col-50 elementor-inner-column elementor-element elementor-element-2b143902 elementor-invisible\" data-id=\"2b143902\" data-element_type=\"column\" data-settings=\"{&quot;animation&quot;:&quot;fadeInUp&quot;,&quot;animation_delay&quot;:300}\">\n\t\t\t<div class=\"elementor-widget-wrap elementor-element-populated\">\n\t\t\t\t\t\t<div class=\"elementor-element elementor-element-23ae80b elementor-widget__width-auto elementor-widget elementor-widget-heading\" data-id=\"23ae80b\" data-element_type=\"widget\" data-widget_type=\"heading.default\">\n\t\t\t\t<div class=\"elementor-widget-container\">\n\t\t\t\t\t<span class=\"elementor-heading-title elementor-size-default\">Conversiones por correo electr\u00f3nico<\/span>\t\t\t\t<\/div>\n\t\t\t\t<\/div>\n\t\t\t\t\t<\/div>\n\t\t<\/div>\n\t\t\t\t<div class=\"elementor-column elementor-col-50 elementor-inner-column elementor-element elementor-element-37a31ab6\" data-id=\"37a31ab6\" data-element_type=\"column\">\n\t\t\t<div class=\"elementor-widget-wrap\">\n\t\t\t\t\t\t\t<\/div>\n\t\t<\/div>\n\t\t\t\t\t<\/div>\n\t\t<\/section>\n\t\t\t\t\t<\/div>\n\t\t<\/div>\n\t\t\t\t<div class=\"elementor-column elementor-col-50 elementor-top-column elementor-element elementor-element-8dcf505\" data-id=\"8dcf505\" data-element_type=\"column\">\n\t\t\t<div class=\"elementor-widget-wrap elementor-element-populated\">\n\t\t\t\t\t\t<div class=\"elementor-element elementor-element-1657d27 elementor-invisible elementor-widget elementor-widget-text-editor\" data-id=\"1657d27\" data-element_type=\"widget\" data-settings=\"{&quot;_animation&quot;:&quot;fadeIn&quot;,&quot;_animation_delay&quot;:300}\" data-widget_type=\"text-editor.default\">\n\t\t\t\t<div class=\"elementor-widget-container\">\n\t\t\t\t\t\t\t\t\t<p>Una de las t\u00e9cnicas de marketing digital m\u00e1s probadas es el marketing por correo electr\u00f3nico. En HK GKK sabemos c\u00f3mo aumentar la tasa de conversi\u00f3n de su correo electr\u00f3nico con un trabajo de dise\u00f1o de correo electr\u00f3nico excepcional y contempor\u00e1neo. Nuestros dise\u00f1os de plantillas incluyen una tarifa \u00fanica por un trabajo de dise\u00f1o que mejorar\u00e1 los resultados de sus campa\u00f1as de correo electr\u00f3nico durante muchos a\u00f1os.<\/p><p>La mejor t\u00e1ctica de marketing online para que su empresa aumente el reconocimiento de marca, recuerde a la gente su empresa y haga que los clientes vuelvan a por m\u00e1s es el marketing por correo electr\u00f3nico.<\/p>\t\t\t\t\t\t\t\t<\/div>\n\t\t\t\t<\/div>\n\t\t\t\t\t<\/div>\n\t\t<\/div>\n\t\t\t\t\t<\/div>\n\t\t<\/section>\n\t\t\t\t<section class=\"elementor-section elementor-top-section elementor-element elementor-element-4551eefc elementor-section-boxed elementor-section-height-default elementor-section-height-default elementor-invisible\" data-id=\"4551eefc\" data-element_type=\"section\" data-settings=\"{&quot;animation&quot;:&quot;fadeIn&quot;,&quot;animation_delay&quot;:300}\">\n\t\t\t\t\t\t<div class=\"elementor-container elementor-column-gap-default\">\n\t\t\t\t\t<div class=\"elementor-column elementor-col-100 elementor-top-column elementor-element elementor-element-3ae35865\" data-id=\"3ae35865\" data-element_type=\"column\" data-settings=\"{&quot;background_background&quot;:&quot;classic&quot;,&quot;animation&quot;:&quot;none&quot;}\">\n\t\t\t<div class=\"elementor-widget-wrap elementor-element-populated\">\n\t\t\t\t\t\t<div class=\"elementor-element elementor-element-5fa5b3fc elementor-widget elementor-widget-spacer\" data-id=\"5fa5b3fc\" data-element_type=\"widget\" data-widget_type=\"spacer.default\">\n\t\t\t\t<div class=\"elementor-widget-container\">\n\t\t\t\t\t\t\t<div class=\"elementor-spacer\">\n\t\t\t<div class=\"elementor-spacer-inner\"><\/div>\n\t\t<\/div>\n\t\t\t\t\t\t<\/div>\n\t\t\t\t<\/div>\n\t\t\t\t<div class=\"elementor-element elementor-element-c514f58 elementor-invisible elementor-widget elementor-widget-text-editor\" data-id=\"c514f58\" data-element_type=\"widget\" data-settings=\"{&quot;_animation&quot;:&quot;fadeIn&quot;,&quot;_animation_delay&quot;:300}\" data-widget_type=\"text-editor.default\">\n\t\t\t\t<div class=\"elementor-widget-container\">\n\t\t\t\t\t\t\t\t\t<p>El marketing por correo electr\u00f3nico mejora la comunicaci\u00f3n con los clientes actuales y futuros. La rentabilidad y la facilidad para adaptar el marketing por correo electr\u00f3nico a los distintos grupos de consumidores lo convierten en una de las opciones de marketing m\u00e1s atractivas para las peque\u00f1as empresas. El env\u00edo peri\u00f3dico de mensajes de correo electr\u00f3nico de marca y expertos con material pertinente y \u00fatil mantiene informados a sus suscriptores y fomenta las relaciones con los clientes, lo que aumenta la fidelidad a la marca.<\/p><p>Debe crear una campa\u00f1a s\u00f3lida que garantice que sus suscriptores reciban el material adecuado en el momento oportuno si quiere sacar el m\u00e1ximo partido a su enfoque de marketing por correo electr\u00f3nico. En GK HKK, ofrecemos una amplia gama de servicios de gesti\u00f3n de email marketing para ayudar a su empresa a prosperar haci\u00e9ndole llegar a la bandeja de entrada de su mercado objetivo.<\/p>\t\t\t\t\t\t\t\t<\/div>\n\t\t\t\t<\/div>\n\t\t\t\t<div class=\"elementor-element elementor-element-3373dc9f elementor-widget elementor-widget-heading\" data-id=\"3373dc9f\" data-element_type=\"widget\" data-widget_type=\"heading.default\">\n\t\t\t\t<div class=\"elementor-widget-container\">\n\t\t\t\t\t<h2 class=\"elementor-heading-title elementor-size-default\">Resultados<\/h2>\t\t\t\t<\/div>\n\t\t\t\t<\/div>\n\t\t\t\t<div class=\"elementor-element elementor-element-7b5defc elementor-invisible elementor-widget elementor-widget-text-editor\" data-id=\"7b5defc\" data-element_type=\"widget\" data-settings=\"{&quot;_animation&quot;:&quot;fadeIn&quot;,&quot;_animation_delay&quot;:300}\" data-widget_type=\"text-editor.default\">\n\t\t\t\t<div class=\"elementor-widget-container\">\n\t\t\t\t\t\t\t\t\t<p><strong>Obtenga una plantilla de correo electr\u00f3nico: <\/strong>Una campa\u00f1a de marketing por correo electr\u00f3nico es una forma muy asequible de dar a conocer su empresa a clientes actuales y futuros. Puede influir en la opini\u00f3n de muchas personas sobre su empresa por un peque\u00f1o gasto.<\/p><p>Sin embargo, este rentable m\u00e9todo de marketing es una p\u00e9rdida de tiempo y dinero sin un dise\u00f1o s\u00f3lido y distintivo, al igual que cualquier otra actividad de marketing. El mensaje y la creatividad convencen al espectador para que realice una acci\u00f3n determinada. Si el elemento fundamental del dise\u00f1o es d\u00e9bil, el resultado se resentir\u00e1. Debido a la cacofon\u00eda que bombardea a los consumidores de Internet hoy en d\u00eda, es crucial utilizar un tema de correo electr\u00f3nico y un dise\u00f1o de plantilla que realmente destaque.<\/p><p><strong>Campa\u00f1a de marketing por correo electr\u00f3nico: <\/strong>Los boletines por correo electr\u00f3nico son estrategias de marketing muy populares, ya que necesitan poco dinero para generar ventas que son muy f\u00e1ciles de medir. De hecho, s\u00f3lo superado por el marketing en buscadores, el email marketing est\u00e1 considerado como una de las estrategias de marketing en Internet con m\u00e1s \u00e9xito.<\/p><p>Este m\u00e9todo de marketing directo de bajo coste refuerza el v\u00ednculo entre una empresa y sus clientes, fomentando la lealtad y, a la larga, promoviendo la repetici\u00f3n del negocio. Sin embargo, sin un dise\u00f1o bien pensado que anime a los destinatarios a hacer clic en el mensaje o incluso a leerlo, todos los esfuerzos y recursos se echan a perder.<\/p><p>Un buen dise\u00f1o de correo electr\u00f3nico le ayuda a construir su marca y le mantiene en el top of mind de sus consumidores m\u00e1s valiosos. Una vez que el correo electr\u00f3nico ha llegado a la bandeja de entrada del destinatario, es su dise\u00f1o el que capta su inter\u00e9s el tiempo suficiente para persuadirle de que realice una determinada acci\u00f3n. Al tiempo que promociona su marca, el dise\u00f1o del correo electr\u00f3nico debe ser pulido, atractivo y espec\u00edfico para su grupo demogr\u00e1fico objetivo.<\/p><p>Es imposible evitar el desorden de boletines electr\u00f3nicos de la competencia en las bandejas de entrada de correo electr\u00f3nico de hoy en d\u00eda. Puede distinguir su campa\u00f1a de marketing por correo electr\u00f3nico de la competencia y establecer su empresa como l\u00edder en su sector empleando un dise\u00f1o de correo electr\u00f3nico profesional. Adem\u00e1s, puede acortar el procedimiento para aumentar la eficacia integrando componentes como dise\u00f1os de plantillas de correo electr\u00f3nico. Los dise\u00f1os de correo electr\u00f3nico realizados por HK GKK proporcionan a su empresa la ventaja competitiva que necesita para llevar a cabo una campa\u00f1a de marketing por correo electr\u00f3nico eficaz.<\/p><p><strong>Dise\u00f1o de correo electr\u00f3nico apto para m\u00f3viles: <\/strong>Para mostrar su material de marketing de forma eficaz en dispositivos y pantallas de todos los tama\u00f1os y formas, desde tel\u00e9fonos m\u00f3viles a tabletas o pantallas de escritorio gigantes, HK GKK puede crear temas de correo electr\u00f3nico totalmente adaptables. Nuestros dise\u00f1os de correo electr\u00f3nico se adaptan a los dispositivos m\u00f3viles, por lo que son f\u00e1ciles de leer en cualquier pantalla que utilice su p\u00fablico objetivo.<\/p><p>En la actualidad, los usuarios no quieren pellizcar y hacer zoom para leer su material. Por ello, colaboraremos con usted para desarrollar plantillas, temas, dise\u00f1os y elementos visuales que sean lo suficientemente interesantes y din\u00e1micos como para funcionar bien en los nuevos equipos y tama\u00f1os de pantalla. A medida que se desarrolle la tecnolog\u00eda de marketing por correo electr\u00f3nico, usted no se quedar\u00e1 atr\u00e1s, ya que todos nuestros dise\u00f1os de correo electr\u00f3nico, incluidos todos los dise\u00f1os de banners de correo electr\u00f3nico, son compatibles con el futuro.<\/p><p>\u00a0<\/p>\t\t\t\t\t\t\t\t<\/div>\n\t\t\t\t<\/div>\n\t\t\t\t\t<\/div>\n\t\t<\/div>\n\t\t\t\t\t<\/div>\n\t\t<\/section>\n\t\t\t\t<section class=\"elementor-section elementor-top-section elementor-element elementor-element-7bc89e5 elementor-section-boxed elementor-section-height-default elementor-section-height-default\" data-id=\"7bc89e5\" data-element_type=\"section\">\n\t\t\t\t\t\t<div class=\"elementor-container elementor-column-gap-default\">\n\t\t\t\t\t<div class=\"elementor-column elementor-col-100 elementor-top-column elementor-element elementor-element-7dedeef\" data-id=\"7dedeef\" data-element_type=\"column\">\n\t\t\t<div class=\"elementor-widget-wrap elementor-element-populated\">\n\t\t\t\t\t\t<div class=\"elementor-element elementor-element-4eb659f elementor-widget elementor-widget-heading\" data-id=\"4eb659f\" data-element_type=\"widget\" data-widget_type=\"heading.default\">\n\t\t\t\t<div class=\"elementor-widget-container\">\n\t\t\t\t\t<h3 class=\"elementor-heading-title elementor-size-default\">Obtenga ahora servicios de marketing por correo electr\u00f3nico<\/h3>\t\t\t\t<\/div>\n\t\t\t\t<\/div>\n\t\t\t\t<div class=\"elementor-element elementor-element-ade7f9e elementor-widget elementor-widget-button\" data-id=\"ade7f9e\" data-element_type=\"widget\" data-widget_type=\"button.default\">\n\t\t\t\t<div class=\"elementor-widget-container\">\n\t\t\t\t\t\t\t\t\t<div class=\"elementor-button-wrapper\">\n\t\t\t\t\t<a class=\"elementor-button elementor-button-link elementor-size-md elementor-animation-grow\" href=\"https:\/\/gkkmarketing.com\/es\/contact-us\/\">\n\t\t\t\t\t\t<span class=\"elementor-button-content-wrapper\">\n\t\t\t\t\t\t<span class=\"elementor-button-icon\">\n\t\t\t\t<i aria-hidden=\"true\" class=\"far fa-comments\"><\/i>\t\t\t<\/span>\n\t\t\t\t\t\t\t\t\t<span class=\"elementor-button-text\">Cont\u00e1ctenos<\/span>\n\t\t\t\t\t<\/span>\n\t\t\t\t\t<\/a>\n\t\t\t\t<\/div>\n\t\t\t\t\t\t\t\t<\/div>\n\t\t\t\t<\/div>\n\t\t\t\t\t<\/div>\n\t\t<\/div>\n\t\t\t\t\t<\/div>\n\t\t<\/section>\n\t\t\t\t<\/div>","protected":false},"excerpt":{"rendered":"<p>EmailMarketing Email Marketing Email conversions One of the most tried-and-true digital marketing techniques is email marketing. With outstanding, contemporary email design work, we at HK GKK know just how to increase your email conversion rate. Our template designs come with a one-time fee for design work that will improve the outcomes of your email campaigns [&hellip;]<\/p>","protected":false},"author":4,"featured_media":0,"parent":0,"menu_order":0,"comment_status":"closed","ping_status":"closed","template":"elementor_header_footer","meta":{"footnotes":""},"class_list":["post-166","page","type-page","status-publish","hentry"],"_links":{"self":[{"href":"https:\/\/gkkmarketing.com\/es\/wp-json\/wp\/v2\/pages\/166","targetHints":{"allow":["GET"]}}],"collection":[{"href":"https:\/\/gkkmarketing.com\/es\/wp-json\/wp\/v2\/pages"}],"about":[{"href":"https:\/\/gkkmarketing.com\/es\/wp-json\/wp\/v2\/types\/page"}],"author":[{"embeddable":true,"href":"https:\/\/gkkmarketing.com\/es\/wp-json\/wp\/v2\/users\/4"}],"replies":[{"embeddable":true,"href":"https:\/\/gkkmarketing.com\/es\/wp-json\/wp\/v2\/comments?post=166"}],"version-history":[{"count":7,"href":"https:\/\/gkkmarketing.com\/es\/wp-json\/wp\/v2\/pages\/166\/revisions"}],"predecessor-version":[{"id":444,"href":"https:\/\/gkkmarketing.com\/es\/wp-json\/wp\/v2\/pages\/166\/revisions\/444"}],"wp:attachment":[{"href":"https:\/\/gkkmarketing.com\/es\/wp-json\/wp\/v2\/media?parent=166"}],"curies":[{"name":"wp","href":"https:\/\/api.w.org\/{rel}","templated":true}]}}