{"id":170,"date":"2023-06-14T18:53:31","date_gmt":"2023-06-14T18:53:31","guid":{"rendered":"https:\/\/gkkmarketing.com\/?page_id=170"},"modified":"2023-06-15T02:27:16","modified_gmt":"2023-06-15T02:27:16","slug":"international-search-marketing","status":"publish","type":"page","link":"https:\/\/gkkmarketing.com\/es\/international-search-marketing\/","title":{"rendered":"Marketing de b\u00fasqueda internacional"},"content":{"rendered":"<div data-elementor-type=\"wp-page\" data-elementor-id=\"170\" class=\"elementor elementor-170\" data-elementor-post-type=\"page\">\n\t\t\t\t\t\t<section class=\"elementor-section elementor-top-section elementor-element elementor-element-3928dc4b elementor-section-height-min-height elementor-section-items-bottom elementor-section-content-bottom elementor-section-boxed elementor-section-height-default elementor-invisible\" data-id=\"3928dc4b\" data-element_type=\"section\" data-settings=\"{&quot;background_background&quot;:&quot;classic&quot;,&quot;animation&quot;:&quot;fadeIn&quot;}\">\n\t\t\t\t\t\t\t<div class=\"elementor-background-overlay\"><\/div>\n\t\t\t\t\t\t\t<div class=\"elementor-container elementor-column-gap-default\">\n\t\t\t\t\t<div class=\"elementor-column elementor-col-100 elementor-top-column elementor-element elementor-element-54648e9\" data-id=\"54648e9\" data-element_type=\"column\">\n\t\t\t<div class=\"elementor-widget-wrap elementor-element-populated\">\n\t\t\t\t\t\t<div class=\"elementor-element elementor-element-23849a29 elementor-widget__width-initial elementor-absolute animated-fast elementor-invisible elementor-widget elementor-widget-heading\" data-id=\"23849a29\" data-element_type=\"widget\" data-settings=\"{&quot;motion_fx_motion_fx_scrolling&quot;:&quot;yes&quot;,&quot;motion_fx_rotateZ_effect&quot;:&quot;yes&quot;,&quot;motion_fx_rotateZ_speed&quot;:{&quot;unit&quot;:&quot;px&quot;,&quot;size&quot;:5.4000000000000003552713678800500929355621337890625,&quot;sizes&quot;:[]},&quot;motion_fx_rotateZ_affectedRange&quot;:{&quot;unit&quot;:&quot;%&quot;,&quot;size&quot;:&quot;&quot;,&quot;sizes&quot;:{&quot;start&quot;:0,&quot;end&quot;:0}},&quot;_position&quot;:&quot;absolute&quot;,&quot;_animation&quot;:&quot;slideInUp&quot;,&quot;_animation_delay&quot;:300,&quot;motion_fx_devices&quot;:[&quot;desktop&quot;,&quot;tablet&quot;]}\" data-widget_type=\"heading.default\">\n\t\t\t\t<div class=\"elementor-widget-container\">\n\t\t\t\t\t<h1 class=\"elementor-heading-title elementor-size-default\">Marketing de b\u00fasqueda internacional<\/h1>\t\t\t\t<\/div>\n\t\t\t\t<\/div>\n\t\t\t\t\t<\/div>\n\t\t<\/div>\n\t\t\t\t\t<\/div>\n\t\t<\/section>\n\t\t\t\t<section class=\"elementor-section elementor-top-section elementor-element elementor-element-59a9d68b elementor-section-boxed elementor-section-height-default elementor-section-height-default\" data-id=\"59a9d68b\" data-element_type=\"section\">\n\t\t\t\t\t\t<div class=\"elementor-container elementor-column-gap-default\">\n\t\t\t\t\t<div class=\"elementor-column elementor-col-50 elementor-top-column elementor-element elementor-element-e581046\" data-id=\"e581046\" data-element_type=\"column\">\n\t\t\t<div class=\"elementor-widget-wrap elementor-element-populated\">\n\t\t\t\t\t\t<div class=\"elementor-element elementor-element-37fb441 elementor-invisible elementor-widget elementor-widget-heading\" data-id=\"37fb441\" data-element_type=\"widget\" data-settings=\"{&quot;_animation&quot;:&quot;fadeIn&quot;,&quot;_animation_delay&quot;:150}\" data-widget_type=\"heading.default\">\n\t\t\t\t<div class=\"elementor-widget-container\">\n\t\t\t\t\t<h2 class=\"elementor-heading-title elementor-size-default\">Marketing de b\u00fasqueda internacional<\/h2>\t\t\t\t<\/div>\n\t\t\t\t<\/div>\n\t\t\t\t<section class=\"elementor-section elementor-inner-section elementor-element elementor-element-6d1a03e4 elementor-section-boxed elementor-section-height-default elementor-section-height-default\" data-id=\"6d1a03e4\" data-element_type=\"section\">\n\t\t\t\t\t\t<div class=\"elementor-container elementor-column-gap-default\">\n\t\t\t\t\t<div class=\"elementor-column elementor-col-50 elementor-inner-column elementor-element elementor-element-2b143902 elementor-invisible\" data-id=\"2b143902\" data-element_type=\"column\" data-settings=\"{&quot;animation&quot;:&quot;fadeInUp&quot;,&quot;animation_delay&quot;:300}\">\n\t\t\t<div class=\"elementor-widget-wrap elementor-element-populated\">\n\t\t\t\t\t\t<div class=\"elementor-element elementor-element-23ae80b elementor-widget__width-auto elementor-widget elementor-widget-heading\" data-id=\"23ae80b\" data-element_type=\"widget\" data-widget_type=\"heading.default\">\n\t\t\t\t<div class=\"elementor-widget-container\">\n\t\t\t\t\t<span class=\"elementor-heading-title elementor-size-default\">presencia en l\u00ednea<\/span>\t\t\t\t<\/div>\n\t\t\t\t<\/div>\n\t\t\t\t\t<\/div>\n\t\t<\/div>\n\t\t\t\t<div class=\"elementor-column elementor-col-50 elementor-inner-column elementor-element elementor-element-37a31ab6\" data-id=\"37a31ab6\" data-element_type=\"column\">\n\t\t\t<div class=\"elementor-widget-wrap\">\n\t\t\t\t\t\t\t<\/div>\n\t\t<\/div>\n\t\t\t\t\t<\/div>\n\t\t<\/section>\n\t\t\t\t\t<\/div>\n\t\t<\/div>\n\t\t\t\t<div class=\"elementor-column elementor-col-50 elementor-top-column elementor-element elementor-element-8dcf505\" data-id=\"8dcf505\" data-element_type=\"column\">\n\t\t\t<div class=\"elementor-widget-wrap elementor-element-populated\">\n\t\t\t\t\t\t<div class=\"elementor-element elementor-element-1657d27 elementor-invisible elementor-widget elementor-widget-text-editor\" data-id=\"1657d27\" data-element_type=\"widget\" data-settings=\"{&quot;_animation&quot;:&quot;fadeIn&quot;,&quot;_animation_delay&quot;:300}\" data-widget_type=\"text-editor.default\">\n\t\t\t\t<div class=\"elementor-widget-container\">\n\t\t\t\t\t\t\t\t\t<p>Las empresas crecen, y con ellas su presencia f\u00edsica y en l\u00ednea. Esto implica ofrecer bienes y servicios en varias ciudades, estados y pa\u00edses, as\u00ed como en los idiomas locales. Gracias a nuestra experiencia en proyectos de sitios web multiling\u00fces y multirregionales, HK GKK es capaz de crear sitios web pensando en cualquier idioma o regi\u00f3n.<\/p>\t\t\t\t\t\t\t\t<\/div>\n\t\t\t\t<\/div>\n\t\t\t\t\t<\/div>\n\t\t<\/div>\n\t\t\t\t\t<\/div>\n\t\t<\/section>\n\t\t\t\t<section class=\"elementor-section elementor-top-section elementor-element elementor-element-4551eefc elementor-section-boxed elementor-section-height-default elementor-section-height-default elementor-invisible\" data-id=\"4551eefc\" data-element_type=\"section\" data-settings=\"{&quot;animation&quot;:&quot;fadeIn&quot;,&quot;animation_delay&quot;:300}\">\n\t\t\t\t\t\t<div class=\"elementor-container elementor-column-gap-default\">\n\t\t\t\t\t<div class=\"elementor-column elementor-col-100 elementor-top-column elementor-element elementor-element-3ae35865\" data-id=\"3ae35865\" data-element_type=\"column\" data-settings=\"{&quot;background_background&quot;:&quot;classic&quot;,&quot;animation&quot;:&quot;none&quot;}\">\n\t\t\t<div class=\"elementor-widget-wrap elementor-element-populated\">\n\t\t\t\t\t\t<div class=\"elementor-element elementor-element-5fa5b3fc elementor-widget elementor-widget-spacer\" data-id=\"5fa5b3fc\" data-element_type=\"widget\" data-widget_type=\"spacer.default\">\n\t\t\t\t<div class=\"elementor-widget-container\">\n\t\t\t\t\t\t\t<div class=\"elementor-spacer\">\n\t\t\t<div class=\"elementor-spacer-inner\"><\/div>\n\t\t<\/div>\n\t\t\t\t\t\t<\/div>\n\t\t\t\t<\/div>\n\t\t\t\t<div class=\"elementor-element elementor-element-43d42f0 elementor-invisible elementor-widget elementor-widget-text-editor\" data-id=\"43d42f0\" data-element_type=\"widget\" data-settings=\"{&quot;_animation&quot;:&quot;fadeIn&quot;,&quot;_animation_delay&quot;:300}\" data-widget_type=\"text-editor.default\">\n\t\t\t\t<div class=\"elementor-widget-container\">\n\t\t\t\t\t\t\t\t\t<p><strong>Naciones con mayor potencial: <\/strong>Estudiar y evaluar su negocio actual y su p\u00fablico objetivo es el primer paso en el proceso de SEO internacional para determinar a qu\u00e9 pa\u00edses debe dirigirse.<\/p><p><strong>Plan de entrada en el mercado: <\/strong>Crearemos un plan de lanzamiento al mercado que explique c\u00f3mo pretendemos lanzar nuestra campa\u00f1a global de SEO una vez que hayamos determinado qu\u00e9 pa\u00edses tienen m\u00e1s probabilidades de \u00e9xito.<\/p><p><strong>Canales rentables de marketing digital: <\/strong>Una vez establecida la estrategia, evaluaremos qu\u00e9 canales dar\u00e1n m\u00e1s resultados en funci\u00f3n de su estrategia de marketing actual y de los estudios de mercado.<\/p><p><strong>Entrada estrat\u00e9gica en el mercado: <\/strong>A continuaci\u00f3n se realiza el lanzamiento internacional. Para ello, crearemos un minucioso plan de lanzamiento al mercado que garantice la publicidad del lanzamiento y que sus productos o servicios sean utilizados por las personas adecuadas.<\/p><p><strong>Coste por adquisici\u00f3n por canal: <\/strong>Cuando la campa\u00f1a est\u00e9 activa, recopilaremos y analizaremos los datos para determinar el coste por adquisici\u00f3n (coste total \/ n\u00famero de nuevos clientes adquiridos por canal). As\u00ed podremos crear un plan de futuro basado en los canales que hayan demostrado ser m\u00e1s eficaces.<\/p><p><strong>Cantidad a escala mundial: <\/strong>Una vez que la campa\u00f1a inicial est\u00e9 en marcha, empezaremos a intensificar nuestros esfuerzos y a ampliar la SEO internacional a nuevos pa\u00edses.<\/p>\t\t\t\t\t\t\t\t<\/div>\n\t\t\t\t<\/div>\n\t\t\t\t\t<\/div>\n\t\t<\/div>\n\t\t\t\t\t<\/div>\n\t\t<\/section>\n\t\t\t\t<section class=\"elementor-section elementor-top-section elementor-element elementor-element-7ada8ac0 elementor-section-boxed elementor-section-height-default elementor-section-height-default elementor-invisible\" data-id=\"7ada8ac0\" data-element_type=\"section\" data-settings=\"{&quot;animation&quot;:&quot;fadeIn&quot;,&quot;animation_delay&quot;:300}\">\n\t\t\t\t\t\t<div class=\"elementor-container elementor-column-gap-default\">\n\t\t\t\t\t<div class=\"elementor-column elementor-col-100 elementor-top-column elementor-element elementor-element-752e21f\" data-id=\"752e21f\" data-element_type=\"column\">\n\t\t\t<div class=\"elementor-widget-wrap elementor-element-populated\">\n\t\t\t\t\t\t<div class=\"elementor-element elementor-element-3373dc9f elementor-widget elementor-widget-heading\" data-id=\"3373dc9f\" data-element_type=\"widget\" data-widget_type=\"heading.default\">\n\t\t\t\t<div class=\"elementor-widget-container\">\n\t\t\t\t\t<h3 class=\"elementor-heading-title elementor-size-default\">Obtenga ahora servicios de marketing de b\u00fasqueda internacional<\/h3>\t\t\t\t<\/div>\n\t\t\t\t<\/div>\n\t\t\t\t<div class=\"elementor-element elementor-element-e4eb3c0 elementor-widget elementor-widget-button\" data-id=\"e4eb3c0\" data-element_type=\"widget\" data-widget_type=\"button.default\">\n\t\t\t\t<div class=\"elementor-widget-container\">\n\t\t\t\t\t\t\t\t\t<div class=\"elementor-button-wrapper\">\n\t\t\t\t\t<a class=\"elementor-button elementor-button-link elementor-size-md elementor-animation-pulse-grow\" href=\"https:\/\/gkkmarketing.com\/es\/contact-us\/\">\n\t\t\t\t\t\t<span class=\"elementor-button-content-wrapper\">\n\t\t\t\t\t\t<span class=\"elementor-button-icon\">\n\t\t\t\t<i aria-hidden=\"true\" class=\"far fa-comments\"><\/i>\t\t\t<\/span>\n\t\t\t\t\t\t\t\t\t<span class=\"elementor-button-text\">Cont\u00e1ctenos<\/span>\n\t\t\t\t\t<\/span>\n\t\t\t\t\t<\/a>\n\t\t\t\t<\/div>\n\t\t\t\t\t\t\t\t<\/div>\n\t\t\t\t<\/div>\n\t\t\t\t\t<\/div>\n\t\t<\/div>\n\t\t\t\t\t<\/div>\n\t\t<\/section>\n\t\t\t\t<\/div>","protected":false},"excerpt":{"rendered":"<p>International Search Marketing International Search Marketing online presence Businesses grow, and with it do their physical and online presence. This involves offering goods and services in several towns, states, and countries, as well as the local languages. With our expertise in multilingual and multiregional website projects, HK GKK is capable of creating websites with any [&hellip;]<\/p>","protected":false},"author":4,"featured_media":0,"parent":0,"menu_order":0,"comment_status":"closed","ping_status":"closed","template":"elementor_header_footer","meta":{"footnotes":""},"class_list":["post-170","page","type-page","status-publish","hentry"],"_links":{"self":[{"href":"https:\/\/gkkmarketing.com\/es\/wp-json\/wp\/v2\/pages\/170","targetHints":{"allow":["GET"]}}],"collection":[{"href":"https:\/\/gkkmarketing.com\/es\/wp-json\/wp\/v2\/pages"}],"about":[{"href":"https:\/\/gkkmarketing.com\/es\/wp-json\/wp\/v2\/types\/page"}],"author":[{"embeddable":true,"href":"https:\/\/gkkmarketing.com\/es\/wp-json\/wp\/v2\/users\/4"}],"replies":[{"embeddable":true,"href":"https:\/\/gkkmarketing.com\/es\/wp-json\/wp\/v2\/comments?post=170"}],"version-history":[{"count":4,"href":"https:\/\/gkkmarketing.com\/es\/wp-json\/wp\/v2\/pages\/170\/revisions"}],"predecessor-version":[{"id":297,"href":"https:\/\/gkkmarketing.com\/es\/wp-json\/wp\/v2\/pages\/170\/revisions\/297"}],"wp:attachment":[{"href":"https:\/\/gkkmarketing.com\/es\/wp-json\/wp\/v2\/media?parent=170"}],"curies":[{"name":"wp","href":"https:\/\/api.w.org\/{rel}","templated":true}]}}