{"id":172,"date":"2023-06-14T18:53:58","date_gmt":"2023-06-14T18:53:58","guid":{"rendered":"https:\/\/gkkmarketing.com\/?page_id=172"},"modified":"2023-06-15T02:38:16","modified_gmt":"2023-06-15T02:38:16","slug":"local-seo","status":"publish","type":"page","link":"https:\/\/gkkmarketing.com\/es\/local-seo\/","title":{"rendered":"SEO local"},"content":{"rendered":"<div data-elementor-type=\"wp-page\" data-elementor-id=\"172\" class=\"elementor elementor-172\" data-elementor-post-type=\"page\">\n\t\t\t\t\t\t<section class=\"elementor-section elementor-top-section elementor-element elementor-element-3928dc4b elementor-section-height-min-height elementor-section-items-bottom elementor-section-content-bottom elementor-section-boxed elementor-section-height-default elementor-invisible\" data-id=\"3928dc4b\" data-element_type=\"section\" data-settings=\"{&quot;background_background&quot;:&quot;classic&quot;,&quot;animation&quot;:&quot;fadeIn&quot;}\">\n\t\t\t\t\t\t\t<div class=\"elementor-background-overlay\"><\/div>\n\t\t\t\t\t\t\t<div class=\"elementor-container elementor-column-gap-default\">\n\t\t\t\t\t<div class=\"elementor-column elementor-col-100 elementor-top-column elementor-element elementor-element-54648e9\" data-id=\"54648e9\" data-element_type=\"column\">\n\t\t\t<div class=\"elementor-widget-wrap elementor-element-populated\">\n\t\t\t\t\t\t<div class=\"elementor-element elementor-element-23849a29 elementor-widget__width-initial elementor-absolute animated-fast elementor-invisible elementor-widget elementor-widget-heading\" data-id=\"23849a29\" data-element_type=\"widget\" data-settings=\"{&quot;motion_fx_motion_fx_scrolling&quot;:&quot;yes&quot;,&quot;motion_fx_rotateZ_effect&quot;:&quot;yes&quot;,&quot;motion_fx_rotateZ_speed&quot;:{&quot;unit&quot;:&quot;px&quot;,&quot;size&quot;:5.4000000000000003552713678800500929355621337890625,&quot;sizes&quot;:[]},&quot;motion_fx_rotateZ_affectedRange&quot;:{&quot;unit&quot;:&quot;%&quot;,&quot;size&quot;:&quot;&quot;,&quot;sizes&quot;:{&quot;start&quot;:0,&quot;end&quot;:0}},&quot;_position&quot;:&quot;absolute&quot;,&quot;_animation&quot;:&quot;slideInUp&quot;,&quot;_animation_delay&quot;:300,&quot;motion_fx_devices&quot;:[&quot;desktop&quot;,&quot;tablet&quot;]}\" data-widget_type=\"heading.default\">\n\t\t\t\t<div class=\"elementor-widget-container\">\n\t\t\t\t\t<h1 class=\"elementor-heading-title elementor-size-default\">SEO local<\/h1>\t\t\t\t<\/div>\n\t\t\t\t<\/div>\n\t\t\t\t\t<\/div>\n\t\t<\/div>\n\t\t\t\t\t<\/div>\n\t\t<\/section>\n\t\t\t\t<section class=\"elementor-section elementor-top-section elementor-element elementor-element-59a9d68b elementor-section-boxed elementor-section-height-default elementor-section-height-default\" data-id=\"59a9d68b\" data-element_type=\"section\">\n\t\t\t\t\t\t<div class=\"elementor-container elementor-column-gap-default\">\n\t\t\t\t\t<div class=\"elementor-column elementor-col-50 elementor-top-column elementor-element elementor-element-e581046\" data-id=\"e581046\" data-element_type=\"column\">\n\t\t\t<div class=\"elementor-widget-wrap elementor-element-populated\">\n\t\t\t\t\t\t<div class=\"elementor-element elementor-element-37fb441 elementor-invisible elementor-widget elementor-widget-heading\" data-id=\"37fb441\" data-element_type=\"widget\" data-settings=\"{&quot;_animation&quot;:&quot;fadeIn&quot;,&quot;_animation_delay&quot;:150}\" data-widget_type=\"heading.default\">\n\t\t\t\t<div class=\"elementor-widget-container\">\n\t\t\t\t\t<h2 class=\"elementor-heading-title elementor-size-default\">SEO local<\/h2>\t\t\t\t<\/div>\n\t\t\t\t<\/div>\n\t\t\t\t<section class=\"elementor-section elementor-inner-section elementor-element elementor-element-6d1a03e4 elementor-section-boxed elementor-section-height-default elementor-section-height-default\" data-id=\"6d1a03e4\" data-element_type=\"section\">\n\t\t\t\t\t\t<div class=\"elementor-container elementor-column-gap-default\">\n\t\t\t\t\t<div class=\"elementor-column elementor-col-50 elementor-inner-column elementor-element elementor-element-2b143902 elementor-invisible\" data-id=\"2b143902\" data-element_type=\"column\" data-settings=\"{&quot;animation&quot;:&quot;fadeInUp&quot;,&quot;animation_delay&quot;:300}\">\n\t\t\t<div class=\"elementor-widget-wrap elementor-element-populated\">\n\t\t\t\t\t\t<div class=\"elementor-element elementor-element-23ae80b elementor-widget__width-auto elementor-widget elementor-widget-heading\" data-id=\"23ae80b\" data-element_type=\"widget\" data-widget_type=\"heading.default\">\n\t\t\t\t<div class=\"elementor-widget-container\">\n\t\t\t\t\t<span class=\"elementor-heading-title elementor-size-default\">Exposici\u00f3n de la empresa<\/span>\t\t\t\t<\/div>\n\t\t\t\t<\/div>\n\t\t\t\t\t<\/div>\n\t\t<\/div>\n\t\t\t\t<div class=\"elementor-column elementor-col-50 elementor-inner-column elementor-element elementor-element-37a31ab6\" data-id=\"37a31ab6\" data-element_type=\"column\">\n\t\t\t<div class=\"elementor-widget-wrap\">\n\t\t\t\t\t\t\t<\/div>\n\t\t<\/div>\n\t\t\t\t\t<\/div>\n\t\t<\/section>\n\t\t\t\t\t<\/div>\n\t\t<\/div>\n\t\t\t\t<div class=\"elementor-column elementor-col-50 elementor-top-column elementor-element elementor-element-8dcf505\" data-id=\"8dcf505\" data-element_type=\"column\">\n\t\t\t<div class=\"elementor-widget-wrap elementor-element-populated\">\n\t\t\t\t\t\t<div class=\"elementor-element elementor-element-1657d27 elementor-invisible elementor-widget elementor-widget-text-editor\" data-id=\"1657d27\" data-element_type=\"widget\" data-settings=\"{&quot;_animation&quot;:&quot;fadeIn&quot;,&quot;_animation_delay&quot;:300}\" data-widget_type=\"text-editor.default\">\n\t\t\t\t<div class=\"elementor-widget-container\">\n\t\t\t\t\t\t\t\t\t<p>Aumentar la exposici\u00f3n de su empresa para b\u00fasquedas relacionadas con la geograf\u00eda, especialmente dentro del Local Pack de Google (o listados de mapas), se conoce como optimizaci\u00f3n local de motores de b\u00fasqueda (SEO). Su empresa se beneficiar\u00e1 del SEO local de las siguientes maneras:<\/p><ul><li>Ampliar su presencia en l\u00ednea en el barrio.<\/li><li>Mejores resultados que sus rivales regionales<\/li><li>Aumentar las visitas al sitio web procedentes de fuentes naturales.<\/li><li>Aumentar la cantidad de clientes potenciales y ventas procedentes de una determinada \u00e1rea de servicio.<\/li><\/ul>\t\t\t\t\t\t\t\t<\/div>\n\t\t\t\t<\/div>\n\t\t\t\t\t<\/div>\n\t\t<\/div>\n\t\t\t\t\t<\/div>\n\t\t<\/section>\n\t\t\t\t<section class=\"elementor-section elementor-top-section elementor-element elementor-element-4551eefc elementor-section-boxed elementor-section-height-default elementor-section-height-default elementor-invisible\" data-id=\"4551eefc\" data-element_type=\"section\" data-settings=\"{&quot;animation&quot;:&quot;fadeIn&quot;,&quot;animation_delay&quot;:300}\">\n\t\t\t\t\t\t<div class=\"elementor-container elementor-column-gap-default\">\n\t\t\t\t\t<div class=\"elementor-column elementor-col-100 elementor-top-column elementor-element elementor-element-3ae35865\" data-id=\"3ae35865\" data-element_type=\"column\" data-settings=\"{&quot;background_background&quot;:&quot;classic&quot;,&quot;animation&quot;:&quot;none&quot;}\">\n\t\t\t<div class=\"elementor-widget-wrap elementor-element-populated\">\n\t\t\t\t\t\t<div class=\"elementor-element elementor-element-5fa5b3fc elementor-widget elementor-widget-spacer\" data-id=\"5fa5b3fc\" data-element_type=\"widget\" data-widget_type=\"spacer.default\">\n\t\t\t\t<div class=\"elementor-widget-container\">\n\t\t\t\t\t\t\t<div class=\"elementor-spacer\">\n\t\t\t<div class=\"elementor-spacer-inner\"><\/div>\n\t\t<\/div>\n\t\t\t\t\t\t<\/div>\n\t\t\t\t<\/div>\n\t\t\t\t<div class=\"elementor-element elementor-element-5f8d7a1 elementor-invisible elementor-widget elementor-widget-text-editor\" data-id=\"5f8d7a1\" data-element_type=\"widget\" data-settings=\"{&quot;_animation&quot;:&quot;fadeIn&quot;,&quot;_animation_delay&quot;:300}\" data-widget_type=\"text-editor.default\">\n\t\t\t\t<div class=\"elementor-widget-container\">\n\t\t\t\t\t\t\t\t\t<p>Cualquier proveedor de servicios para el hogar o contratista de negocios que busque obtener clientes potenciales y ganar dinero de los clientes locales necesita una fuerte campa\u00f1a de SEO local. Piense en el SEO local como la gu\u00eda telef\u00f3nica de hoy en d\u00eda. El SEO local puede ayudarle a aumentar el n\u00famero de llamadas y formularios de contacto en l\u00ednea que llegan a trav\u00e9s de su sitio web, frente a la disminuci\u00f3n (o desaparici\u00f3n) de las llamadas procedentes de las P\u00e1ginas Amarillas y la publicidad en peri\u00f3dicos.<\/p><p><strong>Creaci\u00f3n de perfiles locales: <\/strong>Los servicios de SEO proporcionados por HK GKK adoptan un enfoque completo para mejorar la clasificaci\u00f3n de su sitio web abordando los problemas de backend, los problemas de rendimiento on-page y la creaci\u00f3n de contenidos que sean tanto SEO-friendly como atractivos para su p\u00fablico objetivo.\u00a0\u00a0\u00a0\u00a0\u00a0\u00a0\u00a0\u00a0<\/p><p>Para asegurarnos de que los rastreadores pueden recorrer r\u00e1pidamente su sitio web y encontrarle m\u00e1s personas, empezaremos por corregir los problemas t\u00e9cnicos. A continuaci\u00f3n, encontraremos las palabras clave ideales para su zona tras un an\u00e1lisis exhaustivo utilizando una serie de t\u00e9cnicas, y trabajaremos con usted para ejecutarlas de forma que aumenten las ventas.<\/p><p><strong>P\u00e1gina HTML para la creaci\u00f3n de sitios web:<\/strong> Debe tener un plan para llegar al p\u00fablico local en su propio idioma cuando su empresa se desarrolle en mercados internacionales. Aunque pueda traducir determinados contenidos SEO, puede resultar extremadamente dif\u00edcil comprender la intenci\u00f3n de b\u00fasqueda que subyace a las consultas en idiomas extranjeros o las frases que la gente utiliza para buscar informaci\u00f3n.<\/p><p>Las t\u00e1cticas de SEO multiling\u00fces y multirregionales en las que destaca HK GKK permiten a nuestros clientes ofrecer experiencias atractivas independientemente del lugar o el idioma.<\/p><p><strong>Creaci\u00f3n de contenidos: <\/strong>Para las empresas que necesitan orientaci\u00f3n, HK GKK ofrece servicios de consultor\u00eda SEO destinados a ayudar a los clientes a crear, poner en pr\u00e1ctica y perfeccionar una estrategia SEO.<\/p><p>Revisaremos los procedimientos internos, haremos sugerencias, proporcionaremos asistencia pr\u00e1ctica y facilitaremos documentaci\u00f3n que abarque desde flujos de trabajo hasta an\u00e1lisis y t\u00e1cticas espec\u00edficas para cada canal.<\/p><p><strong>Cree citas y enlaces:<\/strong> La cantidad de tr\u00e1fico peatonal a las tiendas f\u00edsicas puede aumentar significativamente si se mejoran los resultados de las b\u00fasquedas. Nuestro principal objetivo con los clientes de negocios locales es situarlos en el mapa, para que puedan atraer a m\u00e1s clientes altamente interesados que realicen b\u00fasquedas \"cerca de m\u00ed\".<\/p><p>En primer lugar, nos centraremos en mejorar su perfil de Google My Business y en garantizar la uniformidad en todas las fichas de empresa actuales. Una vez que todo est\u00e9 configurado correctamente, nos concentraremos en generar rese\u00f1as y crear citas para establecer credibilidad con los clientes.<\/p><p><strong>Construcci\u00f3n de enlaces:<\/strong> Para los negocios f\u00edsicos, la mejora de los resultados de b\u00fasqueda puede aumentar significativamente el tr\u00e1fico a su sitio web. Para aumentar el n\u00famero de clientes que realizan b\u00fasquedas \"cerca de m\u00ed\" para nuestros clientes locales, nos centramos en situarlos en el mapa.<\/p><p>Nuestra prioridad inicial ser\u00e1 optimizar su p\u00e1gina de Google My Business y crear uniformidad en todas las empresas actualmente listadas. Una vez que todo est\u00e9 configurado correctamente, nos concentraremos en dise\u00f1ar un plan para generar rese\u00f1as y menciones para aumentar nuestra autoridad con los clientes.<\/p><p><strong>Generaci\u00f3n de rese\u00f1as y gesti\u00f3n de la reputaci\u00f3n:<\/strong>\u00a0Nuestros servicios SEO para comercio electr\u00f3nico est\u00e1n dise\u00f1ados para ayudar a las empresas a atraer a consumidores cualificados y sentar las bases de unos \u00edndices de conversi\u00f3n m\u00e1s elevados. Para promover la navegaci\u00f3n, solucionaremos problemas t\u00e9cnicos, actualizaremos las descripciones y reforzaremos los enlaces internos.<\/p><p>Adem\u00e1s, utilizaremos el marcado estructurado para facilitar la comprensi\u00f3n de su sitio web por parte de los motores de b\u00fasqueda, nos concentraremos en crear una marca memorable y crearemos una estrategia para recabar las opiniones de los clientes.<\/p>\t\t\t\t\t\t\t\t<\/div>\n\t\t\t\t<\/div>\n\t\t\t\t<div class=\"elementor-element elementor-element-7cb65aa3 elementor-widget elementor-widget-spacer\" data-id=\"7cb65aa3\" data-element_type=\"widget\" data-widget_type=\"spacer.default\">\n\t\t\t\t<div class=\"elementor-widget-container\">\n\t\t\t\t\t\t\t<div class=\"elementor-spacer\">\n\t\t\t<div class=\"elementor-spacer-inner\"><\/div>\n\t\t<\/div>\n\t\t\t\t\t\t<\/div>\n\t\t\t\t<\/div>\n\t\t\t\t\t<\/div>\n\t\t<\/div>\n\t\t\t\t\t<\/div>\n\t\t<\/section>\n\t\t\t\t<section class=\"elementor-section elementor-top-section elementor-element elementor-element-7ada8ac0 elementor-section-boxed elementor-section-height-default elementor-section-height-default elementor-invisible\" data-id=\"7ada8ac0\" data-element_type=\"section\" data-settings=\"{&quot;animation&quot;:&quot;fadeIn&quot;,&quot;animation_delay&quot;:300}\">\n\t\t\t\t\t\t<div class=\"elementor-container elementor-column-gap-default\">\n\t\t\t\t\t<div class=\"elementor-column elementor-col-100 elementor-top-column elementor-element elementor-element-752e21f\" data-id=\"752e21f\" data-element_type=\"column\">\n\t\t\t<div class=\"elementor-widget-wrap elementor-element-populated\">\n\t\t\t\t\t\t<div class=\"elementor-element elementor-element-3373dc9f elementor-widget elementor-widget-heading\" data-id=\"3373dc9f\" data-element_type=\"widget\" data-widget_type=\"heading.default\">\n\t\t\t\t<div class=\"elementor-widget-container\">\n\t\t\t\t\t<h3 class=\"elementor-heading-title elementor-size-default\">Obtenga ahora servicios SEO locales<\/h3>\t\t\t\t<\/div>\n\t\t\t\t<\/div>\n\t\t\t\t<div class=\"elementor-element elementor-element-0849f80 elementor-widget elementor-widget-button\" data-id=\"0849f80\" data-element_type=\"widget\" data-widget_type=\"button.default\">\n\t\t\t\t<div class=\"elementor-widget-container\">\n\t\t\t\t\t\t\t\t\t<div class=\"elementor-button-wrapper\">\n\t\t\t\t\t<a class=\"elementor-button elementor-button-link elementor-size-md elementor-animation-grow\" href=\"https:\/\/gkkmarketing.com\/es\/contact-us\/\">\n\t\t\t\t\t\t<span class=\"elementor-button-content-wrapper\">\n\t\t\t\t\t\t<span class=\"elementor-button-icon\">\n\t\t\t\t<i aria-hidden=\"true\" class=\"far fa-comments\"><\/i>\t\t\t<\/span>\n\t\t\t\t\t\t\t\t\t<span class=\"elementor-button-text\">Cont\u00e1ctenos<\/span>\n\t\t\t\t\t<\/span>\n\t\t\t\t\t<\/a>\n\t\t\t\t<\/div>\n\t\t\t\t\t\t\t\t<\/div>\n\t\t\t\t<\/div>\n\t\t\t\t\t<\/div>\n\t\t<\/div>\n\t\t\t\t\t<\/div>\n\t\t<\/section>\n\t\t\t\t<\/div>","protected":false},"excerpt":{"rendered":"<p>Local SEO Local SEO Business&#8217;s exposure Increasing your business&#8217;s exposure for geographically-related searches, especially inside Google&#8217;s Local Pack (or map listings), is known as local search engine optimization (SEO). Your company will gain from local SEO in the following ways: Expanding its online presence in the neighborhood. Performs better than its regional rivals Boost website [&hellip;]<\/p>","protected":false},"author":4,"featured_media":0,"parent":0,"menu_order":0,"comment_status":"closed","ping_status":"closed","template":"elementor_header_footer","meta":{"footnotes":""},"class_list":["post-172","page","type-page","status-publish","hentry"],"_links":{"self":[{"href":"https:\/\/gkkmarketing.com\/es\/wp-json\/wp\/v2\/pages\/172","targetHints":{"allow":["GET"]}}],"collection":[{"href":"https:\/\/gkkmarketing.com\/es\/wp-json\/wp\/v2\/pages"}],"about":[{"href":"https:\/\/gkkmarketing.com\/es\/wp-json\/wp\/v2\/types\/page"}],"author":[{"embeddable":true,"href":"https:\/\/gkkmarketing.com\/es\/wp-json\/wp\/v2\/users\/4"}],"replies":[{"embeddable":true,"href":"https:\/\/gkkmarketing.com\/es\/wp-json\/wp\/v2\/comments?post=172"}],"version-history":[{"count":10,"href":"https:\/\/gkkmarketing.com\/es\/wp-json\/wp\/v2\/pages\/172\/revisions"}],"predecessor-version":[{"id":307,"href":"https:\/\/gkkmarketing.com\/es\/wp-json\/wp\/v2\/pages\/172\/revisions\/307"}],"wp:attachment":[{"href":"https:\/\/gkkmarketing.com\/es\/wp-json\/wp\/v2\/media?parent=172"}],"curies":[{"name":"wp","href":"https:\/\/api.w.org\/{rel}","templated":true}]}}