{"id":174,"date":"2023-06-14T18:54:28","date_gmt":"2023-06-14T18:54:28","guid":{"rendered":"https:\/\/gkkmarketing.com\/?page_id=174"},"modified":"2023-06-23T15:01:36","modified_gmt":"2023-06-23T15:01:36","slug":"overthetopadvertising","status":"publish","type":"page","link":"https:\/\/gkkmarketing.com\/es\/overthetopadvertising\/","title":{"rendered":"Over The Top Advertising"},"content":{"rendered":"<div data-elementor-type=\"wp-page\" data-elementor-id=\"174\" class=\"elementor elementor-174\" data-elementor-post-type=\"page\">\n\t\t\t\t\t\t<section class=\"elementor-section elementor-top-section elementor-element elementor-element-3928dc4b elementor-section-height-min-height elementor-section-items-bottom elementor-section-content-bottom elementor-section-boxed elementor-section-height-default elementor-invisible\" data-id=\"3928dc4b\" data-element_type=\"section\" data-settings=\"{&quot;background_background&quot;:&quot;classic&quot;,&quot;animation&quot;:&quot;fadeIn&quot;}\">\n\t\t\t\t\t\t\t<div class=\"elementor-background-overlay\"><\/div>\n\t\t\t\t\t\t\t<div class=\"elementor-container elementor-column-gap-default\">\n\t\t\t\t\t<div class=\"elementor-column elementor-col-100 elementor-top-column elementor-element elementor-element-54648e9\" data-id=\"54648e9\" data-element_type=\"column\">\n\t\t\t<div class=\"elementor-widget-wrap elementor-element-populated\">\n\t\t\t\t\t\t<div class=\"elementor-element elementor-element-23849a29 elementor-widget__width-initial elementor-absolute animated-fast elementor-invisible elementor-widget elementor-widget-heading\" data-id=\"23849a29\" data-element_type=\"widget\" data-settings=\"{&quot;motion_fx_motion_fx_scrolling&quot;:&quot;yes&quot;,&quot;motion_fx_rotateZ_effect&quot;:&quot;yes&quot;,&quot;motion_fx_rotateZ_speed&quot;:{&quot;unit&quot;:&quot;px&quot;,&quot;size&quot;:5.4000000000000003552713678800500929355621337890625,&quot;sizes&quot;:[]},&quot;motion_fx_rotateZ_affectedRange&quot;:{&quot;unit&quot;:&quot;%&quot;,&quot;size&quot;:&quot;&quot;,&quot;sizes&quot;:{&quot;start&quot;:0,&quot;end&quot;:0}},&quot;_position&quot;:&quot;absolute&quot;,&quot;_animation&quot;:&quot;slideInUp&quot;,&quot;_animation_delay&quot;:300,&quot;motion_fx_devices&quot;:[&quot;desktop&quot;,&quot;tablet&quot;]}\" data-widget_type=\"heading.default\">\n\t\t\t\t<div class=\"elementor-widget-container\">\n\t\t\t\t\t<h1 class=\"elementor-heading-title elementor-size-default\">Publicidad en los medios de comunicaci\u00f3n<\/h1>\t\t\t\t<\/div>\n\t\t\t\t<\/div>\n\t\t\t\t\t<\/div>\n\t\t<\/div>\n\t\t\t\t\t<\/div>\n\t\t<\/section>\n\t\t\t\t<section class=\"elementor-section elementor-top-section elementor-element elementor-element-59a9d68b elementor-section-boxed elementor-section-height-default elementor-section-height-default\" data-id=\"59a9d68b\" data-element_type=\"section\">\n\t\t\t\t\t\t<div class=\"elementor-container elementor-column-gap-default\">\n\t\t\t\t\t<div class=\"elementor-column elementor-col-50 elementor-top-column elementor-element elementor-element-e581046\" data-id=\"e581046\" data-element_type=\"column\">\n\t\t\t<div class=\"elementor-widget-wrap elementor-element-populated\">\n\t\t\t\t\t\t<div class=\"elementor-element elementor-element-37fb441 elementor-invisible elementor-widget elementor-widget-heading\" data-id=\"37fb441\" data-element_type=\"widget\" data-settings=\"{&quot;_animation&quot;:&quot;fadeIn&quot;,&quot;_animation_delay&quot;:150}\" data-widget_type=\"heading.default\">\n\t\t\t\t<div class=\"elementor-widget-container\">\n\t\t\t\t\t<h2 class=\"elementor-heading-title elementor-size-default\">Publicidad en los medios de comunicaci\u00f3n<\/h2>\t\t\t\t<\/div>\n\t\t\t\t<\/div>\n\t\t\t\t<section class=\"elementor-section elementor-inner-section elementor-element elementor-element-6d1a03e4 elementor-section-boxed elementor-section-height-default elementor-section-height-default\" data-id=\"6d1a03e4\" data-element_type=\"section\">\n\t\t\t\t\t\t<div class=\"elementor-container elementor-column-gap-default\">\n\t\t\t\t\t<div class=\"elementor-column elementor-col-50 elementor-inner-column elementor-element elementor-element-2b143902 elementor-invisible\" data-id=\"2b143902\" data-element_type=\"column\" data-settings=\"{&quot;animation&quot;:&quot;fadeInUp&quot;,&quot;animation_delay&quot;:300}\">\n\t\t\t<div class=\"elementor-widget-wrap elementor-element-populated\">\n\t\t\t\t\t\t<div class=\"elementor-element elementor-element-23ae80b elementor-widget__width-auto elementor-widget elementor-widget-heading\" data-id=\"23ae80b\" data-element_type=\"widget\" data-widget_type=\"heading.default\">\n\t\t\t\t<div class=\"elementor-widget-container\">\n\t\t\t\t\t<span class=\"elementor-heading-title elementor-size-default\">Servicios de publicidad<\/span>\t\t\t\t<\/div>\n\t\t\t\t<\/div>\n\t\t\t\t\t<\/div>\n\t\t<\/div>\n\t\t\t\t<div class=\"elementor-column elementor-col-50 elementor-inner-column elementor-element elementor-element-37a31ab6\" data-id=\"37a31ab6\" data-element_type=\"column\">\n\t\t\t<div class=\"elementor-widget-wrap\">\n\t\t\t\t\t\t\t<\/div>\n\t\t<\/div>\n\t\t\t\t\t<\/div>\n\t\t<\/section>\n\t\t\t\t\t<\/div>\n\t\t<\/div>\n\t\t\t\t<div class=\"elementor-column elementor-col-50 elementor-top-column elementor-element elementor-element-8dcf505\" data-id=\"8dcf505\" data-element_type=\"column\">\n\t\t\t<div class=\"elementor-widget-wrap elementor-element-populated\">\n\t\t\t\t\t\t<div class=\"elementor-element elementor-element-1657d27 elementor-invisible elementor-widget elementor-widget-text-editor\" data-id=\"1657d27\" data-element_type=\"widget\" data-settings=\"{&quot;_animation&quot;:&quot;fadeIn&quot;,&quot;_animation_delay&quot;:300}\" data-widget_type=\"text-editor.default\">\n\t\t\t\t<div class=\"elementor-widget-container\">\n\t\t\t\t\t\t\t\t\t<p>Puede aumentar los clientes potenciales y las ventas utilizando anuncios de televisi\u00f3n conectados y publicidad en directo.<\/p><p>\u00bfHa pensado alguna vez en utilizar los servicios de streaming que ofrecen episodios de televisi\u00f3n, pel\u00edculas, deportes y televisi\u00f3n en directo para promocionar su empresa de servicios? Los servicios de publicidad OTT para empresas de servicios a domicilio que ofrece Blue Corona ahora lo hacen posible.<\/p><p>La publicidad OTT de HK GKK, a menudo conocida como publicidad \"over-the-top\", describe anuncios que se reproducen a lo largo de v\u00eddeos de larga duraci\u00f3n en servicios de streaming muy populares como YouTube TV, as\u00ed como en aplicaciones de cadenas de televisi\u00f3n como Fox Sports, NBC y otras. Adem\u00e1s, las plataformas de televisi\u00f3n conectada (CTV), que incluyen televisores inteligentes, consolas de videojuegos, tel\u00e9fonos inteligentes, tabletas y ordenadores, proporcionan acceso a OTT.<\/p>\t\t\t\t\t\t\t\t<\/div>\n\t\t\t\t<\/div>\n\t\t\t\t\t<\/div>\n\t\t<\/div>\n\t\t\t\t\t<\/div>\n\t\t<\/section>\n\t\t\t\t<section class=\"elementor-section elementor-top-section elementor-element elementor-element-4551eefc elementor-section-boxed elementor-section-height-default elementor-section-height-default elementor-invisible\" data-id=\"4551eefc\" data-element_type=\"section\" data-settings=\"{&quot;animation&quot;:&quot;fadeIn&quot;,&quot;animation_delay&quot;:300}\">\n\t\t\t\t\t\t<div class=\"elementor-container elementor-column-gap-default\">\n\t\t\t\t\t<div class=\"elementor-column elementor-col-100 elementor-top-column elementor-element elementor-element-3ae35865\" data-id=\"3ae35865\" data-element_type=\"column\" data-settings=\"{&quot;background_background&quot;:&quot;classic&quot;,&quot;animation&quot;:&quot;none&quot;}\">\n\t\t\t<div class=\"elementor-widget-wrap elementor-element-populated\">\n\t\t\t\t\t\t<div class=\"elementor-element elementor-element-5fa5b3fc elementor-widget elementor-widget-spacer\" data-id=\"5fa5b3fc\" data-element_type=\"widget\" data-widget_type=\"spacer.default\">\n\t\t\t\t<div class=\"elementor-widget-container\">\n\t\t\t\t\t\t\t<div class=\"elementor-spacer\">\n\t\t\t<div class=\"elementor-spacer-inner\"><\/div>\n\t\t<\/div>\n\t\t\t\t\t\t<\/div>\n\t\t\t\t<\/div>\n\t\t\t\t<div class=\"elementor-element elementor-element-779fa4d elementor-invisible elementor-widget elementor-widget-text-editor\" data-id=\"779fa4d\" data-element_type=\"widget\" data-settings=\"{&quot;_animation&quot;:&quot;fadeIn&quot;,&quot;_animation_delay&quot;:300}\" data-widget_type=\"text-editor.default\">\n\t\t\t\t<div class=\"elementor-widget-container\">\n\t\t\t\t\t\t\t\t\t<p>Y lo que es mejor, gracias a los anuncios que no se pueden saltar s\u00f3lo en contenidos de larga duraci\u00f3n, cuando elige a HK GKK como su agencia de publicidad OTT, le garantizamos que sus anuncios se ver\u00e1n en lugar de saltarse. Sus anuncios se emitir\u00e1n en programas de televisi\u00f3n populares, pel\u00edculas taquilleras y eventos deportivos en directo y grabados.<\/p><p><strong>\u00bfEn qu\u00e9 se diferencian los anuncios OTT de los de televisi\u00f3n? <\/strong>La publicidad OTT es bastante comparable a los anuncios tradicionales de televisi\u00f3n. Son anuncios de v\u00eddeo dirigidos que se distribuyen a los consumidores a trav\u00e9s de servicios de streaming y equipos de CTV. Sin embargo, la publicidad OTT para empresas de servicios a domicilio tiene una ventaja significativa sobre los anuncios de televisi\u00f3n: opciones de segmentaci\u00f3n hiperespec\u00edficas en su publicidad.<\/p><p><strong>\u00bfQu\u00e9 indica esto? <\/strong>A diferencia de los anuncios de televisi\u00f3n locales, que difunden su publicidad a una amplia audiencia con la esperanza de que sus clientes ideales los vean, los anuncios de v\u00eddeo en l\u00ednea son vistos por consumidores locales que se ajustan a su perfil de cliente ideal. Los anuncios OTT ofrecen una enorme selecci\u00f3n de opciones de segmentaci\u00f3n. Tenga un control total sobre su publicidad creando una audiencia personalizada que se ajuste a su perfil de cliente ideal.<\/p><p><strong>Nuestros servicios de publicidad OTT para empresas de servicios a domicilio: <\/strong>HK GKK puede gestionar por usted todo el proceso de compra y planificaci\u00f3n de OTT, desde el dise\u00f1o de una audiencia espec\u00edfica con m\u00e1s probabilidades de convertirse en nuevos consumidores hasta la generaci\u00f3n de su publicidad en v\u00eddeo.<\/p><p><strong>Entrada de negocios: <\/strong>Nuestro equipo llevar\u00e1 a cabo un an\u00e1lisis exhaustivo de sus objetivos empresariales y de marketing. Con el fin de ayudarle mejor en el proceso de planificaci\u00f3n y compra de medios, esto nos permite comprender mejor los objetivos que pretende alcanzar con sus anuncios OTT.<\/p><p>Abordamos todo lo que hacemos desde la perspectiva del propietario de un negocio y nos basamos en datos. Pensamos continuamente en lo que es mejor para usted.<\/p><p><strong>Crear p\u00fablico personalizado: <\/strong>Nuestro equipo desarrollar\u00e1 una audiencia personalizada para mostrar su publicidad OTT despu\u00e9s de conocer sus objetivos y metas de marketing. En lugar de comprar anuncios de televisi\u00f3n en YouTube en ESPN porque crees que tu p\u00fablico objetivo ve ESPN, OTT consiste en llegar al consumidor adecuado en el momento adecuado.<\/p><p>Le ayudaremos a encontrar propietarios de viviendas certificados en un rango de edad concreto que se encuentren dentro de los m\u00e1rgenes de renta familiar deseados, residan en viviendas de una determinada antig\u00fcedad y hayan buscado previamente en Internet informaci\u00f3n sobre mejoras y confort en el hogar.<\/p><p><strong>Negociaci\u00f3n y compra de medios: <\/strong>La publicidad OTT puede resultar cara cuando se hace directamente con proveedores de servicios como Hulu, YouTube TV y Sling. Gracias a las s\u00f3lidas alianzas de HK GKK con proveedores de medios de comunicaci\u00f3n, tienes m\u00e1s poder adquisitivo, lo que se traduce en anuncios publicitarios rentables.<\/p><p>A continuaci\u00f3n, organizaremos la compra de medios en su nombre, evit\u00e1ndole la molestia de tratar con proveedores odiosos. M\u00e1s informaci\u00f3n sobre nuestros servicios de compra y planificaci\u00f3n de publicidad para empresas que prestan servicios a domicilio.<\/p><p><strong>Servicios de dise\u00f1o: <\/strong>D\u00e9jenos investigar para que usted no tenga que hacerlo. Trabajaremos contigo para redactar el gui\u00f3n y los mensajes adecuados.<\/p><p>Despu\u00e9s, nos encargaremos de todo el proceso creativo para producir una publicidad impactante y eficaz, desde la redacci\u00f3n del gui\u00f3n hasta la posproducci\u00f3n. Puede participar en la medida que le resulte necesaria.<\/p><p><strong>Seguimiento de una campa\u00f1a: <\/strong>Al igual que otros proveedores de anuncios OTT, proporcionamos informes y an\u00e1lisis completos. Y lo que es m\u00e1s importante, HK GKK Marketing Center ofrece informes m\u00e1s detallados que otras empresas de publicidad OTT, incluido el tr\u00e1fico web de los anuncios OTT, los nuevos clientes potenciales generados por OTT y los ingresos generados por cada campa\u00f1a.<\/p><p><strong>Adhesi\u00f3n a la campa\u00f1a e ingresos: <\/strong>A diferencia de otras plataformas de publicidad OTT para empresas de servicios a domicilio, HK GKK puede vincular OTT directamente a los objetivos espec\u00edficos de su campa\u00f1a. \u00bfNecesita contratar a 10 t\u00e9cnicos? Podemos informarle de qui\u00e9n utiliz\u00f3 OTT para solicitar empleo y qui\u00e9n fue contratado.<\/p><p><strong>\u00bfQuiere aumentar sus ventas y sus clientes potenciales?<\/strong> Para proporcionar una atribuci\u00f3n exhaustiva de clientes potenciales e ingresos a partir de sus anuncios OTT, realizaremos un seguimiento de las fuentes de clientes potenciales OTT y colaboraremos con usted.<\/p><p><strong>Agencia de publicidad OTT l\u00edder en el sector de los servicios a domicilio: <\/strong>HK GKK Marketing se compromete a crear empresas que mejoren sus comunidades locales. Como l\u00edder del mercado en marketing de servicios a domicilio, ofrecemos servicios de publicidad OTT para empresas que ofrecen servicios a domicilio en las siguientes \u00e1reas. Comience a publicar anuncios en televisores inteligentes, servicios de streaming, tel\u00e9fonos m\u00f3viles, consolas de juegos y otros dispositivos.<\/p>\t\t\t\t\t\t\t\t<\/div>\n\t\t\t\t<\/div>\n\t\t\t\t\t<\/div>\n\t\t<\/div>\n\t\t\t\t\t<\/div>\n\t\t<\/section>\n\t\t\t\t<section class=\"elementor-section elementor-top-section elementor-element elementor-element-7ada8ac0 elementor-section-boxed elementor-section-height-default elementor-section-height-default elementor-invisible\" data-id=\"7ada8ac0\" data-element_type=\"section\" data-settings=\"{&quot;animation&quot;:&quot;fadeIn&quot;,&quot;animation_delay&quot;:300}\">\n\t\t\t\t\t\t<div class=\"elementor-container elementor-column-gap-default\">\n\t\t\t\t\t<div class=\"elementor-column elementor-col-100 elementor-top-column elementor-element elementor-element-752e21f\" data-id=\"752e21f\" data-element_type=\"column\">\n\t\t\t<div class=\"elementor-widget-wrap elementor-element-populated\">\n\t\t\t\t\t\t<div class=\"elementor-element elementor-element-3373dc9f elementor-widget elementor-widget-heading\" data-id=\"3373dc9f\" data-element_type=\"widget\" data-widget_type=\"heading.default\">\n\t\t\t\t<div class=\"elementor-widget-container\">\n\t\t\t\t\t<h3 class=\"elementor-heading-title elementor-size-default\">Consiga ya servicios de publicidad OTT<\/h3>\t\t\t\t<\/div>\n\t\t\t\t<\/div>\n\t\t\t\t<div class=\"elementor-element elementor-element-2a1628f elementor-widget elementor-widget-button\" data-id=\"2a1628f\" data-element_type=\"widget\" data-widget_type=\"button.default\">\n\t\t\t\t<div class=\"elementor-widget-container\">\n\t\t\t\t\t\t\t\t\t<div class=\"elementor-button-wrapper\">\n\t\t\t\t\t<a class=\"elementor-button elementor-button-link elementor-size-md elementor-animation-grow\" href=\"https:\/\/gkkmarketing.com\/es\/contact-us\/\">\n\t\t\t\t\t\t<span class=\"elementor-button-content-wrapper\">\n\t\t\t\t\t\t<span class=\"elementor-button-icon\">\n\t\t\t\t<i aria-hidden=\"true\" class=\"far fa-comments\"><\/i>\t\t\t<\/span>\n\t\t\t\t\t\t\t\t\t<span class=\"elementor-button-text\">Cont\u00e1ctenos<\/span>\n\t\t\t\t\t<\/span>\n\t\t\t\t\t<\/a>\n\t\t\t\t<\/div>\n\t\t\t\t\t\t\t\t<\/div>\n\t\t\t\t<\/div>\n\t\t\t\t\t<\/div>\n\t\t<\/div>\n\t\t\t\t\t<\/div>\n\t\t<\/section>\n\t\t\t\t<\/div>","protected":false},"excerpt":{"rendered":"<p>Over-The-Top Advertising Over-The-Top Advertising Advertising services You may boost leads and sales by using connected TV commercials and over-the-top advertising. Have you ever thought of using streaming services that provide TV episodes, movies, sports, and live TV to promote your service business? The OTT advertising services for home service firms provided by Blue Corona now [&hellip;]<\/p>","protected":false},"author":4,"featured_media":0,"parent":0,"menu_order":0,"comment_status":"closed","ping_status":"closed","template":"elementor_header_footer","meta":{"footnotes":""},"class_list":["post-174","page","type-page","status-publish","hentry"],"_links":{"self":[{"href":"https:\/\/gkkmarketing.com\/es\/wp-json\/wp\/v2\/pages\/174","targetHints":{"allow":["GET"]}}],"collection":[{"href":"https:\/\/gkkmarketing.com\/es\/wp-json\/wp\/v2\/pages"}],"about":[{"href":"https:\/\/gkkmarketing.com\/es\/wp-json\/wp\/v2\/types\/page"}],"author":[{"embeddable":true,"href":"https:\/\/gkkmarketing.com\/es\/wp-json\/wp\/v2\/users\/4"}],"replies":[{"embeddable":true,"href":"https:\/\/gkkmarketing.com\/es\/wp-json\/wp\/v2\/comments?post=174"}],"version-history":[{"count":11,"href":"https:\/\/gkkmarketing.com\/es\/wp-json\/wp\/v2\/pages\/174\/revisions"}],"predecessor-version":[{"id":465,"href":"https:\/\/gkkmarketing.com\/es\/wp-json\/wp\/v2\/pages\/174\/revisions\/465"}],"wp:attachment":[{"href":"https:\/\/gkkmarketing.com\/es\/wp-json\/wp\/v2\/media?parent=174"}],"curies":[{"name":"wp","href":"https:\/\/api.w.org\/{rel}","templated":true}]}}