{"id":178,"date":"2023-06-14T18:55:27","date_gmt":"2023-06-14T18:55:27","guid":{"rendered":"https:\/\/gkkmarketing.com\/?page_id=178"},"modified":"2023-06-15T03:14:56","modified_gmt":"2023-06-15T03:14:56","slug":"pay-per-click-advertising","status":"publish","type":"page","link":"https:\/\/gkkmarketing.com\/es\/pay-per-click-advertising\/","title":{"rendered":"Publicidad de pago por clic (PPC)"},"content":{"rendered":"<div data-elementor-type=\"wp-page\" data-elementor-id=\"178\" class=\"elementor elementor-178\" data-elementor-post-type=\"page\">\n\t\t\t\t\t\t<section class=\"elementor-section elementor-top-section elementor-element elementor-element-3928dc4b elementor-section-height-min-height elementor-section-items-bottom elementor-section-content-bottom elementor-section-boxed elementor-section-height-default elementor-invisible\" data-id=\"3928dc4b\" data-element_type=\"section\" data-settings=\"{&quot;background_background&quot;:&quot;classic&quot;,&quot;animation&quot;:&quot;fadeIn&quot;}\">\n\t\t\t\t\t\t\t<div class=\"elementor-background-overlay\"><\/div>\n\t\t\t\t\t\t\t<div class=\"elementor-container elementor-column-gap-default\">\n\t\t\t\t\t<div class=\"elementor-column elementor-col-100 elementor-top-column elementor-element elementor-element-54648e9\" data-id=\"54648e9\" data-element_type=\"column\">\n\t\t\t<div class=\"elementor-widget-wrap elementor-element-populated\">\n\t\t\t\t\t\t<div class=\"elementor-element elementor-element-23849a29 elementor-widget__width-initial elementor-absolute animated-fast elementor-invisible elementor-widget elementor-widget-heading\" data-id=\"23849a29\" data-element_type=\"widget\" data-settings=\"{&quot;motion_fx_motion_fx_scrolling&quot;:&quot;yes&quot;,&quot;motion_fx_rotateZ_effect&quot;:&quot;yes&quot;,&quot;motion_fx_rotateZ_speed&quot;:{&quot;unit&quot;:&quot;px&quot;,&quot;size&quot;:5.4000000000000003552713678800500929355621337890625,&quot;sizes&quot;:[]},&quot;motion_fx_rotateZ_affectedRange&quot;:{&quot;unit&quot;:&quot;%&quot;,&quot;size&quot;:&quot;&quot;,&quot;sizes&quot;:{&quot;start&quot;:0,&quot;end&quot;:0}},&quot;_position&quot;:&quot;absolute&quot;,&quot;_animation&quot;:&quot;slideInUp&quot;,&quot;_animation_delay&quot;:300,&quot;motion_fx_devices&quot;:[&quot;desktop&quot;,&quot;tablet&quot;]}\" data-widget_type=\"heading.default\">\n\t\t\t\t<div class=\"elementor-widget-container\">\n\t\t\t\t\t<h1 class=\"elementor-heading-title elementor-size-default\">Publicidad de pago por clic<\/h1>\t\t\t\t<\/div>\n\t\t\t\t<\/div>\n\t\t\t\t\t<\/div>\n\t\t<\/div>\n\t\t\t\t\t<\/div>\n\t\t<\/section>\n\t\t\t\t<section class=\"elementor-section elementor-top-section elementor-element elementor-element-59a9d68b elementor-section-boxed elementor-section-height-default elementor-section-height-default\" data-id=\"59a9d68b\" data-element_type=\"section\">\n\t\t\t\t\t\t<div class=\"elementor-container elementor-column-gap-default\">\n\t\t\t\t\t<div class=\"elementor-column elementor-col-50 elementor-top-column elementor-element elementor-element-e581046\" data-id=\"e581046\" data-element_type=\"column\">\n\t\t\t<div class=\"elementor-widget-wrap elementor-element-populated\">\n\t\t\t\t\t\t<div class=\"elementor-element elementor-element-37fb441 elementor-invisible elementor-widget elementor-widget-heading\" data-id=\"37fb441\" data-element_type=\"widget\" data-settings=\"{&quot;_animation&quot;:&quot;fadeIn&quot;,&quot;_animation_delay&quot;:150}\" data-widget_type=\"heading.default\">\n\t\t\t\t<div class=\"elementor-widget-container\">\n\t\t\t\t\t<h2 class=\"elementor-heading-title elementor-size-default\">Publicidad de pago por clic (PPC)<\/h2>\t\t\t\t<\/div>\n\t\t\t\t<\/div>\n\t\t\t\t<section class=\"elementor-section elementor-inner-section elementor-element elementor-element-6d1a03e4 elementor-section-boxed elementor-section-height-default elementor-section-height-default\" data-id=\"6d1a03e4\" data-element_type=\"section\">\n\t\t\t\t\t\t<div class=\"elementor-container elementor-column-gap-default\">\n\t\t\t\t\t<div class=\"elementor-column elementor-col-50 elementor-inner-column elementor-element elementor-element-2b143902 elementor-invisible\" data-id=\"2b143902\" data-element_type=\"column\" data-settings=\"{&quot;animation&quot;:&quot;fadeInUp&quot;,&quot;animation_delay&quot;:300}\">\n\t\t\t<div class=\"elementor-widget-wrap elementor-element-populated\">\n\t\t\t\t\t\t<div class=\"elementor-element elementor-element-23ae80b elementor-widget__width-auto elementor-widget elementor-widget-heading\" data-id=\"23ae80b\" data-element_type=\"widget\" data-widget_type=\"heading.default\">\n\t\t\t\t<div class=\"elementor-widget-container\">\n\t\t\t\t\t<span class=\"elementor-heading-title elementor-size-default\"><a href=\"#\">Consiga sus objetivos<\/a><\/span>\t\t\t\t<\/div>\n\t\t\t\t<\/div>\n\t\t\t\t\t<\/div>\n\t\t<\/div>\n\t\t\t\t<div class=\"elementor-column elementor-col-50 elementor-inner-column elementor-element elementor-element-37a31ab6\" data-id=\"37a31ab6\" data-element_type=\"column\">\n\t\t\t<div class=\"elementor-widget-wrap\">\n\t\t\t\t\t\t\t<\/div>\n\t\t<\/div>\n\t\t\t\t\t<\/div>\n\t\t<\/section>\n\t\t\t\t\t<\/div>\n\t\t<\/div>\n\t\t\t\t<div class=\"elementor-column elementor-col-50 elementor-top-column elementor-element elementor-element-8dcf505\" data-id=\"8dcf505\" data-element_type=\"column\">\n\t\t\t<div class=\"elementor-widget-wrap elementor-element-populated\">\n\t\t\t\t\t\t<div class=\"elementor-element elementor-element-1657d27 elementor-invisible elementor-widget elementor-widget-text-editor\" data-id=\"1657d27\" data-element_type=\"widget\" data-settings=\"{&quot;_animation&quot;:&quot;fadeIn&quot;,&quot;_animation_delay&quot;:300}\" data-widget_type=\"text-editor.default\">\n\t\t\t\t<div class=\"elementor-widget-container\">\n\t\t\t\t\t\t\t\t\t<p>Un anunciante s\u00f3lo paga cuando se hace clic en uno de sus anuncios en el marketing de pago por clic (PPC), un tipo popular de publicidad en Internet. El PPC es un medio para comprar clics en sitios web u otras acciones deseadas en funci\u00f3n de su marketing, adem\u00e1s de ganar tr\u00e1fico web de forma natural.<\/p><p>HK GKK, empresa l\u00edder en gesti\u00f3n de PPC, emplea la b\u00fasqueda patrocinada para aumentar las ventas de su empresa. Nuestros servicios de PPC basados en tecnolog\u00eda le ayudar\u00e1n a alcanzar sus objetivos, as\u00ed como a medir y maximizar su ROI de PPC, tanto si su objetivo es aumentar los clientes potenciales, el tr\u00e1fico del sitio web o ambos.<\/p>\t\t\t\t\t\t\t\t<\/div>\n\t\t\t\t<\/div>\n\t\t\t\t\t<\/div>\n\t\t<\/div>\n\t\t\t\t\t<\/div>\n\t\t<\/section>\n\t\t\t\t<section class=\"elementor-section elementor-top-section elementor-element elementor-element-4551eefc elementor-section-boxed elementor-section-height-default elementor-section-height-default elementor-invisible\" data-id=\"4551eefc\" data-element_type=\"section\" data-settings=\"{&quot;animation&quot;:&quot;fadeIn&quot;,&quot;animation_delay&quot;:300}\">\n\t\t\t\t\t\t<div class=\"elementor-container elementor-column-gap-default\">\n\t\t\t\t\t<div class=\"elementor-column elementor-col-100 elementor-top-column elementor-element elementor-element-3ae35865\" data-id=\"3ae35865\" data-element_type=\"column\" data-settings=\"{&quot;background_background&quot;:&quot;classic&quot;,&quot;animation&quot;:&quot;none&quot;}\">\n\t\t\t<div class=\"elementor-widget-wrap elementor-element-populated\">\n\t\t\t\t\t\t<div class=\"elementor-element elementor-element-5fa5b3fc elementor-widget elementor-widget-spacer\" data-id=\"5fa5b3fc\" data-element_type=\"widget\" data-widget_type=\"spacer.default\">\n\t\t\t\t<div class=\"elementor-widget-container\">\n\t\t\t\t\t\t\t<div class=\"elementor-spacer\">\n\t\t\t<div class=\"elementor-spacer-inner\"><\/div>\n\t\t<\/div>\n\t\t\t\t\t\t<\/div>\n\t\t\t\t<\/div>\n\t\t\t\t<div class=\"elementor-element elementor-element-3438c13 elementor-invisible elementor-widget elementor-widget-text-editor\" data-id=\"3438c13\" data-element_type=\"widget\" data-settings=\"{&quot;_animation&quot;:&quot;fadeIn&quot;,&quot;_animation_delay&quot;:300}\" data-widget_type=\"text-editor.default\">\n\t\t\t\t<div class=\"elementor-widget-container\">\n\t\t\t\t\t\t\t\t\t<p>Un s\u00f3lido plan de marketing PPC puede contribuir al crecimiento de su negocio. Con Web.com, puede estar seguro de que tiene un equipo de expertos en marketing de pago por clic trabajando para usted para asegurarse de que su campa\u00f1a sea un \u00e9xito.<\/p><p><strong>Soluciones de auditor\u00eda PPC: <\/strong>Obtenga una auditor\u00eda PPC gratuita de nuestro personal experto para averiguar c\u00f3mo hacer que sus campa\u00f1as publicitarias y su enfoque sean m\u00e1s eficaces.<\/p><p><strong>Soluciones de remarketing: <\/strong>Utilice este servicio PPC para dirigirse a los visitantes anteriores de su sitio web con anuncios relevantes que les animen a llamar, pasar por su casa o realizar una compra.<\/p><p><strong>Soluciones publicitarias para Instagram: <\/strong>Aprovecha al m\u00e1ximo la publicidad en Facebook creando una campa\u00f1a que fomente el reconocimiento de la marca, los \"me gusta\", los seguidores y otros factores.<\/p><p><strong>Servicios publicitarios direccionables: <\/strong>Con esta soluci\u00f3n PPC que fomenta las visitas a tiendas, las llamadas telef\u00f3nicas y las transacciones, puede utilizar la ubicaci\u00f3n para dirigirse a personas de su p\u00fablico objetivo.<\/p><p><strong>Soluciones de anuncios en redes sociales: <\/strong>Con un plan personalizado de publicidad en redes sociales, an\u00fanciate en LinkedIn, Instagram, Twitter, Facebook y m\u00e1s.<\/p><p><strong>Aumente los clientes potenciales y las ventas con la publicidad PPC de servicios a domicilio<\/strong><\/p><p>La publicidad PPC es una t\u00e1ctica altamente regulada y rentable para posicionarse en los primeros puestos de los resultados de b\u00fasqueda de Google y Bing para empresas de servicios a domicilio. Hoy en d\u00eda, el 97% de las personas utilizan la b\u00fasqueda en Internet para encontrar bienes y servicios cercanos. Adem\u00e1s, el 63% de las personas que realizan b\u00fasquedas en Internet hacen clic en anuncios de pago, y el 75% de las personas creen que los anuncios patrocinados facilitan la obtenci\u00f3n de la informaci\u00f3n que buscan en l\u00ednea. Nunca ha habido un mejor momento para gastar dinero en servicios de gesti\u00f3n de PPC para empresas de servicios a domicilio que ahora mismo.<\/p><p><strong>Colaboraci\u00f3n con expertos certificados en Google Ads: <\/strong>Durante una consulta personalizada con uno de nuestros especialistas, podr\u00e1 hablar sobre sus objetivos empresariales y desarrollar un plan de marketing PPC.<\/p><p><strong>Controle sus progresos: <\/strong>Puede supervisar su campa\u00f1a de publicidad de pago por clic utilizando la supervisi\u00f3n a petici\u00f3n. Podr\u00e1 obtener m\u00e1s informaci\u00f3n sobre la navegaci\u00f3n en el sitio web al conocer la eficacia de sus campa\u00f1as.<\/p><p><strong>Crear una estrategia de publicidad PPC: <\/strong>Utilizaremos palabras clave para determinar las frases que buscan los clientes potenciales. Crearemos anuncios atractivos para los mercados locales, regionales o nacionales en los que opere.<\/p><p><strong>Mejore su campa\u00f1a: <\/strong>Evaluamos los resultados a lo largo del tiempo y realizamos modificaciones en su estrategia de marketing PPC para hacerla a\u00fan m\u00e1s eficaz.<\/p>\t\t\t\t\t\t\t\t<\/div>\n\t\t\t\t<\/div>\n\t\t\t\t\t<\/div>\n\t\t<\/div>\n\t\t\t\t\t<\/div>\n\t\t<\/section>\n\t\t\t\t<section class=\"elementor-section elementor-top-section elementor-element elementor-element-7ada8ac0 elementor-section-boxed elementor-section-height-default elementor-section-height-default elementor-invisible\" data-id=\"7ada8ac0\" data-element_type=\"section\" data-settings=\"{&quot;animation&quot;:&quot;fadeIn&quot;,&quot;animation_delay&quot;:300}\">\n\t\t\t\t\t\t<div class=\"elementor-container elementor-column-gap-default\">\n\t\t\t\t\t<div class=\"elementor-column elementor-col-100 elementor-top-column elementor-element elementor-element-752e21f\" data-id=\"752e21f\" data-element_type=\"column\">\n\t\t\t<div class=\"elementor-widget-wrap elementor-element-populated\">\n\t\t\t\t\t\t<div class=\"elementor-element elementor-element-3373dc9f elementor-widget elementor-widget-heading\" data-id=\"3373dc9f\" data-element_type=\"widget\" data-widget_type=\"heading.default\">\n\t\t\t\t<div class=\"elementor-widget-container\">\n\t\t\t\t\t<h3 class=\"elementor-heading-title elementor-size-default\">Obtenga ahora servicios de publicidad de pago por clic<\/h3>\t\t\t\t<\/div>\n\t\t\t\t<\/div>\n\t\t\t\t<div class=\"elementor-element elementor-element-d61d071 elementor-widget elementor-widget-button\" data-id=\"d61d071\" data-element_type=\"widget\" data-widget_type=\"button.default\">\n\t\t\t\t<div class=\"elementor-widget-container\">\n\t\t\t\t\t\t\t\t\t<div class=\"elementor-button-wrapper\">\n\t\t\t\t\t<a class=\"elementor-button elementor-button-link elementor-size-md elementor-animation-grow\" href=\"https:\/\/gkkmarketing.com\/es\/contact-us\/\">\n\t\t\t\t\t\t<span class=\"elementor-button-content-wrapper\">\n\t\t\t\t\t\t<span class=\"elementor-button-icon\">\n\t\t\t\t<i aria-hidden=\"true\" class=\"far fa-comments\"><\/i>\t\t\t<\/span>\n\t\t\t\t\t\t\t\t\t<span class=\"elementor-button-text\">Cont\u00e1ctenos<\/span>\n\t\t\t\t\t<\/span>\n\t\t\t\t\t<\/a>\n\t\t\t\t<\/div>\n\t\t\t\t\t\t\t\t<\/div>\n\t\t\t\t<\/div>\n\t\t\t\t\t<\/div>\n\t\t<\/div>\n\t\t\t\t\t<\/div>\n\t\t<\/section>\n\t\t\t\t<\/div>","protected":false},"excerpt":{"rendered":"<p>Pay Per Click Advertising Pay Per Click Advertising (PPC) Achieve your objectives An advertiser only pays a charge when one of their advertisements is clicked in pay-per-click (PPC) marketing, a popular kind of internet advertising. PPC is a means to purchase website clicks or other desired actions depending on your marketing in addition to gaining [&hellip;]<\/p>","protected":false},"author":4,"featured_media":0,"parent":0,"menu_order":0,"comment_status":"closed","ping_status":"closed","template":"elementor_header_footer","meta":{"footnotes":""},"class_list":["post-178","page","type-page","status-publish","hentry"],"_links":{"self":[{"href":"https:\/\/gkkmarketing.com\/es\/wp-json\/wp\/v2\/pages\/178","targetHints":{"allow":["GET"]}}],"collection":[{"href":"https:\/\/gkkmarketing.com\/es\/wp-json\/wp\/v2\/pages"}],"about":[{"href":"https:\/\/gkkmarketing.com\/es\/wp-json\/wp\/v2\/types\/page"}],"author":[{"embeddable":true,"href":"https:\/\/gkkmarketing.com\/es\/wp-json\/wp\/v2\/users\/4"}],"replies":[{"embeddable":true,"href":"https:\/\/gkkmarketing.com\/es\/wp-json\/wp\/v2\/comments?post=178"}],"version-history":[{"count":4,"href":"https:\/\/gkkmarketing.com\/es\/wp-json\/wp\/v2\/pages\/178\/revisions"}],"predecessor-version":[{"id":323,"href":"https:\/\/gkkmarketing.com\/es\/wp-json\/wp\/v2\/pages\/178\/revisions\/323"}],"wp:attachment":[{"href":"https:\/\/gkkmarketing.com\/es\/wp-json\/wp\/v2\/media?parent=178"}],"curies":[{"name":"wp","href":"https:\/\/api.w.org\/{rel}","templated":true}]}}