{"id":182,"date":"2023-06-14T18:56:33","date_gmt":"2023-06-14T18:56:33","guid":{"rendered":"https:\/\/gkkmarketing.com\/?page_id=182"},"modified":"2023-06-15T03:27:52","modified_gmt":"2023-06-15T03:27:52","slug":"search-engine-optimization","status":"publish","type":"page","link":"https:\/\/gkkmarketing.com\/es\/search-engine-optimization\/","title":{"rendered":"Optimizaci\u00f3n de motores de b\u00fasqueda (SEO)"},"content":{"rendered":"<div data-elementor-type=\"wp-page\" data-elementor-id=\"182\" class=\"elementor elementor-182\" data-elementor-post-type=\"page\">\n\t\t\t\t\t\t<section class=\"elementor-section elementor-top-section elementor-element elementor-element-3928dc4b elementor-section-height-min-height elementor-section-items-bottom elementor-section-content-bottom elementor-section-boxed elementor-section-height-default elementor-invisible\" data-id=\"3928dc4b\" data-element_type=\"section\" data-settings=\"{&quot;background_background&quot;:&quot;classic&quot;,&quot;animation&quot;:&quot;fadeIn&quot;}\">\n\t\t\t\t\t\t\t<div class=\"elementor-background-overlay\"><\/div>\n\t\t\t\t\t\t\t<div class=\"elementor-container elementor-column-gap-default\">\n\t\t\t\t\t<div class=\"elementor-column elementor-col-100 elementor-top-column elementor-element elementor-element-54648e9\" data-id=\"54648e9\" data-element_type=\"column\">\n\t\t\t<div class=\"elementor-widget-wrap elementor-element-populated\">\n\t\t\t\t\t\t<div class=\"elementor-element elementor-element-23849a29 elementor-widget__width-initial elementor-absolute animated-fast elementor-invisible elementor-widget elementor-widget-heading\" data-id=\"23849a29\" data-element_type=\"widget\" data-settings=\"{&quot;motion_fx_motion_fx_scrolling&quot;:&quot;yes&quot;,&quot;motion_fx_rotateZ_effect&quot;:&quot;yes&quot;,&quot;motion_fx_rotateZ_speed&quot;:{&quot;unit&quot;:&quot;px&quot;,&quot;size&quot;:5.4000000000000003552713678800500929355621337890625,&quot;sizes&quot;:[]},&quot;motion_fx_rotateZ_affectedRange&quot;:{&quot;unit&quot;:&quot;%&quot;,&quot;size&quot;:&quot;&quot;,&quot;sizes&quot;:{&quot;start&quot;:0,&quot;end&quot;:0}},&quot;_position&quot;:&quot;absolute&quot;,&quot;_animation&quot;:&quot;slideInUp&quot;,&quot;_animation_delay&quot;:300,&quot;motion_fx_devices&quot;:[&quot;desktop&quot;,&quot;tablet&quot;]}\" data-widget_type=\"heading.default\">\n\t\t\t\t<div class=\"elementor-widget-container\">\n\t\t\t\t\t<h1 class=\"elementor-heading-title elementor-size-default\">Motores de b\u00fasqueda<\/h1>\t\t\t\t<\/div>\n\t\t\t\t<\/div>\n\t\t\t\t\t<\/div>\n\t\t<\/div>\n\t\t\t\t\t<\/div>\n\t\t<\/section>\n\t\t\t\t<section class=\"elementor-section elementor-top-section elementor-element elementor-element-59a9d68b elementor-section-boxed elementor-section-height-default elementor-section-height-default\" data-id=\"59a9d68b\" data-element_type=\"section\">\n\t\t\t\t\t\t<div class=\"elementor-container elementor-column-gap-default\">\n\t\t\t\t\t<div class=\"elementor-column elementor-col-50 elementor-top-column elementor-element elementor-element-e581046\" data-id=\"e581046\" data-element_type=\"column\">\n\t\t\t<div class=\"elementor-widget-wrap elementor-element-populated\">\n\t\t\t\t\t\t<div class=\"elementor-element elementor-element-37fb441 elementor-invisible elementor-widget elementor-widget-heading\" data-id=\"37fb441\" data-element_type=\"widget\" data-settings=\"{&quot;_animation&quot;:&quot;fadeIn&quot;,&quot;_animation_delay&quot;:150}\" data-widget_type=\"heading.default\">\n\t\t\t\t<div class=\"elementor-widget-container\">\n\t\t\t\t\t<h2 class=\"elementor-heading-title elementor-size-default\">Optimizaci\u00f3n de motores de b\u00fasqueda (SEO)<\/h2>\t\t\t\t<\/div>\n\t\t\t\t<\/div>\n\t\t\t\t<section class=\"elementor-section elementor-inner-section elementor-element elementor-element-6d1a03e4 elementor-section-boxed elementor-section-height-default elementor-section-height-default\" data-id=\"6d1a03e4\" data-element_type=\"section\">\n\t\t\t\t\t\t<div class=\"elementor-container elementor-column-gap-default\">\n\t\t\t\t\t<div class=\"elementor-column elementor-col-50 elementor-inner-column elementor-element elementor-element-2b143902 elementor-invisible\" data-id=\"2b143902\" data-element_type=\"column\" data-settings=\"{&quot;animation&quot;:&quot;fadeInUp&quot;,&quot;animation_delay&quot;:300}\">\n\t\t\t<div class=\"elementor-widget-wrap elementor-element-populated\">\n\t\t\t\t\t\t<div class=\"elementor-element elementor-element-23ae80b elementor-widget__width-auto elementor-widget elementor-widget-heading\" data-id=\"23ae80b\" data-element_type=\"widget\" data-widget_type=\"heading.default\">\n\t\t\t\t<div class=\"elementor-widget-container\">\n\t\t\t\t\t<span class=\"elementor-heading-title elementor-size-default\">Aumentar el tr\u00e1fico del sitio web<\/span>\t\t\t\t<\/div>\n\t\t\t\t<\/div>\n\t\t\t\t\t<\/div>\n\t\t<\/div>\n\t\t\t\t<div class=\"elementor-column elementor-col-50 elementor-inner-column elementor-element elementor-element-37a31ab6\" data-id=\"37a31ab6\" data-element_type=\"column\">\n\t\t\t<div class=\"elementor-widget-wrap\">\n\t\t\t\t\t\t\t<\/div>\n\t\t<\/div>\n\t\t\t\t\t<\/div>\n\t\t<\/section>\n\t\t\t\t\t<\/div>\n\t\t<\/div>\n\t\t\t\t<div class=\"elementor-column elementor-col-50 elementor-top-column elementor-element elementor-element-8dcf505\" data-id=\"8dcf505\" data-element_type=\"column\">\n\t\t\t<div class=\"elementor-widget-wrap elementor-element-populated\">\n\t\t\t\t\t\t<div class=\"elementor-element elementor-element-1657d27 elementor-invisible elementor-widget elementor-widget-text-editor\" data-id=\"1657d27\" data-element_type=\"widget\" data-settings=\"{&quot;_animation&quot;:&quot;fadeIn&quot;,&quot;_animation_delay&quot;:300}\" data-widget_type=\"text-editor.default\">\n\t\t\t\t<div class=\"elementor-widget-container\">\n\t\t\t\t\t\t\t\t\t<p>La combinaci\u00f3n de estrategias en constante evoluci\u00f3n y r\u00e1pida evoluci\u00f3n utilizada por los desarrolladores web para domar a las criaturas conocidas como motores de b\u00fasqueda, que determinan su prominencia en la web (como Google, Bing, Yahoo, etc.), se conoce en la industria de TI como optimizaci\u00f3n de motores de b\u00fasqueda, o SEO. Estos motores de b\u00fasqueda tienen en cuenta numerosos factores para crear complejos algoritmos que determinan el \"PageRank\", que determina c\u00f3mo y d\u00f3nde aparece su sitio web en los resultados de los motores de b\u00fasqueda.<\/p><p>Una de las mejores t\u00e9cnicas de marketing en Internet para ayudar a su empresa a aumentar el tr\u00e1fico del sitio web, las perspectivas de calidad de destino, y aumentar las conversiones y los ingresos es SEO. Por ello, el SEO es esencial para una estrategia empresarial de \u00e9xito.<\/p>\t\t\t\t\t\t\t\t<\/div>\n\t\t\t\t<\/div>\n\t\t\t\t\t<\/div>\n\t\t<\/div>\n\t\t\t\t\t<\/div>\n\t\t<\/section>\n\t\t\t\t<section class=\"elementor-section elementor-top-section elementor-element elementor-element-4551eefc elementor-section-boxed elementor-section-height-default elementor-section-height-default elementor-invisible\" data-id=\"4551eefc\" data-element_type=\"section\" data-settings=\"{&quot;animation&quot;:&quot;fadeIn&quot;,&quot;animation_delay&quot;:300}\">\n\t\t\t\t\t\t<div class=\"elementor-container elementor-column-gap-default\">\n\t\t\t\t\t<div class=\"elementor-column elementor-col-100 elementor-top-column elementor-element elementor-element-3ae35865\" data-id=\"3ae35865\" data-element_type=\"column\" data-settings=\"{&quot;background_background&quot;:&quot;classic&quot;,&quot;animation&quot;:&quot;none&quot;}\">\n\t\t\t<div class=\"elementor-widget-wrap elementor-element-populated\">\n\t\t\t\t\t\t<div class=\"elementor-element elementor-element-5fa5b3fc elementor-widget elementor-widget-spacer\" data-id=\"5fa5b3fc\" data-element_type=\"widget\" data-widget_type=\"spacer.default\">\n\t\t\t\t<div class=\"elementor-widget-container\">\n\t\t\t\t\t\t\t<div class=\"elementor-spacer\">\n\t\t\t<div class=\"elementor-spacer-inner\"><\/div>\n\t\t<\/div>\n\t\t\t\t\t\t<\/div>\n\t\t\t\t<\/div>\n\t\t\t\t<div class=\"elementor-element elementor-element-ad3936a elementor-invisible elementor-widget elementor-widget-text-editor\" data-id=\"ad3936a\" data-element_type=\"widget\" data-settings=\"{&quot;_animation&quot;:&quot;fadeIn&quot;,&quot;_animation_delay&quot;:300}\" data-widget_type=\"text-editor.default\">\n\t\t\t\t<div class=\"elementor-widget-container\">\n\t\t\t\t\t\t\t\t\t<p>Sin embargo, el SEO abarca una gran variedad de t\u00e1cticas.<\/p><p>\u00a0En realidad, SEO es un t\u00e9rmino que engloba una serie de peque\u00f1as estrategias que se combinan para mejorar la clasificaci\u00f3n de su sitio web en Google (o en otros motores de b\u00fasqueda) y convertirlo en una m\u00e1quina m\u00e1s eficaz de conversi\u00f3n y generaci\u00f3n de ingresos.<\/p><p><strong>Auditor\u00eda SEO de sitios web:<\/strong> Una auditor\u00eda de su sitio web permite a su profesional SEO personal identificar las oportunidades para su estrategia SEO, as\u00ed como las \u00e1reas que necesitan mejoras. Por ello, antes de crear su estrategia, nuestros expertos en SEO realizan un an\u00e1lisis SEO t\u00e9cnico.<\/p><p>Como parte de su auditor\u00eda SEO, su gestor de cuentas especializado examinar\u00e1 los siguientes aspectos:<\/p><ul><li>Tu p\u00e1gina web.<\/li><li>La anal\u00edtica de su sitio web.<\/li><li>Tus datos de Google Search Console.<\/li><\/ul><p>Nuestro equipo SEO hace uso de una serie de tecnolog\u00edas SEO para obtener los mejores resultados y conocer mejor su sitio web. Con la ayuda de estas herramientas, podemos realizar una auditor\u00eda SEO multifac\u00e9tica de su sitio web y ofrecer a su empresa un plan SEO competitivo.<\/p><p><strong>B\u00fasqueda de palabras clave: <\/strong>No se clasificar\u00e1 ni aparecer\u00e1 en los resultados de b\u00fasqueda con m\u00e1s posibilidades de llegar a su p\u00fablico objetivo si no realiza una investigaci\u00f3n de palabras clave. Para que su empresa tenga \u00e9xito con cualquier plan de marketing online, incluido el SEO, es fundamental centrarse en su cliente o consumidor ideal.<\/p><p>Por ello, la investigaci\u00f3n de palabras clave es esencial para el \u00e9xito de una estrategia SEO.<\/p><p>Al adaptarse a sus h\u00e1bitos de b\u00fasqueda, ayuda a su empresa a conectar con nuevos clientes o clientes potenciales. Optimiza tus contenidos y convence a la gente de que tu empresa entiende sus necesidades utilizando las palabras, frases y dem\u00e1s lenguaje que utiliza tu p\u00fablico en tus contenidos, como una entrada de blog o una p\u00e1gina de ventas.<\/p><p>Eso se convierte para su negocio en llamadas, visitas a tiendas, compras y mucho m\u00e1s.<\/p><p><strong>Pero, \u00bfqu\u00e9 es la b\u00fasqueda de palabras clave?<\/strong><\/p><p>Investigar el volumen de b\u00fasquedas, la competitividad y el coste por clic de los t\u00e9rminos que son importantes para su empresa y su sector se conoce como investigaci\u00f3n de palabras clave. La investigaci\u00f3n de palabras clave puede ayudarle a determinar qu\u00e9 palabras debe utilizar en las etiquetas de los t\u00edtulos, en el contenido y en otras \u00e1reas.<\/p><p>Para obtener una buena puntuaci\u00f3n para estas frases clave en las p\u00e1ginas de resultados de los motores de b\u00fasqueda, debe incluirlas en \u00e1reas cr\u00edticas de su sitio web. Este es un m\u00e9todo excelente para aumentar el tr\u00e1fico del sitio y, con el tiempo, las tasas de conversi\u00f3n de clientes.<\/p><p><strong>Creaci\u00f3n e implementaci\u00f3n de contenidos: <\/strong>Sin contenido, una estrategia SEO de \u00e9xito es pr\u00e1cticamente imposible, porque el contenido es lo que los motores de b\u00fasqueda utilizan para clasificar los sitios web. Las frases que considere m\u00e1s cruciales para su negocio y sector se incluyen en el contenido que cree bas\u00e1ndose en su investigaci\u00f3n de palabras clave. Puede utilizar los contenidos para llegar a su p\u00fablico objetivo y convertirlo, tanto si dirige un negocio en l\u00ednea como fuera de l\u00ednea.<\/p><p>Hay muchos tipos diferentes de contenidos, desde instrucciones en l\u00ednea hasta art\u00edculos de blog, y todos son buenos para su sitio web. Por ejemplo, un plan SEO de fabricaci\u00f3n puede dirigirse a los compradores de la empresa en las primeras fases del embudo de compra con entradas de blog y a los clientes potenciales en las \u00faltimas fases con gu\u00edas en l\u00ednea. Las empresas pueden dirigirse a los consumidores en cada fase del proceso de compra con contenidos.<\/p><p>Estas son algunas de las categor\u00edas de contenidos m\u00e1s populares y c\u00f3mo pueden ayudar a los usuarios del sitio.<\/p><p>Blogs: Puesto que se actualizan y a\u00f1aden con frecuencia y a Google le gusta la informaci\u00f3n nueva, los blogs son obviamente una alternativa excelente. La extensi\u00f3n media de una entrada de blog es de 1.000 palabras o menos, y suele ofrecer una visi\u00f3n personal de un tema relevante para la empresa. Los blogs son populares porque ofrecen consejos pr\u00e1cticos e informaci\u00f3n adaptada a los intereses de su p\u00fablico objetivo.<\/p><p>P\u00e1ginas de servicios: Estas p\u00e1ginas de su sitio web describen los servicios que presta. Son \u00fatiles porque a los clientes potenciales les gusta leer sobre lo que van a comprar antes de comprometerse. Sus p\u00e1ginas de servicios son un lugar fant\u00e1stico para explicar a los visitantes en qu\u00e9 consiste cada uno de sus servicios, cu\u00e1nto cuestan y otra informaci\u00f3n.<\/p><p>P\u00e1ginas de productos: Al igual que las p\u00e1ginas de servicios, las p\u00e1ginas de productos incluyen detalles e im\u00e1genes de los productos que vende. Estas p\u00e1ginas proporcionan a los visitantes informaci\u00f3n sobre los productos concretos que vende, como medidas, disponibilidad de colores y tallas, ingredientes o materiales, etc. Estas p\u00e1ginas son cruciales porque los datos que se dan en ellas tienen el poder de crear o destruir ventas.<\/p><p>Contenidos largos: Los contenidos largos superan las 2.000 palabras y ofrecen a los lectores abundante informaci\u00f3n sobre temas relacionados con su sector. El contenido largo debe ser un examen en profundidad de un tema complejo y servir como la \u00fanica fuente que un usuario necesita para comprenderlo completamente.<\/p><p><strong>Optimizaci\u00f3n en la p\u00e1gina: <\/strong>Todas las t\u00e1cticas de SEO deben incluir la optimizaci\u00f3n en la p\u00e1gina. Debe optimizar su sitio para las caracter\u00edsticas SEO on-page si desea aparecer en las b\u00fasquedas de Google (o en los resultados de b\u00fasqueda de otros motores de b\u00fasqueda, como Bing o Yahoo!).<\/p><p>Para contextualizar, el SEO on-page es la pr\u00e1ctica del SEO en su sitio web. Eso implica que usted est\u00e1 prestando atenci\u00f3n a elementos tales como el contenido, la velocidad y el estilo de sus p\u00e1ginas web. Nuestros paquetes de SEO abordan elementos de SEO fuera de la p\u00e1gina como parte de nuestros m\u00e9todos de SEO. En esta p\u00e1gina, puede encontrar m\u00e1s informaci\u00f3n sobre los elementos fuera de la p\u00e1gina, o puede consultar nuestro tutorial SEO para principiantes.<\/p><p>Ahora, como su proveedor de servicios SEO, abordamos el SEO en la p\u00e1gina desde todos los \u00e1ngulos concentr\u00e1ndonos en:<\/p><p>Velocidad de la p\u00e1gina: si su p\u00e1gina tarda m\u00e1s de tres segundos en cargarse, puede esperar que algunas personas se desplacen a otro sitio que s\u00ed lo haga. La velocidad de la p\u00e1gina es un componente SEO crucial, ya que no solo mejora la experiencia del usuario, sino que Google tambi\u00e9n valora la rapidez de carga de las p\u00e1ginas.<\/p><p>Inclusi\u00f3n multimedia: Si su sitio web no es m\u00e1s que grandes muros de texto, es probable que sus usuarios se aburran y pierdan el inter\u00e9s por lo que dice. Utilice elementos como fotograf\u00edas, gr\u00e1ficos y v\u00eddeos para evitar este problema y mantener a los visitantes en sus p\u00e1ginas durante m\u00e1s tiempo. Los usuarios pueden comprometerse completamente con su material cuando incorpora estos componentes interactivos.<\/p><p>Responsive en todos los dispositivos: Es fundamental comprobar que su sitio web es responsive para garantizar que los usuarios de smartphones y tabletas tienen la misma experiencia que los de ordenadores de sobremesa. Esto implica que sus im\u00e1genes se muestren bien en un dispositivo m\u00f3vil y que los formularios sean lo suficientemente grandes como para ser rellenados incluso en una pantalla peque\u00f1a. Esto supone una gran ventaja para los visitantes del sitio y proporciona a Google informaci\u00f3n positiva sobre su sitio web.<\/p><p>Calidad de su contenido: Hablando de crear contenidos de alta calidad, debes hacerlo si quieres convertir el tr\u00e1fico cualificado en clientes potenciales y ventas. Aseg\u00farese de que su sitio web ofrece material f\u00e1cil de leer, que se carga r\u00e1pidamente y que contiene informaci\u00f3n original. Todo ello le servir\u00e1 de apoyo y proporcionar\u00e1 excelentes se\u00f1ales a Google.<\/p>\t\t\t\t\t\t\t\t<\/div>\n\t\t\t\t<\/div>\n\t\t\t\t\t<\/div>\n\t\t<\/div>\n\t\t\t\t\t<\/div>\n\t\t<\/section>\n\t\t\t\t<section class=\"elementor-section elementor-top-section elementor-element elementor-element-7ada8ac0 elementor-section-boxed elementor-section-height-default elementor-section-height-default elementor-invisible\" data-id=\"7ada8ac0\" data-element_type=\"section\" data-settings=\"{&quot;animation&quot;:&quot;fadeIn&quot;,&quot;animation_delay&quot;:300}\">\n\t\t\t\t\t\t<div class=\"elementor-container elementor-column-gap-default\">\n\t\t\t\t\t<div class=\"elementor-column elementor-col-100 elementor-top-column elementor-element elementor-element-752e21f\" data-id=\"752e21f\" data-element_type=\"column\">\n\t\t\t<div class=\"elementor-widget-wrap elementor-element-populated\">\n\t\t\t\t\t\t<div class=\"elementor-element elementor-element-3373dc9f elementor-widget elementor-widget-heading\" data-id=\"3373dc9f\" data-element_type=\"widget\" data-widget_type=\"heading.default\">\n\t\t\t\t<div class=\"elementor-widget-container\">\n\t\t\t\t\t<h3 class=\"elementor-heading-title elementor-size-default\">Obtenga servicios de optimizaci\u00f3n de motores de b\u00fasqueda ahora<\/h3>\t\t\t\t<\/div>\n\t\t\t\t<\/div>\n\t\t\t\t<div class=\"elementor-element elementor-element-a755bcf elementor-widget elementor-widget-button\" data-id=\"a755bcf\" data-element_type=\"widget\" data-widget_type=\"button.default\">\n\t\t\t\t<div class=\"elementor-widget-container\">\n\t\t\t\t\t\t\t\t\t<div class=\"elementor-button-wrapper\">\n\t\t\t\t\t<a class=\"elementor-button elementor-button-link elementor-size-md elementor-animation-grow\" href=\"https:\/\/gkkmarketing.com\/es\/contact-us\/\">\n\t\t\t\t\t\t<span class=\"elementor-button-content-wrapper\">\n\t\t\t\t\t\t<span class=\"elementor-button-icon\">\n\t\t\t\t<i aria-hidden=\"true\" class=\"far fa-comments\"><\/i>\t\t\t<\/span>\n\t\t\t\t\t\t\t\t\t<span class=\"elementor-button-text\">Cont\u00e1ctenos<\/span>\n\t\t\t\t\t<\/span>\n\t\t\t\t\t<\/a>\n\t\t\t\t<\/div>\n\t\t\t\t\t\t\t\t<\/div>\n\t\t\t\t<\/div>\n\t\t\t\t\t<\/div>\n\t\t<\/div>\n\t\t\t\t\t<\/div>\n\t\t<\/section>\n\t\t\t\t<\/div>","protected":false},"excerpt":{"rendered":"<p>Search Engine Optimization Search Engine Optimization (SEO) Increase website traffic The ever-evolving and quickly changing mix of strategies used by web developers to tame the creatures known as search engines, which determine your prominence on the web (such as Google, Bing, Yahoo, etc.), is known in the IT industry as search engine optimization, or SEO. [&hellip;]<\/p>","protected":false},"author":4,"featured_media":0,"parent":0,"menu_order":0,"comment_status":"closed","ping_status":"closed","template":"elementor_header_footer","meta":{"footnotes":""},"class_list":["post-182","page","type-page","status-publish","hentry"],"_links":{"self":[{"href":"https:\/\/gkkmarketing.com\/es\/wp-json\/wp\/v2\/pages\/182","targetHints":{"allow":["GET"]}}],"collection":[{"href":"https:\/\/gkkmarketing.com\/es\/wp-json\/wp\/v2\/pages"}],"about":[{"href":"https:\/\/gkkmarketing.com\/es\/wp-json\/wp\/v2\/types\/page"}],"author":[{"embeddable":true,"href":"https:\/\/gkkmarketing.com\/es\/wp-json\/wp\/v2\/users\/4"}],"replies":[{"embeddable":true,"href":"https:\/\/gkkmarketing.com\/es\/wp-json\/wp\/v2\/comments?post=182"}],"version-history":[{"count":4,"href":"https:\/\/gkkmarketing.com\/es\/wp-json\/wp\/v2\/pages\/182\/revisions"}],"predecessor-version":[{"id":330,"href":"https:\/\/gkkmarketing.com\/es\/wp-json\/wp\/v2\/pages\/182\/revisions\/330"}],"wp:attachment":[{"href":"https:\/\/gkkmarketing.com\/es\/wp-json\/wp\/v2\/media?parent=182"}],"curies":[{"name":"wp","href":"https:\/\/api.w.org\/{rel}","templated":true}]}}