{"id":184,"date":"2023-06-14T18:57:06","date_gmt":"2023-06-14T18:57:06","guid":{"rendered":"https:\/\/gkkmarketing.com\/?page_id=184"},"modified":"2023-06-15T03:34:40","modified_gmt":"2023-06-15T03:34:40","slug":"social-media-marketing","status":"publish","type":"page","link":"https:\/\/gkkmarketing.com\/es\/social-media-marketing\/","title":{"rendered":"Marketing en redes sociales"},"content":{"rendered":"<div data-elementor-type=\"wp-page\" data-elementor-id=\"184\" class=\"elementor elementor-184\" data-elementor-post-type=\"page\">\n\t\t\t\t\t\t<section class=\"elementor-section elementor-top-section elementor-element elementor-element-3928dc4b elementor-section-height-min-height elementor-section-items-bottom elementor-section-content-bottom elementor-section-boxed elementor-section-height-default elementor-invisible\" data-id=\"3928dc4b\" data-element_type=\"section\" data-settings=\"{&quot;background_background&quot;:&quot;classic&quot;,&quot;animation&quot;:&quot;fadeIn&quot;}\">\n\t\t\t\t\t\t\t<div class=\"elementor-background-overlay\"><\/div>\n\t\t\t\t\t\t\t<div class=\"elementor-container elementor-column-gap-default\">\n\t\t\t\t\t<div class=\"elementor-column elementor-col-100 elementor-top-column elementor-element elementor-element-54648e9\" data-id=\"54648e9\" data-element_type=\"column\">\n\t\t\t<div class=\"elementor-widget-wrap elementor-element-populated\">\n\t\t\t\t\t\t<div class=\"elementor-element elementor-element-23849a29 elementor-widget__width-initial elementor-absolute animated-fast elementor-invisible elementor-widget elementor-widget-heading\" data-id=\"23849a29\" data-element_type=\"widget\" data-settings=\"{&quot;motion_fx_motion_fx_scrolling&quot;:&quot;yes&quot;,&quot;motion_fx_rotateZ_effect&quot;:&quot;yes&quot;,&quot;motion_fx_rotateZ_speed&quot;:{&quot;unit&quot;:&quot;px&quot;,&quot;size&quot;:5.4000000000000003552713678800500929355621337890625,&quot;sizes&quot;:[]},&quot;motion_fx_rotateZ_affectedRange&quot;:{&quot;unit&quot;:&quot;%&quot;,&quot;size&quot;:&quot;&quot;,&quot;sizes&quot;:{&quot;start&quot;:0,&quot;end&quot;:0}},&quot;_position&quot;:&quot;absolute&quot;,&quot;_animation&quot;:&quot;slideInUp&quot;,&quot;_animation_delay&quot;:300,&quot;motion_fx_devices&quot;:[&quot;desktop&quot;,&quot;tablet&quot;]}\" data-widget_type=\"heading.default\">\n\t\t\t\t<div class=\"elementor-widget-container\">\n\t\t\t\t\t<h1 class=\"elementor-heading-title elementor-size-default\">Marketing en redes sociales<\/h1>\t\t\t\t<\/div>\n\t\t\t\t<\/div>\n\t\t\t\t\t<\/div>\n\t\t<\/div>\n\t\t\t\t\t<\/div>\n\t\t<\/section>\n\t\t\t\t<section class=\"elementor-section elementor-top-section elementor-element elementor-element-59a9d68b elementor-section-boxed elementor-section-height-default elementor-section-height-default\" data-id=\"59a9d68b\" data-element_type=\"section\">\n\t\t\t\t\t\t<div class=\"elementor-container elementor-column-gap-default\">\n\t\t\t\t\t<div class=\"elementor-column elementor-col-50 elementor-top-column elementor-element elementor-element-e581046\" data-id=\"e581046\" data-element_type=\"column\">\n\t\t\t<div class=\"elementor-widget-wrap elementor-element-populated\">\n\t\t\t\t\t\t<div class=\"elementor-element elementor-element-37fb441 elementor-invisible elementor-widget elementor-widget-heading\" data-id=\"37fb441\" data-element_type=\"widget\" data-settings=\"{&quot;_animation&quot;:&quot;fadeIn&quot;,&quot;_animation_delay&quot;:150}\" data-widget_type=\"heading.default\">\n\t\t\t\t<div class=\"elementor-widget-container\">\n\t\t\t\t\t<h2 class=\"elementor-heading-title elementor-size-default\">Marketing en redes sociales<\/h2>\t\t\t\t<\/div>\n\t\t\t\t<\/div>\n\t\t\t\t<section class=\"elementor-section elementor-inner-section elementor-element elementor-element-6d1a03e4 elementor-section-boxed elementor-section-height-default elementor-section-height-default\" data-id=\"6d1a03e4\" data-element_type=\"section\">\n\t\t\t\t\t\t<div class=\"elementor-container elementor-column-gap-default\">\n\t\t\t\t\t<div class=\"elementor-column elementor-col-50 elementor-inner-column elementor-element elementor-element-2b143902 elementor-invisible\" data-id=\"2b143902\" data-element_type=\"column\" data-settings=\"{&quot;animation&quot;:&quot;fadeInUp&quot;,&quot;animation_delay&quot;:300}\">\n\t\t\t<div class=\"elementor-widget-wrap elementor-element-populated\">\n\t\t\t\t\t\t<div class=\"elementor-element elementor-element-23ae80b elementor-widget__width-auto elementor-widget elementor-widget-heading\" data-id=\"23ae80b\" data-element_type=\"widget\" data-widget_type=\"heading.default\">\n\t\t\t\t<div class=\"elementor-widget-container\">\n\t\t\t\t\t<span class=\"elementor-heading-title elementor-size-default\">Presencia en las redes sociales<\/span>\t\t\t\t<\/div>\n\t\t\t\t<\/div>\n\t\t\t\t\t<\/div>\n\t\t<\/div>\n\t\t\t\t<div class=\"elementor-column elementor-col-50 elementor-inner-column elementor-element elementor-element-37a31ab6\" data-id=\"37a31ab6\" data-element_type=\"column\">\n\t\t\t<div class=\"elementor-widget-wrap\">\n\t\t\t\t\t\t\t<\/div>\n\t\t<\/div>\n\t\t\t\t\t<\/div>\n\t\t<\/section>\n\t\t\t\t\t<\/div>\n\t\t<\/div>\n\t\t\t\t<div class=\"elementor-column elementor-col-50 elementor-top-column elementor-element elementor-element-8dcf505\" data-id=\"8dcf505\" data-element_type=\"column\">\n\t\t\t<div class=\"elementor-widget-wrap elementor-element-populated\">\n\t\t\t\t\t\t<div class=\"elementor-element elementor-element-1657d27 elementor-invisible elementor-widget elementor-widget-text-editor\" data-id=\"1657d27\" data-element_type=\"widget\" data-settings=\"{&quot;_animation&quot;:&quot;fadeIn&quot;,&quot;_animation_delay&quot;:300}\" data-widget_type=\"text-editor.default\">\n\t\t\t\t<div class=\"elementor-widget-container\">\n\t\t\t\t\t\t\t\t\t<p>La empresa l\u00edder en marketing en redes sociales HK GKK se centra en la utilizaci\u00f3n de las redes sociales para aumentar significativamente el crecimiento empresarial. Nuestros servicios de publicidad en redes sociales pueden ayudarle a alcanzar sus objetivos, tanto si est\u00e1 intentando mejorar la presencia de su empresa en las redes sociales como si desea generar clientes potenciales con publicidad en redes sociales.<\/p><p>Puede dirigir su publicidad a personas de muchos sitios web en funci\u00f3n de sus datos demogr\u00e1ficos e intereses. Esto implica que puede maximizar su presupuesto publicitario mostrando sus anuncios \u00fanicamente a usuarios de redes sociales que probablemente pertenezcan a su mercado objetivo.<\/p><p>En algunas circunstancias, es posible que desee que su anuncio sea optimizado para los clics y el pago por clic. En otras iniciativas podr\u00eda querer pagar por impresi\u00f3n.<\/p>\t\t\t\t\t\t\t\t<\/div>\n\t\t\t\t<\/div>\n\t\t\t\t\t<\/div>\n\t\t<\/div>\n\t\t\t\t\t<\/div>\n\t\t<\/section>\n\t\t\t\t<section class=\"elementor-section elementor-top-section elementor-element elementor-element-4551eefc elementor-section-boxed elementor-section-height-default elementor-section-height-default elementor-invisible\" data-id=\"4551eefc\" data-element_type=\"section\" data-settings=\"{&quot;animation&quot;:&quot;fadeIn&quot;,&quot;animation_delay&quot;:300}\">\n\t\t\t\t\t\t<div class=\"elementor-container elementor-column-gap-default\">\n\t\t\t\t\t<div class=\"elementor-column elementor-col-100 elementor-top-column elementor-element elementor-element-3ae35865\" data-id=\"3ae35865\" data-element_type=\"column\" data-settings=\"{&quot;background_background&quot;:&quot;classic&quot;,&quot;animation&quot;:&quot;none&quot;}\">\n\t\t\t<div class=\"elementor-widget-wrap elementor-element-populated\">\n\t\t\t\t\t\t<div class=\"elementor-element elementor-element-5fa5b3fc elementor-widget elementor-widget-spacer\" data-id=\"5fa5b3fc\" data-element_type=\"widget\" data-widget_type=\"spacer.default\">\n\t\t\t\t<div class=\"elementor-widget-container\">\n\t\t\t\t\t\t\t<div class=\"elementor-spacer\">\n\t\t\t<div class=\"elementor-spacer-inner\"><\/div>\n\t\t<\/div>\n\t\t\t\t\t\t<\/div>\n\t\t\t\t<\/div>\n\t\t\t\t<div class=\"elementor-element elementor-element-b86cacc elementor-invisible elementor-widget elementor-widget-text-editor\" data-id=\"b86cacc\" data-element_type=\"widget\" data-settings=\"{&quot;_animation&quot;:&quot;fadeIn&quot;,&quot;_animation_delay&quot;:300}\" data-widget_type=\"text-editor.default\">\n\t\t\t\t<div class=\"elementor-widget-container\">\n\t\t\t\t\t\t\t\t\t<p>Nuestros especialistas en redes sociales colaborar\u00e1n con usted para elegir el enfoque publicitario en redes sociales que le proporcione el mayor retorno de la inversi\u00f3n. Nos aseguraremos de que su anuncio se dirija al p\u00fablico adecuado y aparezca en las plataformas de redes sociales apropiadas.<\/p><p><strong>Nuestra metodolog\u00eda de marketing en redes sociales<\/strong><\/p><p>Al igual que la optimizaci\u00f3n de motores de b\u00fasqueda, el marketing en redes sociales se encuentra en fases variables para muchas empresas. Independientemente de la fase en la que se encuentre su negocio en Internet, HK GKK Marketing tiene mucho que ofrecerle. Nuestro equipo de marketing en redes sociales lleva tiempo marcando la pauta en el sector, y con regularidad vamos m\u00e1s all\u00e1. Nuestros servicios son innovadores, se basan en gran medida en el marketing de influencers y las relaciones p\u00fablicas, y siempre cumplimos.<\/p><p><strong>Establezca sus objetivos principales: <\/strong>No se puede poner en marcha una empresa de medios sociales sin objetivos, como le dir\u00e1 categ\u00f3ricamente cualquier empresa respetable. En la primera fase, el equipo de HK GKK establecer\u00e1 objetivos, crear\u00e1 personas e identificar\u00e1 los espacios en l\u00ednea en los que residen estas personas. En esta fase, recopilamos informaci\u00f3n crucial para asegurarnos de que la ejecuci\u00f3n se ajusta a lo previsto.<\/p><p><strong>Crear una marca de empresa: <\/strong>Nuestra empresa de marketing en redes sociales empezar\u00e1 a mejorar o crear su marca en las redes sociales despu\u00e9s de recopilar informaci\u00f3n y establecer objetivos. Mediante la creaci\u00f3n de directrices de marca definidas para las im\u00e1genes, el lenguaje, el tono, los colores y m\u00e1s, ayudamos a garantizar que su empresa se presenta de manera coherente en todos los canales de medios sociales. Adem\u00e1s, nos aseguraremos de que su marca en las redes sociales atraiga al tipo adecuado de clientes.<\/p><p><strong>Determinar las personas influyentes, los medios de comunicaci\u00f3n y los clientes: <\/strong>Por si no lo sab\u00edas, nuestro CEO escribi\u00f3 un libro sobre el tema. Utilizamos las ideas del libro Digital Influencer: A Guide to Achieving Influencer Status Online en todos nuestros esfuerzos de marketing de influencers y de divulgaci\u00f3n.<\/p><p><strong>Optimizaci\u00f3n del sitio web: <\/strong>Nuestra empresa, HK GKK, ofrece un servicio denominado optimizaci\u00f3n de redes sociales. Esto incluye la optimizaci\u00f3n para las redes sociales del blog, el sitio web, los boletines de noticias por correo electr\u00f3nico, los anuncios fuera de l\u00ednea, etc. de un cliente. No dejaremos piedra sin remover en nuestro empe\u00f1o por mejorar su presencia en l\u00ednea gracias a nuestra exhaustiva lista de comprobaci\u00f3n para la optimizaci\u00f3n de redes sociales. Empresas de todos los tama\u00f1os y niveles trabajan con nuestra agencia de redes sociales.<\/p><p><strong>Aumente su influencia: <\/strong>Ten\u00edamos muy poco tr\u00e1fico y pocos seguidores en las redes sociales cuando HK GKK empez\u00f3 a funcionar. Gracias a nuestra experiencia en creaci\u00f3n de contenidos, marketing de influencers y relaciones p\u00fablicas, nos hemos convertido en una de las empresas de m\u00e1s r\u00e1pido crecimiento de Canad\u00e1 y en una de las agencias de marketing digital m\u00e1s prestigiosas del mundo. Lo mismo ser\u00eda nuestro deseo para ti.<\/p><p>Utilizando la estrategia de nuestras empresas de medios sociales, nos dirigiremos a audiencias significativas, medios de comunicaci\u00f3n, clientes y personas influyentes y, poco a poco, aumentaremos su autoridad. Esto contribuir\u00e1 a la expansi\u00f3n de su empresa y su marca.<\/p><p><strong>Crear comunidades, marcas e ingresos: <\/strong>Mediante la creaci\u00f3n de blogs, el uso de la publicidad en las redes sociales, la creaci\u00f3n de contenido original, y el uso de una serie de estrategias de marketing interactivo viral, HK GKK Marketing aumentar\u00e1 el crecimiento de su comunidad, la conciencia de marca, y los ingresos cada a\u00f1o. Estamos ansiosos por ayudar a su negocio en este camino porque hemos hecho esto para cientos de empresas.<\/p><p><strong>Servicios de publicidad en redes sociales para todas las plataformas<\/strong><\/p><p><strong>Publicidad en Facebook:<\/strong> Con los servicios de gesti\u00f3n de anuncios en redes sociales para Facebook, la mayor red social del mundo, puede llegar a una poblaci\u00f3n de m\u00e1s de mil millones de personas.<\/p><p><strong>Publicidad en Instagram: <\/strong>Con una estrategia de publicidad competitiva en Instagram que anime a los consumidores a interactuar con su marca y comprar sus art\u00edculos, puede aumentar el reconocimiento de la marca y el compromiso.<\/p><p><strong>Publicidad en Twitter: <\/strong>Utiliza los servicios de publicidad en redes sociales de Twitter para conectar r\u00e1pidamente con clientes actuales y futuros. Convi\u00e9rtase en la empresa que los clientes respetan y siguen.<\/p><p><strong>Publicidad en LinkedIn: <\/strong>Promoci\u00f3nese en el canal de medios sociales m\u00e1s eficaz para generar clientes potenciales. Con anuncios persuasivos e individualizados para su grupo demogr\u00e1fico, puede captar clientes potenciales que merezcan la pena.<\/p><p><strong>Publicidad en TikTok: <\/strong>Promocione su empresa en una de las redes sociales con mayor \u00edndice de uso y crecimiento. Realice anuncios de v\u00eddeo interesantes y entretenidos que capten adecuadamente la esencia de su empresa y el inter\u00e9s de su p\u00fablico.<\/p><p><strong>Publicidad en Pinterest: <\/strong>Utilizando una estrategia gestionada de redes sociales para Pinterest, interact\u00faa con un p\u00fablico espec\u00edfico y muy concreto para promocionar tu empresa y aumentar las ventas.<\/p>\t\t\t\t\t\t\t\t<\/div>\n\t\t\t\t<\/div>\n\t\t\t\t\t<\/div>\n\t\t<\/div>\n\t\t\t\t\t<\/div>\n\t\t<\/section>\n\t\t\t\t<section class=\"elementor-section elementor-top-section elementor-element elementor-element-7ada8ac0 elementor-section-boxed elementor-section-height-default elementor-section-height-default elementor-invisible\" data-id=\"7ada8ac0\" data-element_type=\"section\" data-settings=\"{&quot;animation&quot;:&quot;fadeIn&quot;,&quot;animation_delay&quot;:300}\">\n\t\t\t\t\t\t<div class=\"elementor-container elementor-column-gap-default\">\n\t\t\t\t\t<div class=\"elementor-column elementor-col-100 elementor-top-column elementor-element elementor-element-752e21f\" data-id=\"752e21f\" data-element_type=\"column\">\n\t\t\t<div class=\"elementor-widget-wrap elementor-element-populated\">\n\t\t\t\t\t\t<div class=\"elementor-element elementor-element-3373dc9f elementor-widget elementor-widget-heading\" data-id=\"3373dc9f\" data-element_type=\"widget\" data-widget_type=\"heading.default\">\n\t\t\t\t<div class=\"elementor-widget-container\">\n\t\t\t\t\t<h3 class=\"elementor-heading-title elementor-size-default\">Obtenga ahora servicios de marketing en redes sociales<\/h3>\t\t\t\t<\/div>\n\t\t\t\t<\/div>\n\t\t\t\t<div class=\"elementor-element elementor-element-b0c8d54 elementor-widget elementor-widget-button\" data-id=\"b0c8d54\" data-element_type=\"widget\" data-widget_type=\"button.default\">\n\t\t\t\t<div class=\"elementor-widget-container\">\n\t\t\t\t\t\t\t\t\t<div class=\"elementor-button-wrapper\">\n\t\t\t\t\t<a class=\"elementor-button elementor-button-link elementor-size-md elementor-animation-grow\" href=\"https:\/\/gkkmarketing.com\/es\/contact-us\/\">\n\t\t\t\t\t\t<span class=\"elementor-button-content-wrapper\">\n\t\t\t\t\t\t<span class=\"elementor-button-icon\">\n\t\t\t\t<i aria-hidden=\"true\" class=\"far fa-comments\"><\/i>\t\t\t<\/span>\n\t\t\t\t\t\t\t\t\t<span class=\"elementor-button-text\">Cont\u00e1ctenos<\/span>\n\t\t\t\t\t<\/span>\n\t\t\t\t\t<\/a>\n\t\t\t\t<\/div>\n\t\t\t\t\t\t\t\t<\/div>\n\t\t\t\t<\/div>\n\t\t\t\t\t<\/div>\n\t\t<\/div>\n\t\t\t\t\t<\/div>\n\t\t<\/section>\n\t\t\t\t<\/div>","protected":false},"excerpt":{"rendered":"<p>Social Media Marketing Social Media Marketing Social media presence Leading social media marketing company HK GKK focuses on utilizing social media to significantly increase business growth. Our social media advertising services may help you achieve your objectives, whether you&#8217;re trying to improve the social media presence of your company or generate targeted leads with social [&hellip;]<\/p>","protected":false},"author":4,"featured_media":0,"parent":0,"menu_order":0,"comment_status":"closed","ping_status":"closed","template":"elementor_header_footer","meta":{"footnotes":""},"class_list":["post-184","page","type-page","status-publish","hentry"],"_links":{"self":[{"href":"https:\/\/gkkmarketing.com\/es\/wp-json\/wp\/v2\/pages\/184","targetHints":{"allow":["GET"]}}],"collection":[{"href":"https:\/\/gkkmarketing.com\/es\/wp-json\/wp\/v2\/pages"}],"about":[{"href":"https:\/\/gkkmarketing.com\/es\/wp-json\/wp\/v2\/types\/page"}],"author":[{"embeddable":true,"href":"https:\/\/gkkmarketing.com\/es\/wp-json\/wp\/v2\/users\/4"}],"replies":[{"embeddable":true,"href":"https:\/\/gkkmarketing.com\/es\/wp-json\/wp\/v2\/comments?post=184"}],"version-history":[{"count":4,"href":"https:\/\/gkkmarketing.com\/es\/wp-json\/wp\/v2\/pages\/184\/revisions"}],"predecessor-version":[{"id":333,"href":"https:\/\/gkkmarketing.com\/es\/wp-json\/wp\/v2\/pages\/184\/revisions\/333"}],"wp:attachment":[{"href":"https:\/\/gkkmarketing.com\/es\/wp-json\/wp\/v2\/media?parent=184"}],"curies":[{"name":"wp","href":"https:\/\/api.w.org\/{rel}","templated":true}]}}