{"id":186,"date":"2023-06-14T18:57:42","date_gmt":"2023-06-14T18:57:42","guid":{"rendered":"https:\/\/gkkmarketing.com\/?page_id=186"},"modified":"2023-06-15T03:40:54","modified_gmt":"2023-06-15T03:40:54","slug":"web-development","status":"publish","type":"page","link":"https:\/\/gkkmarketing.com\/es\/web-development\/","title":{"rendered":"Desarrollo<br>Web"},"content":{"rendered":"<div data-elementor-type=\"wp-page\" data-elementor-id=\"186\" class=\"elementor elementor-186\" data-elementor-post-type=\"page\">\n\t\t\t\t\t\t<section class=\"elementor-section elementor-top-section elementor-element elementor-element-3928dc4b elementor-section-height-min-height elementor-section-items-bottom elementor-section-content-bottom elementor-section-boxed elementor-section-height-default elementor-invisible\" data-id=\"3928dc4b\" data-element_type=\"section\" data-settings=\"{&quot;background_background&quot;:&quot;classic&quot;,&quot;animation&quot;:&quot;fadeIn&quot;}\">\n\t\t\t\t\t\t\t<div class=\"elementor-background-overlay\"><\/div>\n\t\t\t\t\t\t\t<div class=\"elementor-container elementor-column-gap-default\">\n\t\t\t\t\t<div class=\"elementor-column elementor-col-100 elementor-top-column elementor-element elementor-element-54648e9\" data-id=\"54648e9\" data-element_type=\"column\">\n\t\t\t<div class=\"elementor-widget-wrap elementor-element-populated\">\n\t\t\t\t\t\t<div class=\"elementor-element elementor-element-23849a29 elementor-widget__width-initial elementor-absolute animated-fast elementor-invisible elementor-widget elementor-widget-heading\" data-id=\"23849a29\" data-element_type=\"widget\" data-settings=\"{&quot;motion_fx_motion_fx_scrolling&quot;:&quot;yes&quot;,&quot;motion_fx_rotateZ_effect&quot;:&quot;yes&quot;,&quot;motion_fx_rotateZ_speed&quot;:{&quot;unit&quot;:&quot;px&quot;,&quot;size&quot;:5.4000000000000003552713678800500929355621337890625,&quot;sizes&quot;:[]},&quot;motion_fx_rotateZ_affectedRange&quot;:{&quot;unit&quot;:&quot;%&quot;,&quot;size&quot;:&quot;&quot;,&quot;sizes&quot;:{&quot;start&quot;:0,&quot;end&quot;:0}},&quot;_position&quot;:&quot;absolute&quot;,&quot;_animation&quot;:&quot;slideInUp&quot;,&quot;_animation_delay&quot;:300,&quot;motion_fx_devices&quot;:[&quot;desktop&quot;,&quot;tablet&quot;]}\" data-widget_type=\"heading.default\">\n\t\t\t\t<div class=\"elementor-widget-container\">\n\t\t\t\t\t<h1 class=\"elementor-heading-title elementor-size-default\">Desarrollo<br>Web<\/h1>\t\t\t\t<\/div>\n\t\t\t\t<\/div>\n\t\t\t\t\t<\/div>\n\t\t<\/div>\n\t\t\t\t\t<\/div>\n\t\t<\/section>\n\t\t\t\t<section class=\"elementor-section elementor-top-section elementor-element elementor-element-59a9d68b elementor-section-boxed elementor-section-height-default elementor-section-height-default\" data-id=\"59a9d68b\" data-element_type=\"section\">\n\t\t\t\t\t\t<div class=\"elementor-container elementor-column-gap-default\">\n\t\t\t\t\t<div class=\"elementor-column elementor-col-50 elementor-top-column elementor-element elementor-element-e581046\" data-id=\"e581046\" data-element_type=\"column\">\n\t\t\t<div class=\"elementor-widget-wrap elementor-element-populated\">\n\t\t\t\t\t\t<div class=\"elementor-element elementor-element-37fb441 elementor-invisible elementor-widget elementor-widget-heading\" data-id=\"37fb441\" data-element_type=\"widget\" data-settings=\"{&quot;_animation&quot;:&quot;fadeIn&quot;,&quot;_animation_delay&quot;:150}\" data-widget_type=\"heading.default\">\n\t\t\t\t<div class=\"elementor-widget-container\">\n\t\t\t\t\t<h2 class=\"elementor-heading-title elementor-size-default\">Desarrollo<br>Web<\/h2>\t\t\t\t<\/div>\n\t\t\t\t<\/div>\n\t\t\t\t<section class=\"elementor-section elementor-inner-section elementor-element elementor-element-6d1a03e4 elementor-section-boxed elementor-section-height-default elementor-section-height-default\" data-id=\"6d1a03e4\" data-element_type=\"section\">\n\t\t\t\t\t\t<div class=\"elementor-container elementor-column-gap-default\">\n\t\t\t\t\t<div class=\"elementor-column elementor-col-50 elementor-inner-column elementor-element elementor-element-2b143902 elementor-invisible\" data-id=\"2b143902\" data-element_type=\"column\" data-settings=\"{&quot;animation&quot;:&quot;fadeInUp&quot;,&quot;animation_delay&quot;:300}\">\n\t\t\t<div class=\"elementor-widget-wrap elementor-element-populated\">\n\t\t\t\t\t\t<div class=\"elementor-element elementor-element-23ae80b elementor-widget__width-auto elementor-widget elementor-widget-heading\" data-id=\"23ae80b\" data-element_type=\"widget\" data-widget_type=\"heading.default\">\n\t\t\t\t<div class=\"elementor-widget-container\">\n\t\t\t\t\t<span class=\"elementor-heading-title elementor-size-default\">Dise\u00f1o web innovador<\/span>\t\t\t\t<\/div>\n\t\t\t\t<\/div>\n\t\t\t\t\t<\/div>\n\t\t<\/div>\n\t\t\t\t<div class=\"elementor-column elementor-col-50 elementor-inner-column elementor-element elementor-element-37a31ab6\" data-id=\"37a31ab6\" data-element_type=\"column\">\n\t\t\t<div class=\"elementor-widget-wrap\">\n\t\t\t\t\t\t\t<\/div>\n\t\t<\/div>\n\t\t\t\t\t<\/div>\n\t\t<\/section>\n\t\t\t\t\t<\/div>\n\t\t<\/div>\n\t\t\t\t<div class=\"elementor-column elementor-col-50 elementor-top-column elementor-element elementor-element-8dcf505\" data-id=\"8dcf505\" data-element_type=\"column\">\n\t\t\t<div class=\"elementor-widget-wrap elementor-element-populated\">\n\t\t\t\t\t\t<div class=\"elementor-element elementor-element-1657d27 elementor-invisible elementor-widget elementor-widget-text-editor\" data-id=\"1657d27\" data-element_type=\"widget\" data-settings=\"{&quot;_animation&quot;:&quot;fadeIn&quot;,&quot;_animation_delay&quot;:300}\" data-widget_type=\"text-editor.default\">\n\t\t\t\t<div class=\"elementor-widget-container\">\n\t\t\t\t\t\t\t\t\t<p>Ofrecemos servicios innovadores de dise\u00f1o y desarrollo web para ayudar a su organizaci\u00f3n a alcanzar sus objetivos y generar resultados empresariales cuantificables, tanto si necesita una renovaci\u00f3n total de su sitio web como si simplemente necesita ayuda para mejorar su sitio web actual.<\/p><p>El recurso m\u00e1s importante que tiene a su disposici\u00f3n es su sitio web. Es la forma en que los clientes potenciales pueden encontrarle, investigarle y ponerse en contacto con usted. No deje que su sitio web se estanque; en su lugar, aseg\u00farese de que est\u00e1 optimizado para atraer clientes potenciales y cerrar ventas para su empresa. <\/p>\t\t\t\t\t\t\t\t<\/div>\n\t\t\t\t<\/div>\n\t\t\t\t\t<\/div>\n\t\t<\/div>\n\t\t\t\t\t<\/div>\n\t\t<\/section>\n\t\t\t\t<section class=\"elementor-section elementor-top-section elementor-element elementor-element-4551eefc elementor-section-boxed elementor-section-height-default elementor-section-height-default elementor-invisible\" data-id=\"4551eefc\" data-element_type=\"section\" data-settings=\"{&quot;animation&quot;:&quot;fadeIn&quot;,&quot;animation_delay&quot;:300}\">\n\t\t\t\t\t\t<div class=\"elementor-container elementor-column-gap-default\">\n\t\t\t\t\t<div class=\"elementor-column elementor-col-100 elementor-top-column elementor-element elementor-element-3ae35865\" data-id=\"3ae35865\" data-element_type=\"column\" data-settings=\"{&quot;background_background&quot;:&quot;classic&quot;,&quot;animation&quot;:&quot;none&quot;}\">\n\t\t\t<div class=\"elementor-widget-wrap elementor-element-populated\">\n\t\t\t\t\t\t<div class=\"elementor-element elementor-element-5fa5b3fc elementor-widget elementor-widget-spacer\" data-id=\"5fa5b3fc\" data-element_type=\"widget\" data-widget_type=\"spacer.default\">\n\t\t\t\t<div class=\"elementor-widget-container\">\n\t\t\t\t\t\t\t<div class=\"elementor-spacer\">\n\t\t\t<div class=\"elementor-spacer-inner\"><\/div>\n\t\t<\/div>\n\t\t\t\t\t\t<\/div>\n\t\t\t\t<\/div>\n\t\t\t\t<div class=\"elementor-element elementor-element-1f9695c elementor-invisible elementor-widget elementor-widget-text-editor\" data-id=\"1f9695c\" data-element_type=\"widget\" data-settings=\"{&quot;_animation&quot;:&quot;fadeIn&quot;,&quot;_animation_delay&quot;:300}\" data-widget_type=\"text-editor.default\">\n\t\t\t\t<div class=\"elementor-widget-container\">\n\t\t\t\t\t\t\t\t\t<p>Lance un sitio web con HK GKK, una de las principales empresas de dise\u00f1o web que ofrece servicios de dise\u00f1o web a empresas de todo el mundo, y aumente las tasas de conversi\u00f3n, los ingresos y la notoriedad de su marca. Utilice nuestro estimador de costes para obtener precios ahora mismo, o p\u00f3ngase en contacto con nosotros en l\u00ednea para hablar con un estratega sobre nuestros servicios de dise\u00f1o web.<\/p><p><strong>Optimizaci\u00f3n de motores de b\u00fasqueda: <\/strong>Al asegurarnos de que su sitio web se adhiere a las mejores pr\u00e1cticas de SEO, maximizamos los resultados de su dise\u00f1o web o plan de revisi\u00f3n y mejoramos su estrategia de marketing digital. El t\u00e9rmino \"SEO\" se refiere a una amplia gama de m\u00e9todos utilizados para mejorar la posici\u00f3n de su sitio web en los resultados de b\u00fasqueda pertinentes.<\/p><p>Una mayor visibilidad entre las personas de su p\u00fablico objetivo se correlaciona con una mejor clasificaci\u00f3n en los resultados de b\u00fasqueda. Su sitio web puede recibir m\u00e1s visitas y tr\u00e1fico de visitantes de alto valor si es m\u00e1s visible en los resultados de b\u00fasqueda pertinentes. Esto puede conducir a un aumento de las visitas a la tienda, las compras en l\u00ednea, las solicitudes de presupuesto y otras actividades.<\/p><p>Por este motivo, tambi\u00e9n ofrecemos optimizaci\u00f3n para motores de b\u00fasqueda como parte de nuestros servicios de dise\u00f1o web. Nuestra empresa de dise\u00f1o web SEO trabaja conjuntamente para garantizar que su sitio web no solo tenga un aspecto excelente, sino que tambi\u00e9n funcione correctamente.<\/p><p><strong>Creaci\u00f3n de p\u00e1ginas web: <\/strong>Puede contar con nuestros dise\u00f1adores para construir cada p\u00e1gina de su sitio web cuando utilice nuestros servicios de dise\u00f1o web.<\/p><p>Nuestros dise\u00f1adores pueden producir los sitios web que su empresa necesita para llegar, educar y convertir a su p\u00fablico objetivo, tanto si dirige una tienda de comercio electr\u00f3nico, un establecimiento f\u00edsico o un proveedor de servicios. Ofrecemos servicios de marketing de contenidos como empresa de marketing digital integral para reforzar su estrategia.<\/p><p><strong>Estilo personalizado: <\/strong>Su sitio web debe representar fielmente su marca, por lo que ofrecemos infinidad de alternativas de dise\u00f1o como parte de nuestros servicios de dise\u00f1o web. Nuestro personal puede, por ejemplo, crear un dise\u00f1o sofisticado para su negocio que destaque la alta calidad y la variedad asequible de sus art\u00edculos.<\/p><p>Otros ejemplos de estilos de sitios web son:<\/p><ul><li>Sencillo y atractivo<\/li><li>Estilo moderado<\/li><li>Gama alta<\/li><li>Clase mundial<\/li><\/ul><p>Para proporcionarle un presupuesto preciso, nuestra calculadora de presupuestos de dise\u00f1o web le ofrece estos cuatro estilos adem\u00e1s de una opci\u00f3n sin estilo. Nadie quiere un sitio web que sea una r\u00e9plica de otro; por lo tanto, no le restringimos a estas cinco opciones.<\/p><p>Cuando obtenga un precio en l\u00ednea o hable con nuestros estrategas sobre el dise\u00f1o de su sitio web, le invitamos a incluir sus gustos personales en t\u00e9rminos de moda. Su comprometido gestor de proyectos se tomar\u00e1 el tiempo necesario para familiarizarse con su empresa, sus objetivos y su visi\u00f3n.<\/p><p><strong>Redacci\u00f3n de p\u00e1ginas web: <\/strong>Combinamos nuestros servicios de dise\u00f1o web con la redacci\u00f3n de p\u00e1ginas web para conseguir el m\u00e1ximo efecto. Nuestros redactores son un grupo cualificado y con talento. Tienen experiencia tanto en \u00e1reas t\u00e9cnicas como no t\u00e9cnicas, lo que nos permite redactar contenidos persuasivos que cautivan y convierten a los visitantes del sitio web.<\/p><p>El texto de su sitio web est\u00e1 optimizado para SEO como parte de nuestros servicios de redacci\u00f3n de sitios web. \u00bfQu\u00e9 implica esto? Nuestros redactores aprovechan las palabras clave pertinentes y de alto valor que nuestros especialistas en marketing digital han encontrado para su empresa, sector y sitios web para optimizarlos.<\/p><p>Su sitio web aparece en las primeras posiciones de los resultados de b\u00fasqueda cuando los clientes utilizan esos t\u00e9rminos en sus b\u00fasquedas. Es una gran ventaja, teniendo en cuenta que el 75% de los visitantes no pasan a la segunda p\u00e1gina de los resultados de b\u00fasqueda y que el primer resultado de b\u00fasqueda recibe m\u00e1s del 30% de todos los clics.<\/p><p><strong>Dise\u00f1o receptivo: <\/strong>El dise\u00f1o responsive es una opci\u00f3n adicional de nuestros servicios de dise\u00f1o web. Sin embargo, aconsejamos el dise\u00f1o responsive, ya que se adapta a los usuarios m\u00f3viles, como los clientes que navegan por la web en su tableta o smartphone.<\/p><p>Es crucial ofrecer asistencia a los clientes que est\u00e1n en movimiento, porque los usuarios m\u00f3viles representan ahora m\u00e1s del 50% de todo el tr\u00e1fico de Internet. Como Google utiliza ahora un \u00edndice mobile-first, lo que significa que rastrea y examina los sitios web desde la perspectiva de un usuario m\u00f3vil en lugar de un usuario de escritorio, tambi\u00e9n es una pr\u00e1ctica recomendada para el SEO.<\/p><p>Google se da cuenta si su sitio web no es compatible con los visitantes m\u00f3viles y cambia su clasificaci\u00f3n en los resultados de b\u00fasqueda. Como resultado, su sitio web puede ocupar una posici\u00f3n m\u00e1s baja, caer a la p\u00e1gina dos de los resultados de b\u00fasqueda y perder a su p\u00fablico objetivo.<\/p><p><strong>Database Integration: <\/strong>Una base de datos es un componente com\u00fan en los sitios web empresariales, por ejemplo, cuando se procesan pagos. Ofrecemos ayuda completa para la integraci\u00f3n de bases de datos, que dividimos en tres categor\u00edas: b\u00e1sica, avanzada y desarrollo completo. Puede elegir \"ninguno\" en la calculadora de costes si su empresa no necesita integraci\u00f3n de bases de datos.<\/p><p>Nuestro equipo de dise\u00f1adores e ingenieros colabora estrechamente con su empresa como parte de nuestros servicios de integraci\u00f3n de bases de datos para garantizar que creamos e introducimos la base de datos precisa que su empresa necesita y desea.<\/p><p>\u00bfTiene dudas sobre el tipo de integraci\u00f3n de bases de datos que necesita su empresa? Hable con uno de nuestros expertos estrategas. Pueden hacerle una sugerencia y trabajar con nuestros dise\u00f1adores web para asegurarse de que obtiene lo que su empresa necesita.<\/p><p><strong>Funcionalidad de comercio electr\u00f3nico: <\/strong>Tambi\u00e9n ofrecemos prestaciones para las capacidades de comercio electr\u00f3nico de las organizaciones de comercio electr\u00f3nico. Ofrecemos tres niveles: b\u00e1sico, avanzado y empresarial, al igual que nuestro servicio de integraci\u00f3n de bases de datos. Puede hablar con uno de nuestros expertos estrategas si no tiene claro qu\u00e9 nivel aportar\u00e1 los mejores beneficios a su empresa.<\/p><p>Con sus conocimientos, pueden ayudarle a elegir el nivel m\u00e1s beneficioso para su empresa. Adem\u00e1s, nuestros estrategas pueden trabajar con un dise\u00f1ador y un desarrollador para determinar qu\u00e9 nivel -b\u00e1sico, avanzado o empresarial- ofrecer\u00e1 la mejor experiencia de usuario (UX) y el mejor retorno de la inversi\u00f3n (ROI).<\/p><p><strong>Sistema de gesti\u00f3n de contenidos (CMS): <\/strong>Otro extra opcional para nuestros servicios de dise\u00f1o web es un CMS. Un CMS es incre\u00edblemente valioso si usted tiene un sitio web informativo o de comercio electr\u00f3nico. Puede ayudar a gestionar y racionalizar el contenido de su empresa, mejorando la eficacia de su plan de marketing de contenidos.<\/p><p>Como parte de nuestros servicios de dise\u00f1o web, nuestro equipo sugiere con frecuencia un CMS. Ofrecemos niveles de CMS normales, avanzados y empresariales. Un CMS t\u00edpico funciona con frecuencia, dependiendo de su negocio y su tama\u00f1o.<\/p><p>Podemos satisfacer con precisi\u00f3n sus requisitos de dise\u00f1o web porque somos una agencia de marketing digital de servicios integrales. Podemos ofrecer un nivel inigualable de personalizaci\u00f3n en el dise\u00f1o web gracias a nuestra capacidad para adaptar cada parte de nuestros servicios a su negocio.<\/p>\t\t\t\t\t\t\t\t<\/div>\n\t\t\t\t<\/div>\n\t\t\t\t\t<\/div>\n\t\t<\/div>\n\t\t\t\t\t<\/div>\n\t\t<\/section>\n\t\t\t\t<section class=\"elementor-section elementor-top-section elementor-element elementor-element-7ada8ac0 elementor-section-boxed elementor-section-height-default elementor-section-height-default elementor-invisible\" data-id=\"7ada8ac0\" data-element_type=\"section\" data-settings=\"{&quot;animation&quot;:&quot;fadeIn&quot;,&quot;animation_delay&quot;:300}\">\n\t\t\t\t\t\t<div class=\"elementor-container elementor-column-gap-default\">\n\t\t\t\t\t<div class=\"elementor-column elementor-col-100 elementor-top-column elementor-element elementor-element-752e21f\" data-id=\"752e21f\" data-element_type=\"column\">\n\t\t\t<div class=\"elementor-widget-wrap elementor-element-populated\">\n\t\t\t\t\t\t<div class=\"elementor-element elementor-element-3373dc9f elementor-widget elementor-widget-heading\" data-id=\"3373dc9f\" data-element_type=\"widget\" data-widget_type=\"heading.default\">\n\t\t\t\t<div class=\"elementor-widget-container\">\n\t\t\t\t\t<h3 class=\"elementor-heading-title elementor-size-default\">Obtenga servicios de desarrollo web ahora <\/h3>\t\t\t\t<\/div>\n\t\t\t\t<\/div>\n\t\t\t\t<div class=\"elementor-element elementor-element-cadd1c2 elementor-widget elementor-widget-button\" data-id=\"cadd1c2\" data-element_type=\"widget\" data-widget_type=\"button.default\">\n\t\t\t\t<div class=\"elementor-widget-container\">\n\t\t\t\t\t\t\t\t\t<div class=\"elementor-button-wrapper\">\n\t\t\t\t\t<a class=\"elementor-button elementor-button-link elementor-size-md elementor-animation-grow\" href=\"https:\/\/gkkmarketing.com\/es\/contact-us\/\">\n\t\t\t\t\t\t<span class=\"elementor-button-content-wrapper\">\n\t\t\t\t\t\t<span class=\"elementor-button-icon\">\n\t\t\t\t<i aria-hidden=\"true\" class=\"far fa-comments\"><\/i>\t\t\t<\/span>\n\t\t\t\t\t\t\t\t\t<span class=\"elementor-button-text\">Cont\u00e1ctenos<\/span>\n\t\t\t\t\t<\/span>\n\t\t\t\t\t<\/a>\n\t\t\t\t<\/div>\n\t\t\t\t\t\t\t\t<\/div>\n\t\t\t\t<\/div>\n\t\t\t\t\t<\/div>\n\t\t<\/div>\n\t\t\t\t\t<\/div>\n\t\t<\/section>\n\t\t\t\t<\/div>","protected":false},"excerpt":{"rendered":"<p>Web Development Web Development Innovative web design We offer innovative web design and development services to help your organization reach its objectives and generate quantifiable business outcomes, whether you require a total website makeover or simply need assistance improving your current website. The most crucial resource you have at your disposal is your website. It&#8217;s [&hellip;]<\/p>","protected":false},"author":4,"featured_media":0,"parent":0,"menu_order":0,"comment_status":"closed","ping_status":"closed","template":"elementor_header_footer","meta":{"footnotes":""},"class_list":["post-186","page","type-page","status-publish","hentry"],"_links":{"self":[{"href":"https:\/\/gkkmarketing.com\/es\/wp-json\/wp\/v2\/pages\/186","targetHints":{"allow":["GET"]}}],"collection":[{"href":"https:\/\/gkkmarketing.com\/es\/wp-json\/wp\/v2\/pages"}],"about":[{"href":"https:\/\/gkkmarketing.com\/es\/wp-json\/wp\/v2\/types\/page"}],"author":[{"embeddable":true,"href":"https:\/\/gkkmarketing.com\/es\/wp-json\/wp\/v2\/users\/4"}],"replies":[{"embeddable":true,"href":"https:\/\/gkkmarketing.com\/es\/wp-json\/wp\/v2\/comments?post=186"}],"version-history":[{"count":4,"href":"https:\/\/gkkmarketing.com\/es\/wp-json\/wp\/v2\/pages\/186\/revisions"}],"predecessor-version":[{"id":336,"href":"https:\/\/gkkmarketing.com\/es\/wp-json\/wp\/v2\/pages\/186\/revisions\/336"}],"wp:attachment":[{"href":"https:\/\/gkkmarketing.com\/es\/wp-json\/wp\/v2\/media?parent=186"}],"curies":[{"name":"wp","href":"https:\/\/api.w.org\/{rel}","templated":true}]}}