{"id":188,"date":"2023-06-14T18:59:45","date_gmt":"2023-06-14T18:59:45","guid":{"rendered":"https:\/\/gkkmarketing.com\/?page_id=188"},"modified":"2023-06-15T20:47:19","modified_gmt":"2023-06-15T20:47:19","slug":"about-us","status":"publish","type":"page","link":"https:\/\/gkkmarketing.com\/es\/about-us\/","title":{"rendered":"Qui\u00e9nes somos"},"content":{"rendered":"<div data-elementor-type=\"wp-page\" data-elementor-id=\"188\" class=\"elementor elementor-188\" data-elementor-post-type=\"page\">\n\t\t\t\t\t\t<section class=\"elementor-section elementor-top-section elementor-element elementor-element-7da149aa elementor-section-items-bottom elementor-section-content-bottom elementor-section-height-min-height elementor-section-boxed elementor-section-height-default elementor-invisible\" data-id=\"7da149aa\" data-element_type=\"section\" data-settings=\"{&quot;background_background&quot;:&quot;video&quot;,&quot;animation&quot;:&quot;fadeIn&quot;,&quot;background_play_on_mobile&quot;:&quot;yes&quot;,&quot;background_video_link&quot;:&quot;https:\\\/\\\/puzzlerbox.com\\\/templatekits-pro\\\/search-marketing-agency\\\/wp-content\\\/uploads\\\/sites\\\/5\\\/2021\\\/04\\\/expert-giving-lecture-for-creative-agency-staff-WVDX73P.mp4&quot;}\">\n\t\t\t\t\t\t\t\t<div class=\"elementor-background-video-container\" aria-hidden=\"true\">\n\t\t\t\t\t\t\t\t\t\t\t\t\t<video class=\"elementor-background-video-hosted\" autoplay muted playsinline loop><\/video>\n\t\t\t\t\t\t\t\t\t\t\t<\/div>\n\t\t\t\t\t\t\t\t\t<div class=\"elementor-background-overlay\"><\/div>\n\t\t\t\t\t\t\t<div class=\"elementor-container elementor-column-gap-default\">\n\t\t\t\t\t<div class=\"elementor-column elementor-col-50 elementor-top-column elementor-element elementor-element-501b6969\" data-id=\"501b6969\" data-element_type=\"column\">\n\t\t\t<div class=\"elementor-widget-wrap elementor-element-populated\">\n\t\t\t\t\t\t<div class=\"elementor-element elementor-element-54a3c970 elementor-headline--style-highlight elementor-widget elementor-widget-animated-headline\" data-id=\"54a3c970\" data-element_type=\"widget\" data-settings=\"{&quot;marker&quot;:&quot;underline_zigzag&quot;,&quot;highlighted_text&quot;:&quot;Us&quot;,&quot;headline_style&quot;:&quot;highlight&quot;,&quot;loop&quot;:&quot;yes&quot;,&quot;highlight_animation_duration&quot;:1200,&quot;highlight_iteration_delay&quot;:8000}\" data-widget_type=\"animated-headline.default\">\n\t\t\t\t<div class=\"elementor-widget-container\">\n\t\t\t\t\t\t\t<h2 class=\"elementor-headline\">\n\t\t\t\t\t<span class=\"elementor-headline-plain-text elementor-headline-text-wrapper\">Sobre <\/span>\n\t\t\t\t<span class=\"elementor-headline-dynamic-wrapper elementor-headline-text-wrapper\">\n\t\t\t\t\t<span class=\"elementor-headline-dynamic-text elementor-headline-text-active\">Nosotros<\/span>\n\t\t\t\t<\/span>\n\t\t\t\t<\/h2>\n\t\t\t\t\t\t<\/div>\n\t\t\t\t<\/div>\n\t\t\t\t\t<\/div>\n\t\t<\/div>\n\t\t\t\t<div class=\"elementor-column elementor-col-50 elementor-top-column elementor-element elementor-element-609d60ad\" data-id=\"609d60ad\" data-element_type=\"column\">\n\t\t\t<div class=\"elementor-widget-wrap\">\n\t\t\t\t\t\t\t<\/div>\n\t\t<\/div>\n\t\t\t\t\t<\/div>\n\t\t<\/section>\n\t\t\t\t<section class=\"elementor-section elementor-top-section elementor-element elementor-element-5062b6f5 elementor-section-boxed elementor-section-height-default elementor-section-height-default elementor-invisible\" data-id=\"5062b6f5\" data-element_type=\"section\" data-settings=\"{&quot;animation&quot;:&quot;fadeIn&quot;,&quot;animation_delay&quot;:300}\">\n\t\t\t\t\t\t<div class=\"elementor-container elementor-column-gap-default\">\n\t\t\t\t\t<div class=\"elementor-column elementor-col-50 elementor-top-column elementor-element elementor-element-63060b01\" data-id=\"63060b01\" data-element_type=\"column\">\n\t\t\t<div class=\"elementor-widget-wrap elementor-element-populated\">\n\t\t\t\t\t\t<div class=\"elementor-element elementor-element-77a37efa elementor-widget elementor-widget-text-editor\" data-id=\"77a37efa\" data-element_type=\"widget\" data-widget_type=\"text-editor.default\">\n\t\t\t\t<div class=\"elementor-widget-container\">\n\t\t\t\t\t\t\t\t\t<p>\u00a0<\/p><p>HK GKK es un proveedor de soluciones de marketing digital basadas en la tecnolog\u00eda, y desarrollamos planes a medida para cada uno de nuestros clientes en funci\u00f3n de sus necesidades y objetivos espec\u00edficos. Tambi\u00e9n hemos descubierto que, aunque cada canal tiene sus propias ventajas, todos funcionan mejor cuando se combinan adecuadamente con otros canales. En consecuencia, ofrecemos soluciones integrales a cada uno de nuestros clientes y empleamos diversos canales digitales para aumentar la exposici\u00f3n, las conversiones y los ingresos.<\/p><p>HK GKK es una empresa de marketing digital con sede en Hong Kong y clientes en todo el mundo. Nos especializamos en Marketing de Contenidos y Desarrollo Web de Marketing, o la adquisici\u00f3n de m\u00e1s clientes potenciales \/ ventas a nuestros clientes.<\/p>\t\t\t\t\t\t\t\t<\/div>\n\t\t\t\t<\/div>\n\t\t\t\t\t<\/div>\n\t\t<\/div>\n\t\t\t\t<div class=\"elementor-column elementor-col-50 elementor-top-column elementor-element elementor-element-3190897f\" data-id=\"3190897f\" data-element_type=\"column\">\n\t\t\t<div class=\"elementor-widget-wrap elementor-element-populated\">\n\t\t\t\t\t\t<div class=\"elementor-element elementor-element-5eb88890 elementor-widget elementor-widget-image\" data-id=\"5eb88890\" data-element_type=\"widget\" data-widget_type=\"image.default\">\n\t\t\t\t<div class=\"elementor-widget-container\">\n\t\t\t\t\t\t\t\t\t\t\t\t\t\t\t<img fetchpriority=\"high\" decoding=\"async\" width=\"682\" height=\"1024\" src=\"https:\/\/gkkmarketing.com\/wp-content\/uploads\/2023\/06\/group-of-young-designer-discussing-new-creative-concept-for-the-new-product-marketing--682x1024.jpg\" class=\"attachment-large size-large wp-image-358\" alt=\"Group of young designer discussing new creative concept for the new product marketing.\" srcset=\"https:\/\/gkkmarketing.com\/wp-content\/uploads\/2023\/06\/group-of-young-designer-discussing-new-creative-concept-for-the-new-product-marketing--682x1024.jpg 682w, https:\/\/gkkmarketing.com\/wp-content\/uploads\/2023\/06\/group-of-young-designer-discussing-new-creative-concept-for-the-new-product-marketing--200x300.jpg 200w, https:\/\/gkkmarketing.com\/wp-content\/uploads\/2023\/06\/group-of-young-designer-discussing-new-creative-concept-for-the-new-product-marketing--768x1152.jpg 768w, https:\/\/gkkmarketing.com\/wp-content\/uploads\/2023\/06\/group-of-young-designer-discussing-new-creative-concept-for-the-new-product-marketing--1024x1536.jpg 1024w, https:\/\/gkkmarketing.com\/wp-content\/uploads\/2023\/06\/group-of-young-designer-discussing-new-creative-concept-for-the-new-product-marketing--8x12.jpg 8w, https:\/\/gkkmarketing.com\/wp-content\/uploads\/2023\/06\/group-of-young-designer-discussing-new-creative-concept-for-the-new-product-marketing-.jpg 1333w\" sizes=\"(max-width: 682px) 100vw, 682px\" \/>\t\t\t\t\t\t\t\t\t\t\t\t\t\t\t<\/div>\n\t\t\t\t<\/div>\n\t\t\t\t\t<\/div>\n\t\t<\/div>\n\t\t\t\t\t<\/div>\n\t\t<\/section>\n\t\t\t\t<section class=\"elementor-section elementor-top-section elementor-element elementor-element-56281860 elementor-reverse-mobile elementor-section-boxed elementor-section-height-default elementor-section-height-default elementor-invisible\" data-id=\"56281860\" data-element_type=\"section\" data-settings=\"{&quot;animation&quot;:&quot;fadeIn&quot;,&quot;animation_delay&quot;:300}\">\n\t\t\t\t\t\t<div class=\"elementor-container elementor-column-gap-default\">\n\t\t\t\t\t<div class=\"elementor-column elementor-col-50 elementor-top-column elementor-element elementor-element-4436cbe0\" data-id=\"4436cbe0\" data-element_type=\"column\">\n\t\t\t<div class=\"elementor-widget-wrap elementor-element-populated\">\n\t\t\t\t\t\t<div class=\"elementor-element elementor-element-668eb849 elementor-widget elementor-widget-image\" data-id=\"668eb849\" data-element_type=\"widget\" data-widget_type=\"image.default\">\n\t\t\t\t<div class=\"elementor-widget-container\">\n\t\t\t\t\t\t\t\t\t\t\t\t\t\t\t<img decoding=\"async\" width=\"682\" height=\"1024\" src=\"https:\/\/gkkmarketing.com\/wp-content\/uploads\/2023\/06\/close-up-of-influencer-vlogger-record-video-live-broadcast-looking-at-smartphone-on-tripod-at-home-682x1024.jpg\" class=\"attachment-large size-large wp-image-359\" alt=\"Close up of influencer vlogger record video live broadcast looking at smartphone on tripod at home\" srcset=\"https:\/\/gkkmarketing.com\/wp-content\/uploads\/2023\/06\/close-up-of-influencer-vlogger-record-video-live-broadcast-looking-at-smartphone-on-tripod-at-home-682x1024.jpg 682w, https:\/\/gkkmarketing.com\/wp-content\/uploads\/2023\/06\/close-up-of-influencer-vlogger-record-video-live-broadcast-looking-at-smartphone-on-tripod-at-home-200x300.jpg 200w, https:\/\/gkkmarketing.com\/wp-content\/uploads\/2023\/06\/close-up-of-influencer-vlogger-record-video-live-broadcast-looking-at-smartphone-on-tripod-at-home-768x1152.jpg 768w, https:\/\/gkkmarketing.com\/wp-content\/uploads\/2023\/06\/close-up-of-influencer-vlogger-record-video-live-broadcast-looking-at-smartphone-on-tripod-at-home-1024x1536.jpg 1024w, https:\/\/gkkmarketing.com\/wp-content\/uploads\/2023\/06\/close-up-of-influencer-vlogger-record-video-live-broadcast-looking-at-smartphone-on-tripod-at-home-8x12.jpg 8w, https:\/\/gkkmarketing.com\/wp-content\/uploads\/2023\/06\/close-up-of-influencer-vlogger-record-video-live-broadcast-looking-at-smartphone-on-tripod-at-home.jpg 1333w\" sizes=\"(max-width: 682px) 100vw, 682px\" \/>\t\t\t\t\t\t\t\t\t\t\t\t\t\t\t<\/div>\n\t\t\t\t<\/div>\n\t\t\t\t\t<\/div>\n\t\t<\/div>\n\t\t\t\t<div class=\"elementor-column elementor-col-50 elementor-top-column elementor-element elementor-element-25c5a2dd\" data-id=\"25c5a2dd\" data-element_type=\"column\">\n\t\t\t<div class=\"elementor-widget-wrap elementor-element-populated\">\n\t\t\t\t\t\t<div class=\"elementor-element elementor-element-5d44a6bf elementor-widget elementor-widget-text-editor\" data-id=\"5d44a6bf\" data-element_type=\"widget\" data-widget_type=\"text-editor.default\">\n\t\t\t\t<div class=\"elementor-widget-container\">\n\t\t\t\t\t\t\t\t\t<p>Nos fascina c\u00f3mo el marketing digital y la tecnolog\u00eda pueden utilizarse para ayudar a una empresa a expandirse, y siempre estamos buscando formas de mejorar el servicio que prestamos a nuestros clientes.<\/p><p>Podemos hacer lo que nos gusta porque podemos conectar nuestra gran red de creativos capacitados con clientes que van desde empresas medianas hasta agencias digitales y corporaciones de Fortune 500.<\/p>\t\t\t\t\t\t\t\t<\/div>\n\t\t\t\t<\/div>\n\t\t\t\t\t<\/div>\n\t\t<\/div>\n\t\t\t\t\t<\/div>\n\t\t<\/section>\n\t\t\t\t<\/div>","protected":false},"excerpt":{"rendered":"<p>About Us \u00a0 HK GKK is a supplier of tech-enabled digital marketing solutions, and we develop tailored plans for each of our customers based on their specific needs and objectives. We&#8217;ve also found that, while each channel has its own set of benefits, they all operate best when properly combined with other channels. As a [&hellip;]<\/p>","protected":false},"author":4,"featured_media":0,"parent":0,"menu_order":0,"comment_status":"closed","ping_status":"closed","template":"elementor_header_footer","meta":{"footnotes":""},"class_list":["post-188","page","type-page","status-publish","hentry"],"_links":{"self":[{"href":"https:\/\/gkkmarketing.com\/es\/wp-json\/wp\/v2\/pages\/188","targetHints":{"allow":["GET"]}}],"collection":[{"href":"https:\/\/gkkmarketing.com\/es\/wp-json\/wp\/v2\/pages"}],"about":[{"href":"https:\/\/gkkmarketing.com\/es\/wp-json\/wp\/v2\/types\/page"}],"author":[{"embeddable":true,"href":"https:\/\/gkkmarketing.com\/es\/wp-json\/wp\/v2\/users\/4"}],"replies":[{"embeddable":true,"href":"https:\/\/gkkmarketing.com\/es\/wp-json\/wp\/v2\/comments?post=188"}],"version-history":[{"count":7,"href":"https:\/\/gkkmarketing.com\/es\/wp-json\/wp\/v2\/pages\/188\/revisions"}],"predecessor-version":[{"id":362,"href":"https:\/\/gkkmarketing.com\/es\/wp-json\/wp\/v2\/pages\/188\/revisions\/362"}],"wp:attachment":[{"href":"https:\/\/gkkmarketing.com\/es\/wp-json\/wp\/v2\/media?parent=188"}],"curies":[{"name":"wp","href":"https:\/\/api.w.org\/{rel}","templated":true}]}}