{"id":194,"date":"2023-06-14T19:02:55","date_gmt":"2023-06-14T19:02:55","guid":{"rendered":"https:\/\/gkkmarketing.com\/?page_id=194"},"modified":"2023-06-15T20:53:50","modified_gmt":"2023-06-15T20:53:50","slug":"why-us","status":"publish","type":"page","link":"https:\/\/gkkmarketing.com\/es\/why-us\/","title":{"rendered":"\u00bfPor qu\u00e9 nosotros?"},"content":{"rendered":"<div data-elementor-type=\"wp-page\" data-elementor-id=\"194\" class=\"elementor elementor-194\" data-elementor-post-type=\"page\">\n\t\t\t\t\t\t<section class=\"elementor-section elementor-top-section elementor-element elementor-element-7da149aa elementor-section-items-bottom elementor-section-content-bottom elementor-section-height-min-height elementor-section-boxed elementor-section-height-default elementor-invisible\" data-id=\"7da149aa\" data-element_type=\"section\" data-settings=\"{&quot;background_background&quot;:&quot;video&quot;,&quot;animation&quot;:&quot;fadeIn&quot;,&quot;background_play_on_mobile&quot;:&quot;yes&quot;,&quot;background_video_link&quot;:&quot;https:\\\/\\\/puzzlerbox.com\\\/templatekits-pro\\\/search-marketing-agency\\\/wp-content\\\/uploads\\\/sites\\\/5\\\/2021\\\/04\\\/expert-giving-lecture-for-creative-agency-staff-WVDX73P.mp4&quot;}\">\n\t\t\t\t\t\t\t\t<div class=\"elementor-background-video-container\" aria-hidden=\"true\">\n\t\t\t\t\t\t\t\t\t\t\t\t\t<video class=\"elementor-background-video-hosted\" autoplay muted playsinline loop><\/video>\n\t\t\t\t\t\t\t\t\t\t\t<\/div>\n\t\t\t\t\t\t\t\t\t<div class=\"elementor-background-overlay\"><\/div>\n\t\t\t\t\t\t\t<div class=\"elementor-container elementor-column-gap-default\">\n\t\t\t\t\t<div class=\"elementor-column elementor-col-50 elementor-top-column elementor-element elementor-element-501b6969\" data-id=\"501b6969\" data-element_type=\"column\">\n\t\t\t<div class=\"elementor-widget-wrap elementor-element-populated\">\n\t\t\t\t\t\t<div class=\"elementor-element elementor-element-54a3c970 elementor-headline--style-highlight elementor-widget elementor-widget-animated-headline\" data-id=\"54a3c970\" data-element_type=\"widget\" data-settings=\"{&quot;marker&quot;:&quot;underline_zigzag&quot;,&quot;highlighted_text&quot;:&quot;HG GKK?&quot;,&quot;headline_style&quot;:&quot;highlight&quot;,&quot;loop&quot;:&quot;yes&quot;,&quot;highlight_animation_duration&quot;:1200,&quot;highlight_iteration_delay&quot;:8000}\" data-widget_type=\"animated-headline.default\">\n\t\t\t\t<div class=\"elementor-widget-container\">\n\t\t\t\t\t\t\t<h2 class=\"elementor-headline\">\n\t\t\t\t\t<span class=\"elementor-headline-plain-text elementor-headline-text-wrapper\">Por qu\u00e9 elegir <\/span>\n\t\t\t\t<span class=\"elementor-headline-dynamic-wrapper elementor-headline-text-wrapper\">\n\t\t\t\t\t<span class=\"elementor-headline-dynamic-text elementor-headline-text-active\">HG GKK?<\/span>\n\t\t\t\t<\/span>\n\t\t\t\t<\/h2>\n\t\t\t\t\t\t<\/div>\n\t\t\t\t<\/div>\n\t\t\t\t\t<\/div>\n\t\t<\/div>\n\t\t\t\t<div class=\"elementor-column elementor-col-50 elementor-top-column elementor-element elementor-element-609d60ad\" data-id=\"609d60ad\" data-element_type=\"column\">\n\t\t\t<div class=\"elementor-widget-wrap\">\n\t\t\t\t\t\t\t<\/div>\n\t\t<\/div>\n\t\t\t\t\t<\/div>\n\t\t<\/section>\n\t\t\t\t<section class=\"elementor-section elementor-top-section elementor-element elementor-element-5062b6f5 elementor-section-boxed elementor-section-height-default elementor-section-height-default elementor-invisible\" data-id=\"5062b6f5\" data-element_type=\"section\" data-settings=\"{&quot;animation&quot;:&quot;fadeIn&quot;,&quot;animation_delay&quot;:300}\">\n\t\t\t\t\t\t<div class=\"elementor-container elementor-column-gap-default\">\n\t\t\t\t\t<div class=\"elementor-column elementor-col-50 elementor-top-column elementor-element elementor-element-63060b01\" data-id=\"63060b01\" data-element_type=\"column\">\n\t\t\t<div class=\"elementor-widget-wrap elementor-element-populated\">\n\t\t\t\t\t\t<div class=\"elementor-element elementor-element-77a37efa elementor-widget elementor-widget-text-editor\" data-id=\"77a37efa\" data-element_type=\"widget\" data-widget_type=\"text-editor.default\">\n\t\t\t\t<div class=\"elementor-widget-container\">\n\t\t\t\t\t\t\t\t\t<p>La empresa de marketing digital HK GKK ofrece una amplia gama de servicios. Adem\u00e1s de tratar con varios sectores al mismo tiempo, s\u00f3lo ofrecemos servicios personalizados y bien pensados que ayudar\u00e1n a su organizaci\u00f3n. Somos eficaces en poco tiempo y contamos con conocimientos y habilidades del sector que garantizar\u00e1n los resultados.<\/p><p>Conseguimos un \u00e9xito notable en el mercado asi\u00e1tico trabajando con diligencia y ofreciendo un servicio de atenci\u00f3n al cliente digno de confianza. Tambi\u00e9n notamos un aumento de la demanda de nuestros servicios fuera de China, a medida que incorpor\u00e1bamos clientes de Asia, Europa y otras partes del mundo.<\/p>\t\t\t\t\t\t\t\t<\/div>\n\t\t\t\t<\/div>\n\t\t\t\t\t<\/div>\n\t\t<\/div>\n\t\t\t\t<div class=\"elementor-column elementor-col-50 elementor-top-column elementor-element elementor-element-3190897f\" data-id=\"3190897f\" data-element_type=\"column\">\n\t\t\t<div class=\"elementor-widget-wrap elementor-element-populated\">\n\t\t\t\t\t\t<div class=\"elementor-element elementor-element-5eb88890 elementor-widget elementor-widget-image\" data-id=\"5eb88890\" data-element_type=\"widget\" data-widget_type=\"image.default\">\n\t\t\t\t<div class=\"elementor-widget-container\">\n\t\t\t\t\t\t\t\t\t\t\t\t\t\t\t<img fetchpriority=\"high\" decoding=\"async\" width=\"682\" height=\"1024\" src=\"https:\/\/gkkmarketing.com\/wp-content\/uploads\/2023\/06\/fashion-model-posing-in-front-of-photoflash-lamp-682x1024.jpg\" class=\"attachment-large size-large wp-image-364\" alt=\"Fashion model posing in front of photoflash lamp\" srcset=\"https:\/\/gkkmarketing.com\/wp-content\/uploads\/2023\/06\/fashion-model-posing-in-front-of-photoflash-lamp-682x1024.jpg 682w, https:\/\/gkkmarketing.com\/wp-content\/uploads\/2023\/06\/fashion-model-posing-in-front-of-photoflash-lamp-200x300.jpg 200w, https:\/\/gkkmarketing.com\/wp-content\/uploads\/2023\/06\/fashion-model-posing-in-front-of-photoflash-lamp-768x1152.jpg 768w, https:\/\/gkkmarketing.com\/wp-content\/uploads\/2023\/06\/fashion-model-posing-in-front-of-photoflash-lamp-1024x1536.jpg 1024w, https:\/\/gkkmarketing.com\/wp-content\/uploads\/2023\/06\/fashion-model-posing-in-front-of-photoflash-lamp-8x12.jpg 8w, https:\/\/gkkmarketing.com\/wp-content\/uploads\/2023\/06\/fashion-model-posing-in-front-of-photoflash-lamp.jpg 1333w\" sizes=\"(max-width: 682px) 100vw, 682px\" \/>\t\t\t\t\t\t\t\t\t\t\t\t\t\t\t<\/div>\n\t\t\t\t<\/div>\n\t\t\t\t\t<\/div>\n\t\t<\/div>\n\t\t\t\t\t<\/div>\n\t\t<\/section>\n\t\t\t\t<section class=\"elementor-section elementor-top-section elementor-element elementor-element-56281860 elementor-reverse-mobile elementor-section-boxed elementor-section-height-default elementor-section-height-default elementor-invisible\" data-id=\"56281860\" data-element_type=\"section\" data-settings=\"{&quot;animation&quot;:&quot;fadeIn&quot;,&quot;animation_delay&quot;:300}\">\n\t\t\t\t\t\t<div class=\"elementor-container elementor-column-gap-default\">\n\t\t\t\t\t<div class=\"elementor-column elementor-col-50 elementor-top-column elementor-element elementor-element-4436cbe0\" data-id=\"4436cbe0\" data-element_type=\"column\">\n\t\t\t<div class=\"elementor-widget-wrap elementor-element-populated\">\n\t\t\t\t\t\t<div class=\"elementor-element elementor-element-668eb849 elementor-widget elementor-widget-image\" data-id=\"668eb849\" data-element_type=\"widget\" data-widget_type=\"image.default\">\n\t\t\t\t<div class=\"elementor-widget-container\">\n\t\t\t\t\t\t\t\t\t\t\t\t\t\t\t<img decoding=\"async\" width=\"682\" height=\"1024\" src=\"https:\/\/gkkmarketing.com\/wp-content\/uploads\/2023\/06\/sme-entrepreneur-small-business-entrepreneurs-online-selling-ideas-happy-young-asian-business-682x1024.jpg\" class=\"attachment-large size-large wp-image-365\" alt=\"SME entrepreneur Small business entrepreneurs Online selling ideas, Happy Young Asian business\" srcset=\"https:\/\/gkkmarketing.com\/wp-content\/uploads\/2023\/06\/sme-entrepreneur-small-business-entrepreneurs-online-selling-ideas-happy-young-asian-business-682x1024.jpg 682w, https:\/\/gkkmarketing.com\/wp-content\/uploads\/2023\/06\/sme-entrepreneur-small-business-entrepreneurs-online-selling-ideas-happy-young-asian-business-200x300.jpg 200w, https:\/\/gkkmarketing.com\/wp-content\/uploads\/2023\/06\/sme-entrepreneur-small-business-entrepreneurs-online-selling-ideas-happy-young-asian-business-768x1152.jpg 768w, https:\/\/gkkmarketing.com\/wp-content\/uploads\/2023\/06\/sme-entrepreneur-small-business-entrepreneurs-online-selling-ideas-happy-young-asian-business-1024x1536.jpg 1024w, https:\/\/gkkmarketing.com\/wp-content\/uploads\/2023\/06\/sme-entrepreneur-small-business-entrepreneurs-online-selling-ideas-happy-young-asian-business-8x12.jpg 8w, https:\/\/gkkmarketing.com\/wp-content\/uploads\/2023\/06\/sme-entrepreneur-small-business-entrepreneurs-online-selling-ideas-happy-young-asian-business.jpg 1333w\" sizes=\"(max-width: 682px) 100vw, 682px\" \/>\t\t\t\t\t\t\t\t\t\t\t\t\t\t\t<\/div>\n\t\t\t\t<\/div>\n\t\t\t\t\t<\/div>\n\t\t<\/div>\n\t\t\t\t<div class=\"elementor-column elementor-col-50 elementor-top-column elementor-element elementor-element-25c5a2dd\" data-id=\"25c5a2dd\" data-element_type=\"column\">\n\t\t\t<div class=\"elementor-widget-wrap elementor-element-populated\">\n\t\t\t\t\t\t<div class=\"elementor-element elementor-element-5d44a6bf elementor-widget elementor-widget-text-editor\" data-id=\"5d44a6bf\" data-element_type=\"widget\" data-widget_type=\"text-editor.default\">\n\t\t\t\t<div class=\"elementor-widget-container\">\n\t\t\t\t\t\t\t\t\t<p>Contamos en nuestro equipo con dise\u00f1adores, desarrolladores y expertos en marketing galardonados, y sabemos lo que hace falta para obtener aut\u00e9nticos resultados en Internet. Seguimos dando la m\u00e1xima importancia a los indicadores clave de rendimiento (KPI), como los clientes potenciales y los ingresos obtenidos. Entendemos que alcanzar estos objetivos es lo que impulsa a las organizaciones hacia adelante, y consideramos que el \u00e9xito de nuestros clientes es el mejor indicador de nuestro propio rendimiento.<\/p><p>Nuestras pasiones son la web y ayudar a las empresas a alcanzar sus objetivos. Por eso, si eliges HK GKK como tu empresa de marketing digital, no recibir\u00e1s una estrategia prefabricada, sino un plan personalizado y adaptado a tu negocio, tus necesidades y tus objetivos.<\/p>\t\t\t\t\t\t\t\t<\/div>\n\t\t\t\t<\/div>\n\t\t\t\t\t<\/div>\n\t\t<\/div>\n\t\t\t\t\t<\/div>\n\t\t<\/section>\n\t\t\t\t<\/div>","protected":false},"excerpt":{"rendered":"<p>Why Go for HG GKK? The digital marketing company HK GKK provides a wide range of services. Along with dealing with several industries concurrently, we only offer thoughtful, customized services that will help your organization. We are effective in a short amount of time and have industry knowledge and skills that will ensure outcomes. We [&hellip;]<\/p>","protected":false},"author":4,"featured_media":0,"parent":0,"menu_order":0,"comment_status":"closed","ping_status":"closed","template":"elementor_header_footer","meta":{"footnotes":""},"class_list":["post-194","page","type-page","status-publish","hentry"],"_links":{"self":[{"href":"https:\/\/gkkmarketing.com\/es\/wp-json\/wp\/v2\/pages\/194","targetHints":{"allow":["GET"]}}],"collection":[{"href":"https:\/\/gkkmarketing.com\/es\/wp-json\/wp\/v2\/pages"}],"about":[{"href":"https:\/\/gkkmarketing.com\/es\/wp-json\/wp\/v2\/types\/page"}],"author":[{"embeddable":true,"href":"https:\/\/gkkmarketing.com\/es\/wp-json\/wp\/v2\/users\/4"}],"replies":[{"embeddable":true,"href":"https:\/\/gkkmarketing.com\/es\/wp-json\/wp\/v2\/comments?post=194"}],"version-history":[{"count":4,"href":"https:\/\/gkkmarketing.com\/es\/wp-json\/wp\/v2\/pages\/194\/revisions"}],"predecessor-version":[{"id":368,"href":"https:\/\/gkkmarketing.com\/es\/wp-json\/wp\/v2\/pages\/194\/revisions\/368"}],"wp:attachment":[{"href":"https:\/\/gkkmarketing.com\/es\/wp-json\/wp\/v2\/media?parent=194"}],"curies":[{"name":"wp","href":"https:\/\/api.w.org\/{rel}","templated":true}]}}