{"id":196,"date":"2023-06-14T19:03:30","date_gmt":"2023-06-14T19:03:30","guid":{"rendered":"https:\/\/gkkmarketing.com\/?page_id=196"},"modified":"2023-06-15T20:56:40","modified_gmt":"2023-06-15T20:56:40","slug":"our-purpose","status":"publish","type":"page","link":"https:\/\/gkkmarketing.com\/es\/our-purpose\/","title":{"rendered":"Nuestro prop\u00f3sito"},"content":{"rendered":"<div data-elementor-type=\"wp-page\" data-elementor-id=\"196\" class=\"elementor elementor-196\" data-elementor-post-type=\"page\">\n\t\t\t\t\t\t<section class=\"elementor-section elementor-top-section elementor-element elementor-element-7da149aa elementor-section-items-bottom elementor-section-content-bottom elementor-section-height-min-height elementor-section-boxed elementor-section-height-default elementor-invisible\" data-id=\"7da149aa\" data-element_type=\"section\" data-settings=\"{&quot;background_background&quot;:&quot;video&quot;,&quot;animation&quot;:&quot;fadeIn&quot;,&quot;background_play_on_mobile&quot;:&quot;yes&quot;,&quot;background_video_link&quot;:&quot;https:\\\/\\\/puzzlerbox.com\\\/templatekits-pro\\\/search-marketing-agency\\\/wp-content\\\/uploads\\\/sites\\\/5\\\/2021\\\/04\\\/expert-giving-lecture-for-creative-agency-staff-WVDX73P.mp4&quot;}\">\n\t\t\t\t\t\t\t\t<div class=\"elementor-background-video-container\" aria-hidden=\"true\">\n\t\t\t\t\t\t\t\t\t\t\t\t\t<video class=\"elementor-background-video-hosted\" autoplay muted playsinline loop><\/video>\n\t\t\t\t\t\t\t\t\t\t\t<\/div>\n\t\t\t\t\t\t\t\t\t<div class=\"elementor-background-overlay\"><\/div>\n\t\t\t\t\t\t\t<div class=\"elementor-container elementor-column-gap-default\">\n\t\t\t\t\t<div class=\"elementor-column elementor-col-50 elementor-top-column elementor-element elementor-element-501b6969\" data-id=\"501b6969\" data-element_type=\"column\">\n\t\t\t<div class=\"elementor-widget-wrap elementor-element-populated\">\n\t\t\t\t\t\t<div class=\"elementor-element elementor-element-54a3c970 elementor-headline--style-highlight elementor-widget elementor-widget-animated-headline\" data-id=\"54a3c970\" data-element_type=\"widget\" data-settings=\"{&quot;marker&quot;:&quot;underline_zigzag&quot;,&quot;highlighted_text&quot;:&quot;Purpose&quot;,&quot;headline_style&quot;:&quot;highlight&quot;,&quot;loop&quot;:&quot;yes&quot;,&quot;highlight_animation_duration&quot;:1200,&quot;highlight_iteration_delay&quot;:8000}\" data-widget_type=\"animated-headline.default\">\n\t\t\t\t<div class=\"elementor-widget-container\">\n\t\t\t\t\t\t\t<h2 class=\"elementor-headline\">\n\t\t\t\t\t<span class=\"elementor-headline-plain-text elementor-headline-text-wrapper\">Nuestros <\/span>\n\t\t\t\t<span class=\"elementor-headline-dynamic-wrapper elementor-headline-text-wrapper\">\n\t\t\t\t\t<span class=\"elementor-headline-dynamic-text elementor-headline-text-active\">Prop\u00f3sito<\/span>\n\t\t\t\t<\/span>\n\t\t\t\t<\/h2>\n\t\t\t\t\t\t<\/div>\n\t\t\t\t<\/div>\n\t\t\t\t\t<\/div>\n\t\t<\/div>\n\t\t\t\t<div class=\"elementor-column elementor-col-50 elementor-top-column elementor-element elementor-element-609d60ad\" data-id=\"609d60ad\" data-element_type=\"column\">\n\t\t\t<div class=\"elementor-widget-wrap\">\n\t\t\t\t\t\t\t<\/div>\n\t\t<\/div>\n\t\t\t\t\t<\/div>\n\t\t<\/section>\n\t\t\t\t<section class=\"elementor-section elementor-top-section elementor-element elementor-element-5062b6f5 elementor-section-boxed elementor-section-height-default elementor-section-height-default elementor-invisible\" data-id=\"5062b6f5\" data-element_type=\"section\" data-settings=\"{&quot;animation&quot;:&quot;fadeIn&quot;,&quot;animation_delay&quot;:300}\">\n\t\t\t\t\t\t<div class=\"elementor-container elementor-column-gap-default\">\n\t\t\t\t\t<div class=\"elementor-column elementor-col-50 elementor-top-column elementor-element elementor-element-63060b01\" data-id=\"63060b01\" data-element_type=\"column\">\n\t\t\t<div class=\"elementor-widget-wrap elementor-element-populated\">\n\t\t\t\t\t\t<div class=\"elementor-element elementor-element-77a37efa elementor-widget elementor-widget-text-editor\" data-id=\"77a37efa\" data-element_type=\"widget\" data-widget_type=\"text-editor.default\">\n\t\t\t\t<div class=\"elementor-widget-container\">\n\t\t\t\t\t\t\t\t\t<p>En HK GKK, nuestro prop\u00f3sito es sencillo: ayudar a empresarios y expertos en marketing a utilizar la tecnolog\u00eda e Internet para mejorar enormemente la eficacia de su marketing y el retorno de la inversi\u00f3n. En otras palabras, nos gusta ayudar a los clientes a contar historias incre\u00edbles y asistir a los creativos para que les compense dedicarse a lo que les apasiona.<\/p><p><strong>Nuestra visi\u00f3n<\/strong> - Aumenta tu potencial para alcanzar la grandeza.<\/p><p>Vemos un mundo en el que organizaciones como la suya se arriesgan, desaf\u00edan las convenciones y mejoran la vida de la gente corriente: su p\u00fablico. Colectivamente, todos cambiamos.<\/p><p><strong>Nuestra misi\u00f3n<\/strong> - D\u00e9 autoridad a su marca. Apod\u00e9rese de su zona.<\/p><p>Nuestro personal, nuestro entusiasmo y nuestros procedimientos le permitir\u00e1n innovar y ser pionero sin preocuparse por perder dinero. Derribe obst\u00e1culos y h\u00e1galo con confianza.<\/p>\t\t\t\t\t\t\t\t<\/div>\n\t\t\t\t<\/div>\n\t\t\t\t\t<\/div>\n\t\t<\/div>\n\t\t\t\t<div class=\"elementor-column elementor-col-50 elementor-top-column elementor-element elementor-element-3190897f\" data-id=\"3190897f\" data-element_type=\"column\">\n\t\t\t<div class=\"elementor-widget-wrap elementor-element-populated\">\n\t\t\t\t\t\t<div class=\"elementor-element elementor-element-5eb88890 elementor-widget elementor-widget-image\" data-id=\"5eb88890\" data-element_type=\"widget\" data-widget_type=\"image.default\">\n\t\t\t\t<div class=\"elementor-widget-container\">\n\t\t\t\t\t\t\t\t\t\t\t\t\t\t\t<img fetchpriority=\"high\" decoding=\"async\" width=\"682\" height=\"1024\" src=\"https:\/\/gkkmarketing.com\/wp-content\/uploads\/2023\/06\/confident-businessman-using-laptop-682x1024.jpg\" class=\"attachment-large size-large wp-image-370\" alt=\"Confident businessman using laptop\" srcset=\"https:\/\/gkkmarketing.com\/wp-content\/uploads\/2023\/06\/confident-businessman-using-laptop-682x1024.jpg 682w, https:\/\/gkkmarketing.com\/wp-content\/uploads\/2023\/06\/confident-businessman-using-laptop-200x300.jpg 200w, https:\/\/gkkmarketing.com\/wp-content\/uploads\/2023\/06\/confident-businessman-using-laptop-768x1152.jpg 768w, https:\/\/gkkmarketing.com\/wp-content\/uploads\/2023\/06\/confident-businessman-using-laptop-1024x1536.jpg 1024w, https:\/\/gkkmarketing.com\/wp-content\/uploads\/2023\/06\/confident-businessman-using-laptop-8x12.jpg 8w, https:\/\/gkkmarketing.com\/wp-content\/uploads\/2023\/06\/confident-businessman-using-laptop.jpg 1333w\" sizes=\"(max-width: 682px) 100vw, 682px\" \/>\t\t\t\t\t\t\t\t\t\t\t\t\t\t\t<\/div>\n\t\t\t\t<\/div>\n\t\t\t\t\t<\/div>\n\t\t<\/div>\n\t\t\t\t\t<\/div>\n\t\t<\/section>\n\t\t\t\t<\/div>","protected":false},"excerpt":{"rendered":"<p>Our Purpose At HK GKK, our purpose is straightforward: to help entrepreneurs and marketing experts use technology and the Internet to greatly improve their marketing effectiveness and return on investment. In other words, we like helping customers tell incredible stories and assisting creatives in being compensated to pursue their passions. Our Vision &#8211; Increase your [&hellip;]<\/p>","protected":false},"author":4,"featured_media":0,"parent":0,"menu_order":0,"comment_status":"closed","ping_status":"closed","template":"elementor_header_footer","meta":{"footnotes":""},"class_list":["post-196","page","type-page","status-publish","hentry"],"_links":{"self":[{"href":"https:\/\/gkkmarketing.com\/es\/wp-json\/wp\/v2\/pages\/196","targetHints":{"allow":["GET"]}}],"collection":[{"href":"https:\/\/gkkmarketing.com\/es\/wp-json\/wp\/v2\/pages"}],"about":[{"href":"https:\/\/gkkmarketing.com\/es\/wp-json\/wp\/v2\/types\/page"}],"author":[{"embeddable":true,"href":"https:\/\/gkkmarketing.com\/es\/wp-json\/wp\/v2\/users\/4"}],"replies":[{"embeddable":true,"href":"https:\/\/gkkmarketing.com\/es\/wp-json\/wp\/v2\/comments?post=196"}],"version-history":[{"count":4,"href":"https:\/\/gkkmarketing.com\/es\/wp-json\/wp\/v2\/pages\/196\/revisions"}],"predecessor-version":[{"id":373,"href":"https:\/\/gkkmarketing.com\/es\/wp-json\/wp\/v2\/pages\/196\/revisions\/373"}],"wp:attachment":[{"href":"https:\/\/gkkmarketing.com\/es\/wp-json\/wp\/v2\/media?parent=196"}],"curies":[{"name":"wp","href":"https:\/\/api.w.org\/{rel}","templated":true}]}}