{"id":198,"date":"2023-06-14T19:03:56","date_gmt":"2023-06-14T19:03:56","guid":{"rendered":"https:\/\/gkkmarketing.com\/?page_id=198"},"modified":"2023-06-15T21:04:14","modified_gmt":"2023-06-15T21:04:14","slug":"our-values","status":"publish","type":"page","link":"https:\/\/gkkmarketing.com\/es\/our-values\/","title":{"rendered":"Nuestros valores"},"content":{"rendered":"<div data-elementor-type=\"wp-page\" data-elementor-id=\"198\" class=\"elementor elementor-198\" data-elementor-post-type=\"page\">\n\t\t\t\t\t\t<section class=\"elementor-section elementor-top-section elementor-element elementor-element-7da149aa elementor-section-items-bottom elementor-section-content-bottom elementor-section-height-min-height elementor-section-boxed elementor-section-height-default elementor-invisible\" data-id=\"7da149aa\" data-element_type=\"section\" data-settings=\"{&quot;background_background&quot;:&quot;video&quot;,&quot;animation&quot;:&quot;fadeIn&quot;,&quot;background_play_on_mobile&quot;:&quot;yes&quot;,&quot;background_video_link&quot;:&quot;https:\\\/\\\/puzzlerbox.com\\\/templatekits-pro\\\/search-marketing-agency\\\/wp-content\\\/uploads\\\/sites\\\/5\\\/2021\\\/04\\\/expert-giving-lecture-for-creative-agency-staff-WVDX73P.mp4&quot;}\">\n\t\t\t\t\t\t\t\t<div class=\"elementor-background-video-container\" aria-hidden=\"true\">\n\t\t\t\t\t\t\t\t\t\t\t\t\t<video class=\"elementor-background-video-hosted\" autoplay muted playsinline loop><\/video>\n\t\t\t\t\t\t\t\t\t\t\t<\/div>\n\t\t\t\t\t\t\t\t\t<div class=\"elementor-background-overlay\"><\/div>\n\t\t\t\t\t\t\t<div class=\"elementor-container elementor-column-gap-default\">\n\t\t\t\t\t<div class=\"elementor-column elementor-col-50 elementor-top-column elementor-element elementor-element-501b6969\" data-id=\"501b6969\" data-element_type=\"column\">\n\t\t\t<div class=\"elementor-widget-wrap elementor-element-populated\">\n\t\t\t\t\t\t<div class=\"elementor-element elementor-element-54a3c970 elementor-headline--style-highlight elementor-widget elementor-widget-animated-headline\" data-id=\"54a3c970\" data-element_type=\"widget\" data-settings=\"{&quot;marker&quot;:&quot;underline_zigzag&quot;,&quot;highlighted_text&quot;:&quot;Values&quot;,&quot;headline_style&quot;:&quot;highlight&quot;,&quot;loop&quot;:&quot;yes&quot;,&quot;highlight_animation_duration&quot;:1200,&quot;highlight_iteration_delay&quot;:8000}\" data-widget_type=\"animated-headline.default\">\n\t\t\t\t<div class=\"elementor-widget-container\">\n\t\t\t\t\t\t\t<h2 class=\"elementor-headline\">\n\t\t\t\t\t<span class=\"elementor-headline-plain-text elementor-headline-text-wrapper\">Nuestros <\/span>\n\t\t\t\t<span class=\"elementor-headline-dynamic-wrapper elementor-headline-text-wrapper\">\n\t\t\t\t\t<span class=\"elementor-headline-dynamic-text elementor-headline-text-active\">Valores<\/span>\n\t\t\t\t<\/span>\n\t\t\t\t<\/h2>\n\t\t\t\t\t\t<\/div>\n\t\t\t\t<\/div>\n\t\t\t\t\t<\/div>\n\t\t<\/div>\n\t\t\t\t<div class=\"elementor-column elementor-col-50 elementor-top-column elementor-element elementor-element-609d60ad\" data-id=\"609d60ad\" data-element_type=\"column\">\n\t\t\t<div class=\"elementor-widget-wrap\">\n\t\t\t\t\t\t\t<\/div>\n\t\t<\/div>\n\t\t\t\t\t<\/div>\n\t\t<\/section>\n\t\t\t\t<section class=\"elementor-section elementor-top-section elementor-element elementor-element-5062b6f5 elementor-section-boxed elementor-section-height-default elementor-section-height-default elementor-invisible\" data-id=\"5062b6f5\" data-element_type=\"section\" data-settings=\"{&quot;animation&quot;:&quot;fadeIn&quot;,&quot;animation_delay&quot;:300}\">\n\t\t\t\t\t\t<div class=\"elementor-container elementor-column-gap-default\">\n\t\t\t\t\t<div class=\"elementor-column elementor-col-50 elementor-top-column elementor-element elementor-element-63060b01\" data-id=\"63060b01\" data-element_type=\"column\">\n\t\t\t<div class=\"elementor-widget-wrap elementor-element-populated\">\n\t\t\t\t\t\t<div class=\"elementor-element elementor-element-77a37efa elementor-widget elementor-widget-text-editor\" data-id=\"77a37efa\" data-element_type=\"widget\" data-widget_type=\"text-editor.default\">\n\t\t\t\t<div class=\"elementor-widget-container\">\n\t\t\t\t\t\t\t\t\t<p>A lo largo de los a\u00f1os, nos hemos mantenido fieles a los principios de los padres fundadores que han guiado nuestro \u00e9xito:<\/p><p><strong>Construir relaciones<\/strong><\/p><p>Damos prioridad a las personas. Nuestros esfuerzos se concentran en nuestros clientes, sus clientes y el barrio donde vivimos. Las transacciones comerciales no pueden ser morales y pr\u00f3speras sin conexiones s\u00f3lidas. Queremos ser el asesor de confianza de nuestros clientes en todas las empresas en l\u00ednea en las que trabajamos con ellos, no s\u00f3lo un proveedor externo en el que s\u00f3lo piensan cuando llega el momento de pagar las facturas. Podemos ofrecer un mejor nivel de servicio y actuar como un recurso valioso para su peque\u00f1a empresa a la hora de tomar decisiones sobre sus iniciativas en l\u00ednea, ya que somos su asesor de confianza.<\/p>\t\t\t\t\t\t\t\t<\/div>\n\t\t\t\t<\/div>\n\t\t\t\t\t<\/div>\n\t\t<\/div>\n\t\t\t\t<div class=\"elementor-column elementor-col-50 elementor-top-column elementor-element elementor-element-3190897f\" data-id=\"3190897f\" data-element_type=\"column\">\n\t\t\t<div class=\"elementor-widget-wrap elementor-element-populated\">\n\t\t\t\t\t\t<div class=\"elementor-element elementor-element-5eb88890 elementor-widget elementor-widget-image\" data-id=\"5eb88890\" data-element_type=\"widget\" data-widget_type=\"image.default\">\n\t\t\t\t<div class=\"elementor-widget-container\">\n\t\t\t\t\t\t\t\t\t\t\t\t\t\t\t<img fetchpriority=\"high\" decoding=\"async\" width=\"682\" height=\"1024\" src=\"https:\/\/gkkmarketing.com\/wp-content\/uploads\/2023\/06\/group-of-business-team-mate-work-together-682x1024.jpg\" class=\"attachment-large size-large wp-image-375\" alt=\"Group of business team mate work together\" srcset=\"https:\/\/gkkmarketing.com\/wp-content\/uploads\/2023\/06\/group-of-business-team-mate-work-together-682x1024.jpg 682w, https:\/\/gkkmarketing.com\/wp-content\/uploads\/2023\/06\/group-of-business-team-mate-work-together-200x300.jpg 200w, https:\/\/gkkmarketing.com\/wp-content\/uploads\/2023\/06\/group-of-business-team-mate-work-together-768x1152.jpg 768w, https:\/\/gkkmarketing.com\/wp-content\/uploads\/2023\/06\/group-of-business-team-mate-work-together-1024x1536.jpg 1024w, https:\/\/gkkmarketing.com\/wp-content\/uploads\/2023\/06\/group-of-business-team-mate-work-together-8x12.jpg 8w, https:\/\/gkkmarketing.com\/wp-content\/uploads\/2023\/06\/group-of-business-team-mate-work-together.jpg 1333w\" sizes=\"(max-width: 682px) 100vw, 682px\" \/>\t\t\t\t\t\t\t\t\t\t\t\t\t\t\t<\/div>\n\t\t\t\t<\/div>\n\t\t\t\t\t<\/div>\n\t\t<\/div>\n\t\t\t\t\t<\/div>\n\t\t<\/section>\n\t\t\t\t<section class=\"elementor-section elementor-top-section elementor-element elementor-element-56281860 elementor-reverse-mobile elementor-section-boxed elementor-section-height-default elementor-section-height-default elementor-invisible\" data-id=\"56281860\" data-element_type=\"section\" data-settings=\"{&quot;animation&quot;:&quot;fadeIn&quot;,&quot;animation_delay&quot;:300}\">\n\t\t\t\t\t\t<div class=\"elementor-container elementor-column-gap-default\">\n\t\t\t\t\t<div class=\"elementor-column elementor-col-50 elementor-top-column elementor-element elementor-element-4436cbe0\" data-id=\"4436cbe0\" data-element_type=\"column\">\n\t\t\t<div class=\"elementor-widget-wrap elementor-element-populated\">\n\t\t\t\t\t\t<div class=\"elementor-element elementor-element-668eb849 elementor-widget elementor-widget-image\" data-id=\"668eb849\" data-element_type=\"widget\" data-widget_type=\"image.default\">\n\t\t\t\t<div class=\"elementor-widget-container\">\n\t\t\t\t\t\t\t\t\t\t\t\t\t\t\t<img decoding=\"async\" width=\"682\" height=\"1024\" src=\"https:\/\/gkkmarketing.com\/wp-content\/uploads\/2023\/06\/portrait-of-asian-business-team-full-length-682x1024.jpg\" class=\"attachment-large size-large wp-image-376\" alt=\"Portrait of Asian Business Team Full Length\" srcset=\"https:\/\/gkkmarketing.com\/wp-content\/uploads\/2023\/06\/portrait-of-asian-business-team-full-length-682x1024.jpg 682w, https:\/\/gkkmarketing.com\/wp-content\/uploads\/2023\/06\/portrait-of-asian-business-team-full-length-200x300.jpg 200w, https:\/\/gkkmarketing.com\/wp-content\/uploads\/2023\/06\/portrait-of-asian-business-team-full-length-768x1152.jpg 768w, https:\/\/gkkmarketing.com\/wp-content\/uploads\/2023\/06\/portrait-of-asian-business-team-full-length-1024x1536.jpg 1024w, https:\/\/gkkmarketing.com\/wp-content\/uploads\/2023\/06\/portrait-of-asian-business-team-full-length-8x12.jpg 8w, https:\/\/gkkmarketing.com\/wp-content\/uploads\/2023\/06\/portrait-of-asian-business-team-full-length.jpg 1333w\" sizes=\"(max-width: 682px) 100vw, 682px\" \/>\t\t\t\t\t\t\t\t\t\t\t\t\t\t\t<\/div>\n\t\t\t\t<\/div>\n\t\t\t\t\t<\/div>\n\t\t<\/div>\n\t\t\t\t<div class=\"elementor-column elementor-col-50 elementor-top-column elementor-element elementor-element-25c5a2dd\" data-id=\"25c5a2dd\" data-element_type=\"column\">\n\t\t\t<div class=\"elementor-widget-wrap elementor-element-populated\">\n\t\t\t\t\t\t<div class=\"elementor-element elementor-element-5d44a6bf elementor-widget elementor-widget-text-editor\" data-id=\"5d44a6bf\" data-element_type=\"widget\" data-widget_type=\"text-editor.default\">\n\t\t\t\t<div class=\"elementor-widget-container\">\n\t\t\t\t\t\t\t\t\t<p><strong>Liderar con integridad<\/strong><\/p><p>Cuando se trata de aprender y utilizar las mejores y m\u00e1s morales estrategias online, SEO y de marketing, queremos ser los l\u00edderes del sector. No sacrificaremos la calidad para aumentar nuestros m\u00e1rgenes de beneficio ni comprometeremos nuestra \u00e9tica en aras de \"salir adelante\". Establecemos conexiones de confianza con nuestros clientes, por lo que no dudamos en aclarar cuando una sugerencia o un curso de acci\u00f3n sugerido no es lo mejor para ellos. Puede confiar en que siempre trabajaremos para obtener el mejor resultado a largo plazo para usted como cliente, con el fin de mantener los m\u00e1s altos est\u00e1ndares de honestidad y excelencia.<\/p>\t\t\t\t\t\t\t\t<\/div>\n\t\t\t\t<\/div>\n\t\t\t\t\t<\/div>\n\t\t<\/div>\n\t\t\t\t\t<\/div>\n\t\t<\/section>\n\t\t\t\t<section class=\"elementor-section elementor-top-section elementor-element elementor-element-0c5de88 elementor-section-boxed elementor-section-height-default elementor-section-height-default elementor-invisible\" data-id=\"0c5de88\" data-element_type=\"section\" data-settings=\"{&quot;animation&quot;:&quot;fadeIn&quot;,&quot;animation_delay&quot;:300}\">\n\t\t\t\t\t\t<div class=\"elementor-container elementor-column-gap-default\">\n\t\t\t\t\t<div class=\"elementor-column elementor-col-50 elementor-top-column elementor-element elementor-element-ee6117d\" data-id=\"ee6117d\" data-element_type=\"column\">\n\t\t\t<div class=\"elementor-widget-wrap elementor-element-populated\">\n\t\t\t\t\t\t<div class=\"elementor-element elementor-element-08bf7dd elementor-widget elementor-widget-text-editor\" data-id=\"08bf7dd\" data-element_type=\"widget\" data-widget_type=\"text-editor.default\">\n\t\t\t\t<div class=\"elementor-widget-container\">\n\t\t\t\t\t\t\t\t\t<p><strong>Practicar un estilo de vida de aprendizaje<\/strong><\/p><p>Creemos que la educaci\u00f3n nunca termina, y que un t\u00edtulo universitario no define el valor de las habilidades de una persona. En HK GKK, aprovechamos los seminarios de formaci\u00f3n profesional y los cursos universitarios de pago para mantener nuestros conocimientos al d\u00eda. Para asegurarnos de que estamos al d\u00eda de los avances m\u00e1s recientes en web, SEO y marketing, tambi\u00e9n tenemos la costumbre de leer, investigar y experimentar todos los d\u00edas. Con frecuencia modificamos nuestros propios m\u00e9todos de hacer las cosas para seguir aprendiendo y desarroll\u00e1ndonos porque creemos que un estilo de vida de aprendizaje impregna incluso nuestros propios conjuntos de herramientas y procesos internos. Para su peque\u00f1a empresa, podemos ofrecer el mejor producto de trabajo gracias a la investigaci\u00f3n, las tecnolog\u00edas y los procedimientos innovadores.<\/p>\t\t\t\t\t\t\t\t<\/div>\n\t\t\t\t<\/div>\n\t\t\t\t\t<\/div>\n\t\t<\/div>\n\t\t\t\t<div class=\"elementor-column elementor-col-50 elementor-top-column elementor-element elementor-element-7f957f3\" data-id=\"7f957f3\" data-element_type=\"column\">\n\t\t\t<div class=\"elementor-widget-wrap elementor-element-populated\">\n\t\t\t\t\t\t<div class=\"elementor-element elementor-element-6091582 elementor-widget elementor-widget-image\" data-id=\"6091582\" data-element_type=\"widget\" data-widget_type=\"image.default\">\n\t\t\t\t<div class=\"elementor-widget-container\">\n\t\t\t\t\t\t\t\t\t\t\t\t\t\t\t<img decoding=\"async\" width=\"684\" height=\"1024\" src=\"https:\/\/gkkmarketing.com\/wp-content\/uploads\/2023\/06\/young-happy-multiethnic-friends-taking-selfie-in-cafe-684x1024.jpg\" class=\"attachment-large size-large wp-image-377\" alt=\"Young happy multiethnic friends taking selfie in cafe\" srcset=\"https:\/\/gkkmarketing.com\/wp-content\/uploads\/2023\/06\/young-happy-multiethnic-friends-taking-selfie-in-cafe-684x1024.jpg 684w, https:\/\/gkkmarketing.com\/wp-content\/uploads\/2023\/06\/young-happy-multiethnic-friends-taking-selfie-in-cafe-200x300.jpg 200w, https:\/\/gkkmarketing.com\/wp-content\/uploads\/2023\/06\/young-happy-multiethnic-friends-taking-selfie-in-cafe-768x1151.jpg 768w, https:\/\/gkkmarketing.com\/wp-content\/uploads\/2023\/06\/young-happy-multiethnic-friends-taking-selfie-in-cafe-1025x1536.jpg 1025w, https:\/\/gkkmarketing.com\/wp-content\/uploads\/2023\/06\/young-happy-multiethnic-friends-taking-selfie-in-cafe-8x12.jpg 8w, https:\/\/gkkmarketing.com\/wp-content\/uploads\/2023\/06\/young-happy-multiethnic-friends-taking-selfie-in-cafe.jpg 1335w\" sizes=\"(max-width: 684px) 100vw, 684px\" \/>\t\t\t\t\t\t\t\t\t\t\t\t\t\t\t<\/div>\n\t\t\t\t<\/div>\n\t\t\t\t\t<\/div>\n\t\t<\/div>\n\t\t\t\t\t<\/div>\n\t\t<\/section>\n\t\t\t\t<\/div>","protected":false},"excerpt":{"rendered":"<p>Our Values Throughout the years, we have remained loyal to the founding fathers&#8217; principles that have guided our success: Building Relationships We prioritize people. Our efforts are concentrated on our clients, their clients, and the neighborhood where we live. Business transactions cannot be moral and prosperous without strong connections. We want to be our customers&#8217; [&hellip;]<\/p>","protected":false},"author":4,"featured_media":0,"parent":0,"menu_order":0,"comment_status":"closed","ping_status":"closed","template":"elementor_header_footer","meta":{"footnotes":""},"class_list":["post-198","page","type-page","status-publish","hentry"],"_links":{"self":[{"href":"https:\/\/gkkmarketing.com\/es\/wp-json\/wp\/v2\/pages\/198","targetHints":{"allow":["GET"]}}],"collection":[{"href":"https:\/\/gkkmarketing.com\/es\/wp-json\/wp\/v2\/pages"}],"about":[{"href":"https:\/\/gkkmarketing.com\/es\/wp-json\/wp\/v2\/types\/page"}],"author":[{"embeddable":true,"href":"https:\/\/gkkmarketing.com\/es\/wp-json\/wp\/v2\/users\/4"}],"replies":[{"embeddable":true,"href":"https:\/\/gkkmarketing.com\/es\/wp-json\/wp\/v2\/comments?post=198"}],"version-history":[{"count":4,"href":"https:\/\/gkkmarketing.com\/es\/wp-json\/wp\/v2\/pages\/198\/revisions"}],"predecessor-version":[{"id":380,"href":"https:\/\/gkkmarketing.com\/es\/wp-json\/wp\/v2\/pages\/198\/revisions\/380"}],"wp:attachment":[{"href":"https:\/\/gkkmarketing.com\/es\/wp-json\/wp\/v2\/media?parent=198"}],"curies":[{"name":"wp","href":"https:\/\/api.w.org\/{rel}","templated":true}]}}